{"id":1682,"date":"2020-09-23T23:14:21","date_gmt":"2020-09-23T23:14:21","guid":{"rendered":"https:\/\/itechwords.com\/?page_id=1682"},"modified":"2020-10-08T14:25:29","modified_gmt":"2020-10-08T14:25:29","slug":"revision","status":"publish","type":"page","link":"https:\/\/itechwords.com\/de\/sprachdienstleistungen\/revision\/","title":{"rendered":"Revision"},"content":{"rendered":"<p>Unsere muttersprachlichen Linguisten sorgen f\u00fcr die \u00dcberpr\u00fcfung und Korrektur der Texte, um das Endergebnis zu perfektionieren.<\/p>\n<p><!--more--><\/p>\n<p><strong>Brauchen Sie die Rechtschreib-, Grammatik- und Strukturkorrektur eines Textes?<br \/>\n<\/strong>Unsere muttersprachlichen Linguisten sorgen f\u00fcr die \u00dcberpr\u00fcfung und Korrektur der Texte, um das Endergebnis zu perfektionieren.<\/p>\n<hr \/>\n<h2>Unser Revisionsdienst beinhaltet:<\/h2>\n<ul>\n<li>Inhalt zur Ver\u00f6ffentlichung;<\/li>\n<li>Pr\u00fcfung von <a href=\"https:\/\/itechwords.com\/de\/sprachdienstleistungen\/uebersetzung\/\">\u00dcbersetzungen<\/a>;<\/li>\n<li>Textverbesserung;<\/li>\n<li>Muttersprachliche Linguisten;<\/li>\n<li>Einsatz von Instrumenten zur Qualit\u00e4tskontrolle.<\/li>\n<\/ul>\n","protected":false},"excerpt":{"rendered":"<p>Unsere muttersprachlichen Linguisten sorgen f\u00fcr die \u00dcberpr\u00fcfung und Korrektur der Texte, um das Endergebnis zu perfektionieren.<\/p>\n","protected":false},"author":1,"featured_media":0,"parent":1672,"menu_order":1,"comment_status":"closed","ping_status":"closed","template":"","meta":[],"tags":[110],"_links":{"self":[{"href":"https:\/\/itechwords.com\/de\/wp-json\/wp\/v2\/pages\/1682"}],"collection":[{"href":"https:\/\/itechwords.com\/de\/wp-json\/wp\/v2\/pages"}],"about":[{"href":"https:\/\/itechwords.com\/de\/wp-json\/wp\/v2\/types\/page"}],"author":[{"embeddable":true,"href":"https:\/\/itechwords.com\/de\/wp-json\/wp\/v2\/users\/1"}],"replies":[{"embeddable":true,"href":"https:\/\/itechwords.com\/de\/wp-json\/wp\/v2\/comments?post=1682"}],"version-history":[{"count":1,"href":"https:\/\/itechwords.com\/de\/wp-json\/wp\/v2\/pages\/1682\/revisions"}],"predecessor-version":[{"id":2067,"href":"https:\/\/itechwords.com\/de\/wp-json\/wp\/v2\/pages\/1682\/revisions\/2067"}],"up":[{"embeddable":true,"href":"https:\/\/itechwords.com\/de\/wp-json\/wp\/v2\/pages\/1672"}],"wp:attachment":[{"href":"https:\/\/itechwords.com\/de\/wp-json\/wp\/v2\/media?parent=1682"}],"wp:term":[{"taxonomy":"post_tag","embeddable":true,"href":"https:\/\/itechwords.com\/de\/wp-json\/wp\/v2\/tags?post=1682"}],"curies":[{"name":"wp","href":"https:\/\/api.w.org\/{rel}","templated":true}]}}