{"id":1688,"date":"2020-09-23T23:15:15","date_gmt":"2020-09-23T23:15:15","guid":{"rendered":"https:\/\/itechwords.com\/?page_id=1688"},"modified":"2020-09-24T01:55:51","modified_gmt":"2020-09-24T01:55:51","slug":"dolmetschen","status":"publish","type":"page","link":"https:\/\/itechwords.com\/de\/sprachdienstleistungen\/dolmetschen\/","title":{"rendered":"Dolmetschen"},"content":{"rendered":"<p>Erfahrene Fachleute f\u00fcr Konferenzen, Meetings oder gesch\u00e4ftliche Telefonate.<\/p>\n<p><!--more--><\/p>\n<p>Ob f\u00fcr eine <strong>Konferenz<\/strong>, eine <strong>Besprechung im Unternehmen<\/strong> oder ein <strong>gesch\u00e4ftliches Telefonat<\/strong>, wir stellen erfahrene Fachleute zur Verf\u00fcgung, um die Kommunikation zwischen den Parteien zu erm\u00f6glichen. Wir k\u00f6nnen auch die gesamte technische Ausr\u00fcstung f\u00fcr jede Art von Dolmetschen bei Veranstaltungen oder Konferenzen bereitstellen.<\/p>\n<hr \/>\n<h2>Highlights des Dolmetscherdienstes<\/h2>\n<ul>\n<li>Wir haben Erfahrung u.a. mit Konferenzen, Seminaren, Gesch\u00e4ftsveranstaltungen, Gesch\u00e4ftstreffen und Firmenbesuchen;<\/li>\n<li>Portfolio von erfahrenen Dolmetschern in mehreren Sprachen;<\/li>\n<li>Dolmetscher internationaler Organisationen wie der EU, UNO, NATO&#8230;;<\/li>\n<li>Betreuung mit technischer Ausr\u00fcstung.<\/li>\n<\/ul>\n","protected":false},"excerpt":{"rendered":"<p>Erfahrene Fachleute f\u00fcr Konferenzen, Meetings oder gesch\u00e4ftliche Telefonate.<\/p>\n","protected":false},"author":1,"featured_media":0,"parent":1672,"menu_order":2,"comment_status":"closed","ping_status":"closed","template":"","meta":[],"tags":[104],"_links":{"self":[{"href":"https:\/\/itechwords.com\/de\/wp-json\/wp\/v2\/pages\/1688"}],"collection":[{"href":"https:\/\/itechwords.com\/de\/wp-json\/wp\/v2\/pages"}],"about":[{"href":"https:\/\/itechwords.com\/de\/wp-json\/wp\/v2\/types\/page"}],"author":[{"embeddable":true,"href":"https:\/\/itechwords.com\/de\/wp-json\/wp\/v2\/users\/1"}],"replies":[{"embeddable":true,"href":"https:\/\/itechwords.com\/de\/wp-json\/wp\/v2\/comments?post=1688"}],"version-history":[{"count":0,"href":"https:\/\/itechwords.com\/de\/wp-json\/wp\/v2\/pages\/1688\/revisions"}],"up":[{"embeddable":true,"href":"https:\/\/itechwords.com\/de\/wp-json\/wp\/v2\/pages\/1672"}],"wp:attachment":[{"href":"https:\/\/itechwords.com\/de\/wp-json\/wp\/v2\/media?parent=1688"}],"wp:term":[{"taxonomy":"post_tag","embeddable":true,"href":"https:\/\/itechwords.com\/de\/wp-json\/wp\/v2\/tags?post=1688"}],"curies":[{"name":"wp","href":"https:\/\/api.w.org\/{rel}","templated":true}]}}