{"id":1691,"date":"2020-09-23T23:15:43","date_gmt":"2020-09-23T23:15:43","guid":{"rendered":"https:\/\/itechwords.com\/?page_id=1691"},"modified":"2020-09-24T02:04:58","modified_gmt":"2020-09-24T02:04:58","slug":"haeufige-fragen-dolmetschen","status":"publish","type":"page","link":"https:\/\/itechwords.com\/de\/sprachdienstleistungen\/dolmetschen\/haeufige-fragen-dolmetschen\/","title":{"rendered":"H\u00e4ufige Fragen zum Dolmetschen"},"content":{"rendered":"<h2>Was ist der Unterschied zwischen einem \u00dcbersetzungs- und einem Dolmetscherdienst?<\/h2>\n<p>Als Gegensatz zur <a href=\"https:\/\/itechwords.com\/de\/sprachdienstleistungen\/uebersetzung\/\">\u00dcbersetzung<\/a>, bei der schriftliche Dokumente von einer Sprache in eine andere \u00fcbersetzt werden, handelt es sich beim Dolmetschen um die <strong>m\u00fcndliche \u00dcbertragung von einer Sprache in die andere<\/strong>. Bei der Bestellung von <a href=\"https:\/\/itechwords.com\/de\/sprachdienstleistungen\/dolmetschen\/\">Dolmetscherdiensten<\/a> ist es wichtig, die Art der gew\u00fcnschten Dienstleistung zu identifizieren, da es verschiedene an verschiedene Situationen angepasste L\u00f6sungen gibt.<\/p>\n<h2>In welchen Situationen ben\u00f6tige ich einen Simultandolmetscher?<\/h2>\n<p><a href=\"https:\/\/itechwords.com\/de\/sprachdienstleistungen\/dolmetschen\/\">Simultandolmetscher<\/a>\u00a0werden allgemein bei <strong>gro\u00dfen Veranstaltungen wie Konferenzen und Seminaren<\/strong> ben\u00f6tigt, wo die fl\u00fcssige \u00dcbertragung der Mitteilung der Redner in verschiedene Sprachen mit Hilfe spezifischer technischer Ausr\u00fcstung und Bedingungen, wie schalldichte Kabinen f\u00fcr die Dolmetscher und individuelle Kopfh\u00f6rer f\u00fcr die Teilnehmer zum Einsatz kommen. Nur so ist eine Begleitung der Darstellungen ohne Unterbrechung f\u00fcr die simultane <a href=\"https:\/\/itechwords.com\/de\/sprachdienstleistungen\/uebersetzung\/\">\u00dcbersetzung<\/a> von einer Sprache in eine andere m\u00f6glich.<\/p>\n<h2>Was sind die technischen Voraussetzungen f\u00fcr Simultandolmetschen?<\/h2>\n<p>Bietet der Ort, an dem das <a href=\"https:\/\/itechwords.com\/de\/sprachdienstleistungen\/dolmetschen\/\">Simultandolmetschen<\/a> stattfinden soll, nicht die technischen Voraussetzungen daf\u00fcr, ist es notwendig, die Installation von <strong>schalldichten Kabinen f\u00fcr die Dolmetscher<\/strong> (eine f\u00fcr jede Sprachkombination) zu beauftragen und die f\u00fcr die Zuh\u00f6rer erforderliche Anzahl von Kopfh\u00f6rern bereitzustellen.<\/p>\n<h2>In welchen Situationen ben\u00f6tige ich einen Konsekutivdolmetscher?<\/h2>\n<p><a href=\"https:\/\/itechwords.com\/de\/sprachdienstleistungen\/dolmetschen\/\">Konsekutivdolmetschen<\/a> wird in der Regel bei <strong>Gesch\u00e4ftsbesprechungen, Pressekonferenzen und kleineren Veranstaltungen<\/strong>, oder wenn Ger\u00e4te nicht eingesetzt werden k\u00f6nnen, wie bei <strong>Auftr\u00e4gen vor Ort<\/strong>. In diesem Fall, setzt sich der Dolmetscher in den Saal oder auf die B\u00fchne neben den Redner und \u00fcbertr\u00e4gt den Redebeitrag abwechselnd zum Redner in die entsprechende Sprache. Der Dolmetscher notiert sich dabei gewisse Informationen und eine getreue Wiedergabe des Redebeitrags zu gew\u00e4hrleisten. Auch wenn diese L\u00f6sung eine Verz\u00f6gerung in der Kommunikation darstellt, ist sie oft praktischer, da sie keine technische Tonausr\u00fcstung erfordert.<\/p>\n<h2>In welchen Situationen ben\u00f6tige ich einen Fl\u00fcsterdolmetscher?<\/h2>\n<p><a href=\"https:\/\/itechwords.com\/de\/sprachdienstleistungen\/dolmetschen\/\">Fl\u00fcsterdolmetschen<\/a> eignet sich am besten, wenn nur eine Person die Begleitung einer Kommunikation in einer Fremdsprache ben\u00f6tigt. Das kommt h\u00e4ufig bei <strong>Gesch\u00e4ftsbesprechungen<\/strong> vor. Der Dolmetscher bleibt neben der Person, die eine \u00dcbersetzung braucht und \u00fcbertr\u00e4gt den Redebeitrag fl\u00fcsternd, so dass die Informationen in Echtzeit aufgenommen werden k\u00f6nnen. Diese Art des Dolmetschens sollte wegen ihrer Beanspruchung nur f\u00fcr kurze Zeitr\u00e4ume durchgef\u00fchrt werden.<\/p>\n<h2>In welchen Situationen ben\u00f6tige ich einen Begleitdolmetscher?<\/h2>\n<p>Bei einem <strong>Firmenbesuch, einer Produktvorstellung oder einem diplomatischen Besuch<\/strong>, sprechen wir von Begleitdolmetschen. Dabei f\u00f6rdert der Dolmetscher die Interaktion zwischen den Teilnehmern, \u00fcbertr\u00e4gt fl\u00fcssig die Kommunikation zwischen den zwei Sprachen und erm\u00f6glicht die Kl\u00e4rung oder Erkl\u00e4rung aller Fragen in Echtzeit.<br \/>\nDiese Art des <a href=\"https:\/\/itechwords.com\/de\/sprachdienstleistungen\/dolmetschen\/\">Dolmetschens<\/a> sollte wegen ihrer Beanspruchung nur f\u00fcr kurze Zeitr\u00e4ume durchgef\u00fchrt werden.<\/p>\n<h2>In welchen Situationen ben\u00f6tige ich einen Telefondolmetscher?<\/h2>\n<p>Manchmal kann die Distanz oder die Eile direkt mit Personen in anderen L\u00e4ndern mit anderen Sprachen direkt zu kommunizieren einen Telefondolmetscher erforderlich machen. Die Anwendung technologisch fortgeschrittener Mittel erm\u00f6glicht eine <strong>Verhandlung oder einen pers\u00f6nlicheren Kontakt<\/strong> bei dem sprachliche Barrieren und die Distanz leicht \u00fcberwunden werden und stellt eine \u00f6konomische L\u00f6sung dar, da dem Dolmetscher keine Fahrtkosten entstehen.<br \/>\nNach der Herstellung der Telefonverbindung kann der Dolmetscher den Gespr\u00e4chsteilnehmern die Informationen abwechselnd \u00fcbertragen und es kommt zu einer \u00e4hnlichen Situation wie bei einem konventionellen Telefonat.<\/p>\n<h2>Welche Informationen muss ich bei der Beantragung des Dolmetscherdienstes angeben?<\/h2>\n<p>Wie bei allen Sprachdienstleistungen ist die <strong>Angabe der gew\u00fcnschten Sprachpaare<\/strong> unumg\u00e4nglich f\u00fcr die Arbeit des <a href=\"https:\/\/itechwords.com\/de\/sprachdienstleistungen\/dolmetschen\/\">Dolmetschers<\/a>. Neben der Art des Dolmetschens m\u00fcssen Sie auch <strong>die Stadt, den Ort und das Datum<\/strong> angeben, an dem der Dolmetscherdienst erbracht werden soll. Aus technischen Gr\u00fcnden ist es wichtig, die <strong>Anzahl der Redner und Teilnehmer<\/strong> der Veranstaltung zu kennen.<br \/>\nWenn Sie \u00fcber Referenzmaterialien verf\u00fcgen, sollten diese zur Verf\u00fcgung gestellt werden, damit sie den Dolmetscherteams helfen k\u00f6nnen, ihre Arbeit bestm\u00f6glich vorzubereiten.<\/p>\n<h2>Welche weiteren Informationen muss ich bei dieser Dienstleistung beachten?<\/h2>\n<p>Denkt man an die k\u00f6rperliche und geistige Erm\u00fcdung durch die kontinuierliche Konzentration m\u00fcssen zum Zeitpunkt der Organisation der Dolmetscherteams verschiedene Parameter in Betracht gezogen werden, damit immer die beste L\u00f6sung auf der Grundlage der erhaltenen Informationen angeboten werden kann und die Qualit\u00e4t und Zufriedenheit aller Teilnehmer und Betroffenen bei diesem Vorgang gew\u00e4hrleistet wird. Es ist auch zu beachten, dass in den F\u00e4llen, in denen der Dolmetscherdienst die Reise und den Aufenthalt von Dolmetschern umfasst, diese Kosten in vollem Umfang von der Vertragspartei getragen werden.<\/p>\n","protected":false},"excerpt":{"rendered":"<p>Was ist der Unterschied zwischen einem \u00dcbersetzungs- und einem Dolmetscherdienst? Als Gegensatz zur \u00dcbersetzung, bei der schriftliche Dokumente von einer Sprache in eine andere \u00fcbersetzt werden, handelt es sich beim Dolmetschen um die m\u00fcndliche \u00dcbertragung von einer Sprache in die andere. Bei der Bestellung von Dolmetscherdiensten ist es wichtig, die Art der gew\u00fcnschten Dienstleistung zu [&hellip;]<\/p>\n","protected":false},"author":1,"featured_media":0,"parent":1688,"menu_order":0,"comment_status":"closed","ping_status":"closed","template":"page-templates\/accordion.php","meta":[],"tags":[104],"_links":{"self":[{"href":"https:\/\/itechwords.com\/de\/wp-json\/wp\/v2\/pages\/1691"}],"collection":[{"href":"https:\/\/itechwords.com\/de\/wp-json\/wp\/v2\/pages"}],"about":[{"href":"https:\/\/itechwords.com\/de\/wp-json\/wp\/v2\/types\/page"}],"author":[{"embeddable":true,"href":"https:\/\/itechwords.com\/de\/wp-json\/wp\/v2\/users\/1"}],"replies":[{"embeddable":true,"href":"https:\/\/itechwords.com\/de\/wp-json\/wp\/v2\/comments?post=1691"}],"version-history":[{"count":0,"href":"https:\/\/itechwords.com\/de\/wp-json\/wp\/v2\/pages\/1691\/revisions"}],"up":[{"embeddable":true,"href":"https:\/\/itechwords.com\/de\/wp-json\/wp\/v2\/pages\/1688"}],"wp:attachment":[{"href":"https:\/\/itechwords.com\/de\/wp-json\/wp\/v2\/media?parent=1691"}],"wp:term":[{"taxonomy":"post_tag","embeddable":true,"href":"https:\/\/itechwords.com\/de\/wp-json\/wp\/v2\/tags?post=1691"}],"curies":[{"name":"wp","href":"https:\/\/api.w.org\/{rel}","templated":true}]}}