{"id":1698,"date":"2020-09-23T23:16:55","date_gmt":"2020-09-23T23:16:55","guid":{"rendered":"https:\/\/itechwords.com\/?page_id=1698"},"modified":"2020-09-24T02:04:33","modified_gmt":"2020-09-24T02:04:33","slug":"haeufige-fragen-lokalisierung","status":"publish","type":"page","link":"https:\/\/itechwords.com\/de\/sprachdienstleistungen\/lokalisierung\/haeufige-fragen-lokalisierung\/","title":{"rendered":"H\u00e4ufige Fragen zur Lokalisierung"},"content":{"rendered":"<h2>Was ist der Unterschied zwischen \u00dcbersetzung und Lokalisierung?<\/h2>\n<p>Obwohl diese Dienste miteinander verbunden sind, konzentrieren sie sich auf verschiedene Aspekte und Materialien: <a href=\"https:\/\/itechwords.com\/de\/sprachdienstleistungen\/lokalisierung\/\">Lokalisierung<\/a> ist normalerweise ein Anpassungsvorgang an die Kultuir und an die <strong>\u00dcbersetzung von Software, Videospielen oder Webseiten<\/strong>, und auch <strong>Unterlagen f\u00fcr Audio\/Lokution, Video<\/strong> oder andere Multimediadateien.<\/p>\n<h2>Sollte der Standort auf bestimmte L\u00e4nder angewandt werden?<\/h2>\n<p>Lokalisierung <strong>kann in Regionen oder L\u00e4ndern zur Anwendung kommen, die die gleiche oder auch eine andere Sprache sprechen<\/strong>. Dies ist der Fall bei der portugiesischen Sprache, mit deutlichen sprachlichen Unterschieden sowohl in Bezug auf die Terminologie als auch auf den Stil des in Portugal, Brasilien oder den PALOPs gesprochenen Portugiesisch.\u00a0Diese Unterschiede bestehen jedoch auch bei anderen Sprachen, wie z.B. dem in Europa gesprochenen Spanisch und den vielen Varianten, die von den verschiedenen lateinamerikanischen L\u00e4ndern \u00fcbernommen wurden, sowie dem Englisch in Gro\u00dfbritannien und den USA.<\/p>\n<h2>Was wird bei der Lokalisierung ber\u00fccksichtigt?<\/h2>\n<p>Neben der <strong>Sprache<\/strong> m\u00fcssen auch <strong>kulturelle Normen und grafisches Material<\/strong> den Standards des jeweiligen Marktes entsprechen, um auf nat\u00fcrliche Weise und in einer Weise zu kommunizieren, die dem Zielpublikum, f\u00fcr das sie bestimmt sind oder erreicht werden sollen, angepasst ist.<\/p>\n<h2>Welche Vorteile hat eine Lokalisierung?<\/h2>\n<p>Die Nutzung einer geeigneten <a href=\"https:\/\/itechwords.com\/servicos-de-traducao\/localizacao\/\">Lokalisierung<\/a> garantiert die kulturelle Relevanz einer Marke und sorgt f\u00fcr eine schnellere <strong>Internationalisierung der Marke oder des Produkts<\/strong> und erh\u00f6ht die Wahrscheinlichkeit, Kunden in M\u00e4rkten mit anderen Kulturen zu gewinnen und zu halten.<\/p>\n","protected":false},"excerpt":{"rendered":"<p>Was ist der Unterschied zwischen \u00dcbersetzung und Lokalisierung? Obwohl diese Dienste miteinander verbunden sind, konzentrieren sie sich auf verschiedene Aspekte und Materialien: Lokalisierung ist normalerweise ein Anpassungsvorgang an die Kultuir und an die \u00dcbersetzung von Software, Videospielen oder Webseiten, und auch Unterlagen f\u00fcr Audio\/Lokution, Video oder andere Multimediadateien. Sollte der Standort auf bestimmte L\u00e4nder angewandt [&hellip;]<\/p>\n","protected":false},"author":1,"featured_media":0,"parent":1695,"menu_order":0,"comment_status":"closed","ping_status":"closed","template":"page-templates\/accordion.php","meta":[],"tags":[107],"_links":{"self":[{"href":"https:\/\/itechwords.com\/de\/wp-json\/wp\/v2\/pages\/1698"}],"collection":[{"href":"https:\/\/itechwords.com\/de\/wp-json\/wp\/v2\/pages"}],"about":[{"href":"https:\/\/itechwords.com\/de\/wp-json\/wp\/v2\/types\/page"}],"author":[{"embeddable":true,"href":"https:\/\/itechwords.com\/de\/wp-json\/wp\/v2\/users\/1"}],"replies":[{"embeddable":true,"href":"https:\/\/itechwords.com\/de\/wp-json\/wp\/v2\/comments?post=1698"}],"version-history":[{"count":0,"href":"https:\/\/itechwords.com\/de\/wp-json\/wp\/v2\/pages\/1698\/revisions"}],"up":[{"embeddable":true,"href":"https:\/\/itechwords.com\/de\/wp-json\/wp\/v2\/pages\/1695"}],"wp:attachment":[{"href":"https:\/\/itechwords.com\/de\/wp-json\/wp\/v2\/media?parent=1698"}],"wp:term":[{"taxonomy":"post_tag","embeddable":true,"href":"https:\/\/itechwords.com\/de\/wp-json\/wp\/v2\/tags?post=1698"}],"curies":[{"name":"wp","href":"https:\/\/api.w.org\/{rel}","templated":true}]}}