{"id":1704,"date":"2020-09-23T23:18:00","date_gmt":"2020-09-23T23:18:00","guid":{"rendered":"https:\/\/itechwords.com\/?page_id=1704"},"modified":"2020-09-24T02:09:56","modified_gmt":"2020-09-24T02:09:56","slug":"haeufige-fragen-transkreation","status":"publish","type":"page","link":"https:\/\/itechwords.com\/de\/sprachdienstleistungen\/transkreation\/haeufige-fragen-transkreation\/","title":{"rendered":"H\u00e4ufige Fragen zur Transkreation"},"content":{"rendered":"<h2>Was ist eine Transkreation?<\/h2>\n<p>Transkreation verbindet <a href=\"https:\/\/itechwords.com\/de\/sprachdienstleistungen\/uebersetzung\/\">\u00dcbersetzung<\/a> und Kreation und kommt immer \u00f6fter bei globalen Marketingaktionen und Werbekampagnen zur Anwendung. Sie dient dazu, ein bestehendes Konzept in einer Sprache zu \u00fcbernehmen und es, unter Ber\u00fccksichtigung verschiedener Faktoren wie Kultur, lokale Gewohnheiten, Ausdrucksformen, Humor und Kontext, in einer anderen Sprache neu zu erschaffen.<\/p>\n<h2>Was muss man bei einer Transkreation beachten?<\/h2>\n<p>Bei diesem Vorgang muss sichergestellt werden, dass sowohl der Text als auch die grafischen Inhalte <strong>die Traditionen, Werte und lokalen \u00dcberzeugungen der Kultur des jeweiligen Marktes respektieren<\/strong>, da die Ergebnisse sonst m\u00f6glicherweise v\u00f6llig kontr\u00e4r zu dem sind, was beabsichtigt ist.<\/p>\n<h2>Welche Fachleute erstellen eine Transkreation?<\/h2>\n<p>Der Einsatz von <strong>muttersprachlichen Linguisten und Textern<\/strong> ist unerl\u00e4sslich, um die Kenntnis aller Bereiche zu gew\u00e4hrleisten, die von dieser Arbeit abgedeckt werden, was eine recht umfassende Kenntnis des Markts, des Produkts oder der Dienstleistung und die Beherrschung der Erstellung von Inhalten sowie der im Zielmarkt gesprochenen Sprache voraussetzt.<\/p>\n<h2>Welche Elemente sind f\u00fcr die Transkreation notwendig?<\/h2>\n<p>Das Unternehmen oder die Marketing-Agentur muss die Art der Idee und des Ansatzes, die sie erreichen will, durch ein Briefing vermitteln, in dem alle Elemente genannt werden, die bei der Entwicklung der urspr\u00fcnglichen Kampagne zugrunde lagen, und in dem u. a. <strong>das Ziel, die Zielgruppe, die Altersgruppe und die Werbeunterlagen angegeben werden, die angewandt werden sollen<\/strong>.<\/p>\n<h2>Wie lange dauert eine Transkreation?<\/h2>\n<p>Da diese Aufgabe einen kreativen Vorgang umfasst, handelt es sich h\u00e4ufig um einen h\u00f6heren Zeitaufwand als f\u00fcr <a href=\"https:\/\/itechwords.com\/de\/sprachdienstleistungen\/uebersetzung\/\">\u00dcbersetzungen<\/a>, weshalb die Angabe von Fristen nicht einfach ist.<\/p>\n<h2>Wozu dient eine Transkreation?<\/h2>\n<p>Das absolute Ziel einer Transkreation ist es <strong>mit dem Konsumenten in seiner Muttersprache zu kommunizieren<\/strong> und dieselben Emotionen und Resultate auf den verschiedenen M\u00e4rkten hervorzurufen &#8211; etwas das eine simple <a href=\"https:\/\/itechwords.com\/de\/sprachdienstleistungen\/uebersetzung\/\">\u00dcbersetzung<\/a> nicht erreichen kann.<\/p>\n","protected":false},"excerpt":{"rendered":"<p>Was ist eine Transkreation? Transkreation verbindet \u00dcbersetzung und Kreation und kommt immer \u00f6fter bei globalen Marketingaktionen und Werbekampagnen zur Anwendung. Sie dient dazu, ein bestehendes Konzept in einer Sprache zu \u00fcbernehmen und es, unter Ber\u00fccksichtigung verschiedener Faktoren wie Kultur, lokale Gewohnheiten, Ausdrucksformen, Humor und Kontext, in einer anderen Sprache neu zu erschaffen. Was muss man [&hellip;]<\/p>\n","protected":false},"author":1,"featured_media":0,"parent":1701,"menu_order":0,"comment_status":"closed","ping_status":"closed","template":"page-templates\/accordion.php","meta":[],"tags":[114],"_links":{"self":[{"href":"https:\/\/itechwords.com\/de\/wp-json\/wp\/v2\/pages\/1704"}],"collection":[{"href":"https:\/\/itechwords.com\/de\/wp-json\/wp\/v2\/pages"}],"about":[{"href":"https:\/\/itechwords.com\/de\/wp-json\/wp\/v2\/types\/page"}],"author":[{"embeddable":true,"href":"https:\/\/itechwords.com\/de\/wp-json\/wp\/v2\/users\/1"}],"replies":[{"embeddable":true,"href":"https:\/\/itechwords.com\/de\/wp-json\/wp\/v2\/comments?post=1704"}],"version-history":[{"count":0,"href":"https:\/\/itechwords.com\/de\/wp-json\/wp\/v2\/pages\/1704\/revisions"}],"up":[{"embeddable":true,"href":"https:\/\/itechwords.com\/de\/wp-json\/wp\/v2\/pages\/1701"}],"wp:attachment":[{"href":"https:\/\/itechwords.com\/de\/wp-json\/wp\/v2\/media?parent=1704"}],"wp:term":[{"taxonomy":"post_tag","embeddable":true,"href":"https:\/\/itechwords.com\/de\/wp-json\/wp\/v2\/tags?post=1704"}],"curies":[{"name":"wp","href":"https:\/\/api.w.org\/{rel}","templated":true}]}}