{"id":1707,"date":"2020-09-23T23:18:49","date_gmt":"2020-09-23T23:18:49","guid":{"rendered":"https:\/\/itechwords.com\/?page_id=1707"},"modified":"2020-09-24T02:11:15","modified_gmt":"2020-09-24T02:11:15","slug":"untertitelung","status":"publish","type":"page","link":"https:\/\/itechwords.com\/de\/sprachdienstleistungen\/untertitelung\/","title":{"rendered":"Untertitelung"},"content":{"rendered":"<p>Untertitelung von Filmen und Dokumentarfilmen, institutionellen Videos, Webinaren, Vlogs und Tutorials.<\/p>\n<p><!--more--><\/p>\n<p><strong>Video ist in unserem t\u00e4glichen Leben zunehmend pr\u00e4sent, sei es durch soziale Netzwerke oder die YouTube-Plattform.<br \/>\n<\/strong>Die Untertitelung erm\u00f6glicht die Kommunikation Ihrer audiovisuellen Inhalte in jeder Situation und gew\u00e4hrleistet die \u00dcbertragung Ihrer Botschaft.<\/p>\n<hr \/>\n<h2>Unser Untertitelungsdienst<\/h2>\n<ul>\n<li>Untertitelung von Filmen und Dokumentarfilmen, institutionellen Videos, Webinaren, Vlogs und Tutorials unter anderem;<\/li>\n<li>Unterschiedliche Untertitelungsformate;<\/li>\n<li>Verschiedene Arten von Untertiteldateien;<\/li>\n<li>Integration von Untertiteln im professionellen Studio;<\/li>\n<li>Tools auf dem neuesten Stand der Technik.<\/li>\n<\/ul>\n<p>Seit 2017 sind wir f\u00fcr die Untertitelung des <strong>LxMFF &#8211; Lissabon Motorcycle Film Fests<\/strong> verantwortlich.<br \/>\nWir sind mit allen L\u00f6sungen der Untertitelung vertraut, wie Sie in der Fallstudie erfahren k\u00f6nnen, die Sie <a href=\"https:\/\/itechwords.com\/de\/ueber\/kunden\/lisbon-motorcycle-film-fest\/\">hier<\/a> einsehen k\u00f6nnen.<\/p>\n","protected":false},"excerpt":{"rendered":"<p>Untertitelung von Filmen und Dokumentarfilmen, institutionellen Videos, Webinaren, Vlogs und Tutorials.<\/p>\n","protected":false},"author":1,"featured_media":0,"parent":1672,"menu_order":5,"comment_status":"closed","ping_status":"closed","template":"","meta":[],"tags":[105],"_links":{"self":[{"href":"https:\/\/itechwords.com\/de\/wp-json\/wp\/v2\/pages\/1707"}],"collection":[{"href":"https:\/\/itechwords.com\/de\/wp-json\/wp\/v2\/pages"}],"about":[{"href":"https:\/\/itechwords.com\/de\/wp-json\/wp\/v2\/types\/page"}],"author":[{"embeddable":true,"href":"https:\/\/itechwords.com\/de\/wp-json\/wp\/v2\/users\/1"}],"replies":[{"embeddable":true,"href":"https:\/\/itechwords.com\/de\/wp-json\/wp\/v2\/comments?post=1707"}],"version-history":[{"count":0,"href":"https:\/\/itechwords.com\/de\/wp-json\/wp\/v2\/pages\/1707\/revisions"}],"up":[{"embeddable":true,"href":"https:\/\/itechwords.com\/de\/wp-json\/wp\/v2\/pages\/1672"}],"wp:attachment":[{"href":"https:\/\/itechwords.com\/de\/wp-json\/wp\/v2\/media?parent=1707"}],"wp:term":[{"taxonomy":"post_tag","embeddable":true,"href":"https:\/\/itechwords.com\/de\/wp-json\/wp\/v2\/tags?post=1707"}],"curies":[{"name":"wp","href":"https:\/\/api.w.org\/{rel}","templated":true}]}}