{"id":1710,"date":"2020-09-23T23:19:19","date_gmt":"2020-09-23T23:19:19","guid":{"rendered":"https:\/\/itechwords.com\/?page_id=1710"},"modified":"2020-09-24T02:15:03","modified_gmt":"2020-09-24T02:15:03","slug":"haeufige-fragen-untertitelung","status":"publish","type":"page","link":"https:\/\/itechwords.com\/de\/sprachdienstleistungen\/untertitelung\/haeufige-fragen-untertitelung\/","title":{"rendered":"H\u00e4ufige Fragen zur Untertitelung"},"content":{"rendered":"<h2>Warum sollte ich ein Video untertiteln?<\/h2>\n<p>Audiovisuelle Unterst\u00fctzung ist zunehmend in sozialen Netzwerken pr\u00e4sent und ist auch ein weit verbreitetes Format f\u00fcr Marketing und Werbung f\u00fcr Unternehmen oder Produkte. Wenn man bedenkt, dass <strong>auf der Facebook-Plattform 85% der Videos stumm betrachtet werden<\/strong>, kann man nur durch die <a href=\"https:\/\/itechwords.com\/de\/sprachdienstleistungen\/untertitelung\/\">Untertitelung<\/a> die gew\u00fcnschte Aufmerksamkeit erlangen.<\/p>\n<h2>Wie werden die untertitelten Filme geliefert?<\/h2>\n<p>In der Regel k\u00f6nnen wir die Filme, wie im Kino, <strong>mit fest im Video integrierten Untertiteln<\/strong> zur Verf\u00fcgung stellen, <strong>oder in einer separaten Datei<\/strong>, die ordnungsgem\u00e4\u00df mit dem Video synchronisiert ist.<\/p>\n<h2>Warum erscheint der Text der Untertitel immer unvollst\u00e4ndig?<\/h2>\n<p>Aufgrund ihres begrenzten Formats in Bezug auf die Vorf\u00fchrungszeit und die Anzahl der Charaktere <strong>nimmt<\/strong> die <strong><a href=\"https:\/\/itechwords.com\/de\/sprachdienstleistungen\/untertitelung\/\">Untertitelung<\/a><\/strong><strong> eine pr\u00e4gnantere und objektivere Sprache an<\/strong> und pr\u00e4sentiert die wichtigsten Ideen, anstatt alles, was im Film gesprochen oder beschrieben wird, w\u00f6rtlich zu transkribieren.<\/p>\n<h2>Gibt es mehrere Untertitelungsformate?<\/h2>\n<p>Da f\u00fcr die <a href=\"https:\/\/itechwords.com\/de\/sprachdienstleistungen\/untertitelung\/\">Untertitelung<\/a> spezifische Regeln und Verfahren gelten, k\u00f6nnen je nach Verwendungszweck unterschiedliche Untertitelungsformate &#8211; <strong>von der herk\u00f6mmlichen bis zur geschlossenen Untertitelung<\/strong> &#8211; f\u00fcr H\u00f6rgesch\u00e4digte verwendet werden.<\/p>\n<h2>Eignet sich ein untertitelter Film f\u00fcr alle Plattformen?<\/h2>\n<p>Es ist wichtig zu wissen, <strong>wo das Video ver\u00f6ffentlicht wird<\/strong>, denn die Regeln f\u00fcr die <a href=\"https:\/\/itechwords.com\/de\/sprachdienstleistungen\/untertitelung\/\">Untertitelung<\/a> eines Films sind nicht dieselben wie die einer Online-Plattform wie YouTube oder Vimeo, die ihre eigenen Untertitelungssysteme mit spezifischen Regeln verwenden.<\/p>\n<h2>Brauche ich ein Skript f\u00fcr die Untertitelung?<\/h2>\n<p>Es ist nicht unentbehrlich, <strong>erm\u00f6glicht aber eine erhebliche Verk\u00fcrzung<\/strong> der f\u00fcr die <strong><a href=\"https:\/\/itechwords.com\/de\/sprachdienstleistungen\/untertitelung\/\">Untertitelung<\/a><\/strong> ben\u00f6tigten Zeit und liefert eine Reihe von Informationen, die zu einer h\u00f6heren Geschwindigkeit und Endqualit\u00e4t des gesamten Prozesses beitragen werden.<\/p>\n","protected":false},"excerpt":{"rendered":"<p>Warum sollte ich ein Video untertiteln? Audiovisuelle Unterst\u00fctzung ist zunehmend in sozialen Netzwerken pr\u00e4sent und ist auch ein weit verbreitetes Format f\u00fcr Marketing und Werbung f\u00fcr Unternehmen oder Produkte. Wenn man bedenkt, dass auf der Facebook-Plattform 85% der Videos stumm betrachtet werden, kann man nur durch die Untertitelung die gew\u00fcnschte Aufmerksamkeit erlangen. Wie werden die [&hellip;]<\/p>\n","protected":false},"author":1,"featured_media":0,"parent":1707,"menu_order":0,"comment_status":"closed","ping_status":"closed","template":"page-templates\/accordion.php","meta":[],"tags":[105],"_links":{"self":[{"href":"https:\/\/itechwords.com\/de\/wp-json\/wp\/v2\/pages\/1710"}],"collection":[{"href":"https:\/\/itechwords.com\/de\/wp-json\/wp\/v2\/pages"}],"about":[{"href":"https:\/\/itechwords.com\/de\/wp-json\/wp\/v2\/types\/page"}],"author":[{"embeddable":true,"href":"https:\/\/itechwords.com\/de\/wp-json\/wp\/v2\/users\/1"}],"replies":[{"embeddable":true,"href":"https:\/\/itechwords.com\/de\/wp-json\/wp\/v2\/comments?post=1710"}],"version-history":[{"count":0,"href":"https:\/\/itechwords.com\/de\/wp-json\/wp\/v2\/pages\/1710\/revisions"}],"up":[{"embeddable":true,"href":"https:\/\/itechwords.com\/de\/wp-json\/wp\/v2\/pages\/1707"}],"wp:attachment":[{"href":"https:\/\/itechwords.com\/de\/wp-json\/wp\/v2\/media?parent=1710"}],"wp:term":[{"taxonomy":"post_tag","embeddable":true,"href":"https:\/\/itechwords.com\/de\/wp-json\/wp\/v2\/tags?post=1710"}],"curies":[{"name":"wp","href":"https:\/\/api.w.org\/{rel}","templated":true}]}}