{"id":1716,"date":"2020-09-23T23:20:21","date_gmt":"2020-09-23T23:20:21","guid":{"rendered":"https:\/\/itechwords.com\/?page_id=1716"},"modified":"2020-09-24T02:19:15","modified_gmt":"2020-09-24T02:19:15","slug":"haeufige-fragen-lokution-voiceover","status":"publish","type":"page","link":"https:\/\/itechwords.com\/de\/sprachdienstleistungen\/lokution-voiceover\/haeufige-fragen-lokution-voiceover\/","title":{"rendered":"H\u00e4ufige Fragen zur Lokution \/ Voiceover"},"content":{"rendered":"<h2>Woraus besteht die Lokution\/Voiceover?<\/h2>\n<p><a href=\"https:\/\/itechwords.com\/de\/sprachdienstleistungen\/lokution-voiceover\/\">Lokution\/Voiceover<\/a> ist der Vorgang des Erz\u00e4hlens von Situationen oder des Interpretierens von Texten, die ein Produkt oder Material in audiovisueller Unterst\u00fctzung begleiten. Es kann nicht nur an <strong>Werbe- und Marketinginhalte<\/strong> angepasst werden, sondern auch an <strong>Unternehmenspr\u00e4sentationen, Unternehmensvideos, Schulungen, Audioguides<\/strong> u.a.<\/p>\n<h2>Wo f\u00fchren Sie Projekte f\u00fcr Lokution\/Voiceover durch?<\/h2>\n<p>Nat\u00fcrlich kann diese L\u00f6sung nur in gut <strong>ausgestatteten professionellen Studios und mit erfahrenen Fachleuten<\/strong>, wie wir sie bei allen <a href=\"https:\/\/itechwords.com\/de\/sprachdienstleistungen\/lokution-voiceover\/\">Lokution-\/Voiceover<\/a> Projekten einsetzen, realisiert werden.<\/p>\n<h2>Welche Materialien ben\u00f6tigen Sie f\u00fcr die Durchf\u00fchrung von Lokution\/Voiceover?<\/h2>\n<p>Das <strong>Skript<\/strong> und der <strong>Tontr\u00e4ger<\/strong> sind von grundlegender Bedeutung, um diese Inhalte bestm\u00f6glich f\u00fcr eine andere Sprache vorzubereiten und anzupassen, wobei die Zeiten und Pausen der Reden respektiert werden m\u00fcssen.<\/p>\n<h2>Wer wird die Lokution\/Voiceover des neuen Materials \u00fcbernehmen?<\/h2>\n<p>Die neue <a href=\"https:\/\/itechwords.com\/de\/sprachdienstleistungen\/lokution-voiceover\/\">Lokution\/Voiceover<\/a> wird von einem professionellen Sprechtalent ausgef\u00fchrt. Wir verf\u00fcgen \u00fcber <strong>weibliche und m\u00e4nnliche Sprachtalente verschiedener Nationalit\u00e4ten<\/strong> und k\u00f6nnen auch auf die Stimmen <strong>nationaler Schauspieler<\/strong> zur\u00fcckgreifen und so das Endresultat der Lokution weiter bereichern.<\/p>\n<h2>Gibt es Einschr\u00e4nkungen f\u00fcr die Verwendung von Lokution\/Voiceover?<\/h2>\n<p>Unter Ber\u00fccksichtigung des mit dem Voiceover verbundenen Urheberrechts ist es notwendig zu wissen, in welcher Situation <a href=\"https:\/\/itechwords.com\/de\/sprachdienstleistungen\/lokution-voiceover\/\">Lokution\/Voiceover<\/a> verwendet wird, ob es f\u00fcr den <strong>internen Bereich<\/strong> eines Unternehmens oder f\u00fcr eine Werbekampagne, im Radio oder Fernsehen oder f\u00fcr die <strong>\u00f6ffentliche Nutzung<\/strong> vorgesehen ist.<\/p>\n","protected":false},"excerpt":{"rendered":"<p>Woraus besteht die Lokution\/Voiceover? Lokution\/Voiceover ist der Vorgang des Erz\u00e4hlens von Situationen oder des Interpretierens von Texten, die ein Produkt oder Material in audiovisueller Unterst\u00fctzung begleiten. Es kann nicht nur an Werbe- und Marketinginhalte angepasst werden, sondern auch an Unternehmenspr\u00e4sentationen, Unternehmensvideos, Schulungen, Audioguides u.a. Wo f\u00fchren Sie Projekte f\u00fcr Lokution\/Voiceover durch? Nat\u00fcrlich kann diese L\u00f6sung [&hellip;]<\/p>\n","protected":false},"author":1,"featured_media":0,"parent":1713,"menu_order":0,"comment_status":"closed","ping_status":"closed","template":"page-templates\/accordion.php","meta":[],"tags":[108],"_links":{"self":[{"href":"https:\/\/itechwords.com\/de\/wp-json\/wp\/v2\/pages\/1716"}],"collection":[{"href":"https:\/\/itechwords.com\/de\/wp-json\/wp\/v2\/pages"}],"about":[{"href":"https:\/\/itechwords.com\/de\/wp-json\/wp\/v2\/types\/page"}],"author":[{"embeddable":true,"href":"https:\/\/itechwords.com\/de\/wp-json\/wp\/v2\/users\/1"}],"replies":[{"embeddable":true,"href":"https:\/\/itechwords.com\/de\/wp-json\/wp\/v2\/comments?post=1716"}],"version-history":[{"count":0,"href":"https:\/\/itechwords.com\/de\/wp-json\/wp\/v2\/pages\/1716\/revisions"}],"up":[{"embeddable":true,"href":"https:\/\/itechwords.com\/de\/wp-json\/wp\/v2\/pages\/1713"}],"wp:attachment":[{"href":"https:\/\/itechwords.com\/de\/wp-json\/wp\/v2\/media?parent=1716"}],"wp:term":[{"taxonomy":"post_tag","embeddable":true,"href":"https:\/\/itechwords.com\/de\/wp-json\/wp\/v2\/tags?post=1716"}],"curies":[{"name":"wp","href":"https:\/\/api.w.org\/{rel}","templated":true}]}}