{"id":1725,"date":"2020-09-23T23:22:40","date_gmt":"2020-09-23T23:22:40","guid":{"rendered":"https:\/\/itechwords.com\/?page_id=1725"},"modified":"2020-09-24T02:24:30","modified_gmt":"2020-09-24T02:24:30","slug":"formatierung","status":"publish","type":"page","link":"https:\/\/itechwords.com\/de\/sprachdienstleistungen\/formatierung\/","title":{"rendered":"Formatierung"},"content":{"rendered":"<p>Zusammenstellung von Brosch\u00fcren, Pr\u00e4sentationen und Grafiken, mit Vorbereitung der endg\u00fcltigen Werke und Druckservice.<\/p>\n<p><!--more--><\/p>\n<p>Wollen Sie das <strong>graphische Arrangement eines Dokuments<\/strong> erstellen oder eine <strong>Pr\u00e4sentation zusammenstellen<\/strong>? Wir verf\u00fcgen \u00fcber die notwendigen Tools, um die Zusammenstellung Ihrer Dokumente oder den Druck in einer Druckerei vorzunehmen.<\/p>\n<hr \/>\n<h2>Anwendung des Formatierungsdienstes<\/h2>\n<ul>\n<li>Zusammenstellung von Brosch\u00fcren, Pr\u00e4sentationen, Erstellung von Grafiken;<\/li>\n<li>Vorbereitung f\u00fcr den Druck;<\/li>\n<li>Fertigstellung der Dokumente;<\/li>\n<li>Erfahrung u. a. mit Acrobat, InDesign, Photoshop, Illustrator, Dreamweaver und der Microsoft Office Suite.<\/li>\n<\/ul>\n","protected":false},"excerpt":{"rendered":"<p>Zusammenstellung von Brosch\u00fcren, Pr\u00e4sentationen und Grafiken, mit Vorbereitung der endg\u00fcltigen Werke und Druckservice.<\/p>\n","protected":false},"author":1,"featured_media":0,"parent":1672,"menu_order":8,"comment_status":"closed","ping_status":"closed","template":"","meta":[],"tags":[102],"_links":{"self":[{"href":"https:\/\/itechwords.com\/de\/wp-json\/wp\/v2\/pages\/1725"}],"collection":[{"href":"https:\/\/itechwords.com\/de\/wp-json\/wp\/v2\/pages"}],"about":[{"href":"https:\/\/itechwords.com\/de\/wp-json\/wp\/v2\/types\/page"}],"author":[{"embeddable":true,"href":"https:\/\/itechwords.com\/de\/wp-json\/wp\/v2\/users\/1"}],"replies":[{"embeddable":true,"href":"https:\/\/itechwords.com\/de\/wp-json\/wp\/v2\/comments?post=1725"}],"version-history":[{"count":0,"href":"https:\/\/itechwords.com\/de\/wp-json\/wp\/v2\/pages\/1725\/revisions"}],"up":[{"embeddable":true,"href":"https:\/\/itechwords.com\/de\/wp-json\/wp\/v2\/pages\/1672"}],"wp:attachment":[{"href":"https:\/\/itechwords.com\/de\/wp-json\/wp\/v2\/media?parent=1725"}],"wp:term":[{"taxonomy":"post_tag","embeddable":true,"href":"https:\/\/itechwords.com\/de\/wp-json\/wp\/v2\/tags?post=1725"}],"curies":[{"name":"wp","href":"https:\/\/api.w.org\/{rel}","templated":true}]}}