{"id":1728,"date":"2020-09-23T23:23:16","date_gmt":"2020-09-23T23:23:16","guid":{"rendered":"https:\/\/itechwords.com\/?page_id=1728"},"modified":"2020-09-24T02:25:39","modified_gmt":"2020-09-24T02:25:39","slug":"haeufige-fragen-formatierung","status":"publish","type":"page","link":"https:\/\/itechwords.com\/de\/sprachdienstleistungen\/formatierung\/haeufige-fragen-formatierung\/","title":{"rendered":"H\u00e4ufige Fragen zur Formatierung"},"content":{"rendered":"<h2>Was umfasst dieser Formatierungsdienst?<\/h2>\n<p>Von der einfachen <strong><a href=\"https:\/\/itechwords.com\/de\/sprachdienstleistungen\/formatierung\/\">Formatierung<\/a><\/strong> einer <strong>Pr\u00e4sentation f\u00fcr eine Firmenbesprechung<\/strong> bis hin zu einer <strong>grafischen Komposition<\/strong>, die die Struktur des Originaldokuments exakt wiedergibt, sowie der <strong>Vorbereitung einer Brosch\u00fcre oder eines Katalogs f\u00fcr den Druck<\/strong> im Digital- oder Offsetformat sollten Sie uns alle Informationen zur Verf\u00fcgung stellen, die f\u00fcr Ihr Endprodukt relevant sind.<\/p>\n<h2>Mit welcher Grafikdateierweiterung arbeiten Sie?<\/h2>\n<p>Geben Sie einfach an, welches Format der Dateierweiterung Sie w\u00fcnschen. Wir arbeiten mit <strong>den g\u00e4ngigsten Graphikformaten<\/strong>.<\/p>\n<h2>K\u00f6nnen Sie die Formatierung f\u00fcr den Druck vorbereiten?<\/h2>\n<p>Ja, Sie m\u00fcssen nur angeben <strong>welche Druckart und welche Dateierweiterung<\/strong> Sie an die Druckerei liefern m\u00f6chten.<\/p>\n<h2>F\u00fchren Sie den Formatierungs- und den Druckservice durch?<\/h2>\n<p>Wenn Sie sich f\u00fcr die Komplettl\u00f6sung entscheiden, bei der wir Ihnen das bereits gedruckte Endprodukt liefern, m\u00fcssen Sie nur <strong>Dimensionen, Papiersorte, das gew\u00fcnschte Finish sowie die Anzahl der gew\u00fcnschten Exemplare<\/strong> angeben.<\/p>\n<h2>Welches ist das beste Format f\u00fcr grafisches Material?<\/h2>\n<p>Wenn Sie nicht wissen, welche L\u00f6sung Sie in Ihrem Projekt am besten anwenden k\u00f6nnten, verf\u00fcgt unser Team \u00fcber <strong>die erforderliche Erfahrung und das Wissen<\/strong>, um Sie bei der L\u00f6sung zu beraten, die den von Ihnen angestrebten Ergebnissen am besten entspricht.<\/p>\n<h2>K\u00f6nnen Sie ein schl\u00fcsselfertiges Projekt anbieten?<\/h2>\n<p>Neben der Dienstleistung der <a href=\"https:\/\/itechwords.com\/de\/sprachdienstleistungen\/uebersetzung\/\">\u00dcbersetzung<\/a>, verf\u00fcgen wir \u00fcber Tools f\u00fcr <strong>die g\u00e4ngigsten Graphikdateien und Partnerschaften mit Graphikunternehmen<\/strong> die es uns erm\u00f6glichen, die beste Druckqualit\u00e4t in verschiedenen Formaten anzubieten.<\/p>\n","protected":false},"excerpt":{"rendered":"<p>Was umfasst dieser Formatierungsdienst? Von der einfachen Formatierung einer Pr\u00e4sentation f\u00fcr eine Firmenbesprechung bis hin zu einer grafischen Komposition, die die Struktur des Originaldokuments exakt wiedergibt, sowie der Vorbereitung einer Brosch\u00fcre oder eines Katalogs f\u00fcr den Druck im Digital- oder Offsetformat sollten Sie uns alle Informationen zur Verf\u00fcgung stellen, die f\u00fcr Ihr Endprodukt relevant sind. [&hellip;]<\/p>\n","protected":false},"author":1,"featured_media":0,"parent":1725,"menu_order":0,"comment_status":"closed","ping_status":"closed","template":"page-templates\/accordion.php","meta":[],"tags":[102],"_links":{"self":[{"href":"https:\/\/itechwords.com\/de\/wp-json\/wp\/v2\/pages\/1728"}],"collection":[{"href":"https:\/\/itechwords.com\/de\/wp-json\/wp\/v2\/pages"}],"about":[{"href":"https:\/\/itechwords.com\/de\/wp-json\/wp\/v2\/types\/page"}],"author":[{"embeddable":true,"href":"https:\/\/itechwords.com\/de\/wp-json\/wp\/v2\/users\/1"}],"replies":[{"embeddable":true,"href":"https:\/\/itechwords.com\/de\/wp-json\/wp\/v2\/comments?post=1728"}],"version-history":[{"count":0,"href":"https:\/\/itechwords.com\/de\/wp-json\/wp\/v2\/pages\/1728\/revisions"}],"up":[{"embeddable":true,"href":"https:\/\/itechwords.com\/de\/wp-json\/wp\/v2\/pages\/1725"}],"wp:attachment":[{"href":"https:\/\/itechwords.com\/de\/wp-json\/wp\/v2\/media?parent=1728"}],"wp:term":[{"taxonomy":"post_tag","embeddable":true,"href":"https:\/\/itechwords.com\/de\/wp-json\/wp\/v2\/tags?post=1728"}],"curies":[{"name":"wp","href":"https:\/\/api.w.org\/{rel}","templated":true}]}}