{"id":1736,"date":"2020-09-23T23:24:30","date_gmt":"2020-09-23T23:24:30","guid":{"rendered":"https:\/\/itechwords.com\/?page_id=1736"},"modified":"2020-09-24T02:31:14","modified_gmt":"2020-09-24T02:31:14","slug":"automobilbranche","status":"publish","type":"page","link":"https:\/\/itechwords.com\/de\/industriezweige\/automobilbranche\/","title":{"rendered":"Automobilbranche"},"content":{"rendered":"<p>Wir liefern Sofortl\u00f6sungen f\u00fcr H\u00f6chstleistungen der Automobilindustrie<br \/>\n<!--more--><\/p>\n<h2>Wir liefern Sofortl\u00f6sungen f\u00fcr H\u00f6chstleistungen der Automobilindustrie<\/h2>\n<p>Wir vibrieren immer dann, wenn wir das R\u00f6hren eines Motors sp\u00fcren, der in ein Fahrzeug mit zwei, vier oder mehr R\u00e4dern eingebaut ist. Wir k\u00f6nnen unser L\u00e4cheln nicht verbergen, wenn wir die sofortige Beschleunigung eines Elektrofahrzeugs sp\u00fcren. Wir teilen die gleiche Leidenschaft.<\/p>\n<hr \/>\n<h2>Wir arbeiten mit Marken:<\/h2>\n<p style=\"text-align: right;\"><a href=\"https:\/\/itechwords.com\/wp-content\/uploads\/itechwords_auto_EN.pdf\" target=\"_blank\" rel=\"noopener noreferrer\">Automobil-Brosch\u00fcre<\/a> <a href=\"https:\/\/itechwords.com\/wp-content\/uploads\/itechwords_moto_EN.pdf\" target=\"_blank\" rel=\"noopener noreferrer\">Motorrad-Brosch\u00fcre<\/a><\/p>\n<ul>\n<li>Kraftfahrzeuge<\/li>\n<li>Motorr\u00e4der<\/li>\n<li>LKW<\/li>\n<li>Industriefahrzeuge<\/li>\n<\/ul>\n<p>&nbsp;<\/p>\n<hr \/>\n<p>Unsere Dienstleistungen erm\u00f6glichen es uns, unsere Kunden in der Automobilindustrie in allen Projektphasen zu begleiten, indem wir sprachliche Inhalte in mehreren Sprachen zur Verf\u00fcgung stellen und Materialien in elektronischer oder gedruckter Form erstellen.<\/p>\n<h2>Unsere Dienstleistungen:<\/h2>\n<ul>\n<li>Muttersprachliche \u00dcbersetzer &#8211; Wir arbeiten nur mit spezialisierten muttersprachlichen <a href=\"https:\/\/itechwords.com\/de\/sprachdienstleistungen\/uebersetzung\/\">\u00dcbersetzern<\/a>.<\/li>\n<li>Erfahrung &#8211; Solide Kenntnisse \u00fcber verschiedenste Materialien aus der Industrie.<\/li>\n<li>Konformit\u00e4t &#8211; Strikte Anwendung von spezifischen Normen und Anforderungen f\u00fcr die Automobilindustrie.<\/li>\n<li>Rentabilit\u00e4t &#8211; Maximale Konsistenz und Rentabilit\u00e4t bei jedem Projekt.<\/li>\n<\/ul>\n","protected":false},"excerpt":{"rendered":"<p>Wir liefern Sofortl\u00f6sungen f\u00fcr H\u00f6chstleistungen der Automobilindustrie<\/p>\n","protected":false},"author":1,"featured_media":0,"parent":1732,"menu_order":0,"comment_status":"closed","ping_status":"closed","template":"","meta":[],"tags":[97],"_links":{"self":[{"href":"https:\/\/itechwords.com\/de\/wp-json\/wp\/v2\/pages\/1736"}],"collection":[{"href":"https:\/\/itechwords.com\/de\/wp-json\/wp\/v2\/pages"}],"about":[{"href":"https:\/\/itechwords.com\/de\/wp-json\/wp\/v2\/types\/page"}],"author":[{"embeddable":true,"href":"https:\/\/itechwords.com\/de\/wp-json\/wp\/v2\/users\/1"}],"replies":[{"embeddable":true,"href":"https:\/\/itechwords.com\/de\/wp-json\/wp\/v2\/comments?post=1736"}],"version-history":[{"count":0,"href":"https:\/\/itechwords.com\/de\/wp-json\/wp\/v2\/pages\/1736\/revisions"}],"up":[{"embeddable":true,"href":"https:\/\/itechwords.com\/de\/wp-json\/wp\/v2\/pages\/1732"}],"wp:attachment":[{"href":"https:\/\/itechwords.com\/de\/wp-json\/wp\/v2\/media?parent=1736"}],"wp:term":[{"taxonomy":"post_tag","embeddable":true,"href":"https:\/\/itechwords.com\/de\/wp-json\/wp\/v2\/tags?post=1736"}],"curies":[{"name":"wp","href":"https:\/\/api.w.org\/{rel}","templated":true}]}}