{"id":1740,"date":"2020-09-23T23:25:09","date_gmt":"2020-09-23T23:25:09","guid":{"rendered":"https:\/\/itechwords.com\/?page_id=1740"},"modified":"2020-09-24T02:50:47","modified_gmt":"2020-09-24T02:50:47","slug":"technologie","status":"publish","type":"page","link":"https:\/\/itechwords.com\/de\/industriezweige\/technologie\/","title":{"rendered":"Technologie"},"content":{"rendered":"<p>Modernste Sprachl\u00f6sungen f\u00fcr die verschiedensten technologischen Bereiche<br \/>\n<!--more--><\/p>\n<h2>Modernste Sprachl\u00f6sungen f\u00fcr die verschiedensten technologischen Bereiche<\/h2>\n<p>Die technologische Komponente, die uns t\u00e4glich begleitet, darf auf keinen Fall ignoriert werden.<br \/>\nDas Smartphone ist zu einem untrennbaren Begleiter geworden, der es uns erm\u00f6glicht, \u00fcber das Internet der Dinge zu kommunizieren, zu arbeiten, zu entspannen und sogar andere Ger\u00e4te zu steuern.<br \/>\nDiese technologische Einrichtung erm\u00f6glicht es uns, sehr schnell \u00fcberall hinzukommen, und jeder, der auf dem Markt keine guten Spuren hinterl\u00e4sst, wird in den Hintergrund gedr\u00e4ngt.<\/p>\n<hr \/>\n<h2>Wir haben Erfahrung im:<\/h2>\n<p style=\"text-align: right;\"><a href=\"https:\/\/itechwords.com\/wp-content\/uploads\/itechwords_tech_EN.pdf\" target=\"_blank\" rel=\"noopener noreferrer\">Brosch\u00fcre Technologie<\/a><\/p>\n<ul>\n<li>Elektronikhandel;<\/li>\n<li>Computer, Hardware und Software;<\/li>\n<li>Automation und Robotik;<\/li>\n<li>IT &#8211; Informationstechnologie;<\/li>\n<li>Videospiele und Applikationen;<\/li>\n<li>Manufaktur und Produktion;<\/li>\n<li>Telekommunikation, Netzwerke und Systeme;<\/li>\n<li>Haushaltsger\u00e4te;<\/li>\n<li>Medizinische Ausr\u00fcstungen;<\/li>\n<li>Patente<\/li>\n<\/ul>\n<hr \/>\n<h2>Zugang zum Technologiebereich:<\/h2>\n<ul>\n<li>Internationalisierung &#8211; F\u00e4higkeit, bei der Internationalisierung Ihres Unternehmens mitzuwirken.<\/li>\n<li>Hingabe &#8211; Projektmanager, die sich der Entwicklung von schl\u00fcsselfertigen Projekten widmen.<\/li>\n<li>Anpassung &#8211; Angemessene Ann\u00e4herung an die Kultur des jeweiligen Marktes und des Zielpublikums.<\/li>\n<li>L\u00f6sungen &#8211; Komplement\u00e4re Multimedia-L\u00f6sungen.<\/li>\n<\/ul>\n","protected":false},"excerpt":{"rendered":"<p>Modernste Sprachl\u00f6sungen f\u00fcr die verschiedensten technologischen Bereiche<\/p>\n","protected":false},"author":1,"featured_media":0,"parent":1732,"menu_order":1,"comment_status":"closed","ping_status":"closed","template":"","meta":[],"tags":[112],"_links":{"self":[{"href":"https:\/\/itechwords.com\/de\/wp-json\/wp\/v2\/pages\/1740"}],"collection":[{"href":"https:\/\/itechwords.com\/de\/wp-json\/wp\/v2\/pages"}],"about":[{"href":"https:\/\/itechwords.com\/de\/wp-json\/wp\/v2\/types\/page"}],"author":[{"embeddable":true,"href":"https:\/\/itechwords.com\/de\/wp-json\/wp\/v2\/users\/1"}],"replies":[{"embeddable":true,"href":"https:\/\/itechwords.com\/de\/wp-json\/wp\/v2\/comments?post=1740"}],"version-history":[{"count":0,"href":"https:\/\/itechwords.com\/de\/wp-json\/wp\/v2\/pages\/1740\/revisions"}],"up":[{"embeddable":true,"href":"https:\/\/itechwords.com\/de\/wp-json\/wp\/v2\/pages\/1732"}],"wp:attachment":[{"href":"https:\/\/itechwords.com\/de\/wp-json\/wp\/v2\/media?parent=1740"}],"wp:term":[{"taxonomy":"post_tag","embeddable":true,"href":"https:\/\/itechwords.com\/de\/wp-json\/wp\/v2\/tags?post=1740"}],"curies":[{"name":"wp","href":"https:\/\/api.w.org\/{rel}","templated":true}]}}