{"id":1743,"date":"2020-09-23T23:26:10","date_gmt":"2020-09-23T23:26:10","guid":{"rendered":"https:\/\/itechwords.com\/?page_id=1743"},"modified":"2020-09-24T03:00:13","modified_gmt":"2020-09-24T03:00:13","slug":"technik","status":"publish","type":"page","link":"https:\/\/itechwords.com\/de\/industriezweige\/technik\/","title":{"rendered":"Technik"},"content":{"rendered":"<p>Pr\u00e4zise Umwandlungsmethoden f\u00fcr Inhalte in verschiedenste Sprachen<br \/>\n<!--more--><\/p>\n<h2>Pr\u00e4zise Umwandlungsmethoden f\u00fcr Inhalte in verschiedenste Sprachen<\/h2>\n<p>Technik nimmt einen gro\u00dfen Teil der wichtigsten T\u00e4tigkeitsbereiche in der ganzen Welt ein.<br \/>\nIn allen diesen F\u00e4llen sind Konsequenz und Pr\u00e4zision unabdingbare Voraussetzungen f\u00fcr die Verwirklichung eines jeden Projekts.<\/p>\n<hr \/>\n<h2>Wir erbringen <a href=\"https:\/\/itechwords.com\/de\/sprachdienstleistungen\/\">Sprachdienstleistungen<\/a> f\u00fcr Kunden der folgenden Technikbereiche:<\/h2>\n<ul>\n<li>Elektronik und Robotik;<\/li>\n<li>Energetik und Elektrik;<\/li>\n<li>Bauingenieurwesen und Strukturen;<\/li>\n<li>Metallurgische und industrielle Mechanik;<\/li>\n<li>Luft- und Raumfahrt;<\/li>\n<li>Minen und Edelsteine;<\/li>\n<li>Erneuerbare Energien.<\/li>\n<\/ul>\n<hr \/>\n<h2>Unsere Dienstleistungen:<\/h2>\n<ul>\n<li>Modernste Software- Nutzung modernster Software f\u00fcr maximale Konsistenz und Genauigkeit.<\/li>\n<li>Flexibilit\u00e4t &#8211; Flexibilit\u00e4t als Reaktion auf die Anforderungen der einzelnen Projekte.<\/li>\n<li>Professionalismus &#8211; Einhaltung der branchenspezifischen technische Schreibnormen.<\/li>\n<li>Vertraulichkeit &#8211; Maximale Vertraulichkeit w\u00e4hrend des gesamten Vorgangs.<\/li>\n<\/ul>\n","protected":false},"excerpt":{"rendered":"<p>Pr\u00e4zise Umwandlungsmethoden f\u00fcr Inhalte in verschiedenste Sprachen<\/p>\n","protected":false},"author":1,"featured_media":0,"parent":1732,"menu_order":2,"comment_status":"closed","ping_status":"closed","template":"","meta":[],"tags":[101],"_links":{"self":[{"href":"https:\/\/itechwords.com\/de\/wp-json\/wp\/v2\/pages\/1743"}],"collection":[{"href":"https:\/\/itechwords.com\/de\/wp-json\/wp\/v2\/pages"}],"about":[{"href":"https:\/\/itechwords.com\/de\/wp-json\/wp\/v2\/types\/page"}],"author":[{"embeddable":true,"href":"https:\/\/itechwords.com\/de\/wp-json\/wp\/v2\/users\/1"}],"replies":[{"embeddable":true,"href":"https:\/\/itechwords.com\/de\/wp-json\/wp\/v2\/comments?post=1743"}],"version-history":[{"count":0,"href":"https:\/\/itechwords.com\/de\/wp-json\/wp\/v2\/pages\/1743\/revisions"}],"up":[{"embeddable":true,"href":"https:\/\/itechwords.com\/de\/wp-json\/wp\/v2\/pages\/1732"}],"wp:attachment":[{"href":"https:\/\/itechwords.com\/de\/wp-json\/wp\/v2\/media?parent=1743"}],"wp:term":[{"taxonomy":"post_tag","embeddable":true,"href":"https:\/\/itechwords.com\/de\/wp-json\/wp\/v2\/tags?post=1743"}],"curies":[{"name":"wp","href":"https:\/\/api.w.org\/{rel}","templated":true}]}}