{"id":1749,"date":"2020-09-23T23:27:09","date_gmt":"2020-09-23T23:27:09","guid":{"rendered":"https:\/\/itechwords.com\/?page_id=1749"},"modified":"2020-09-24T17:35:13","modified_gmt":"2020-09-24T17:35:13","slug":"sport","status":"publish","type":"page","link":"https:\/\/itechwords.com\/de\/industriezweige\/sport\/","title":{"rendered":"Sport"},"content":{"rendered":"<p>Geschulte Teams um h\u00f6chste Anforderungen zu meistern<br \/>\n<!--more--><\/p>\n<h2>Geschulte Teams um h\u00f6chste Anforderungen zu meistern<\/h2>\n<p>Das wachsende Interesse an Gesundheit und Wohlbefinden hat in der heutigen Gesellschaft zu einer zunehmenden sportlichen Aktivit\u00e4t gef\u00fchrt.<br \/>\nDie technologische Entwicklung tr\u00e4gt mit st\u00e4ndigen Innovationen bei Ausr\u00fcstung, Accessoires oder Sportbekleidung dazu bei.<br \/>\nDie Entwicklung dieser Materialien erm\u00f6glicht es, mehr Komfort, Sicherheit und Schutz zu bieten, indem erg\u00e4nzende Funktionalit\u00e4ten integriert werden.<\/p>\n<hr \/>\n<h2>Wir haben Erfahrung in Sprachdienstleistungen f\u00fcr Marken von:<\/h2>\n<ul>\n<li>Ausr\u00fcstung<\/li>\n<li>Zubeh\u00f6r<\/li>\n<li>Bekleidung<\/li>\n<\/ul>\n<hr \/>\n<h2>Unsere Dienstleistungen<\/h2>\n<ul>\n<li>Erfahrung &#8211; Erfahrung mit namhaften Sportmarken.<\/li>\n<li>Anpassung &#8211; Anpassung der Inhalte an verschiedene Plattformen.<\/li>\n<li>Spezialisierung &#8211; Spezialisierung in verschiedenen Sportbereichen.<\/li>\n<li>Trends &#8211; Beobachtung von Markttrends.<\/li>\n<\/ul>\n","protected":false},"excerpt":{"rendered":"<p>Geschulte Teams um h\u00f6chste Anforderungen zu meistern<\/p>\n","protected":false},"author":1,"featured_media":0,"parent":1732,"menu_order":4,"comment_status":"closed","ping_status":"closed","template":"","meta":[],"tags":[100],"_links":{"self":[{"href":"https:\/\/itechwords.com\/de\/wp-json\/wp\/v2\/pages\/1749"}],"collection":[{"href":"https:\/\/itechwords.com\/de\/wp-json\/wp\/v2\/pages"}],"about":[{"href":"https:\/\/itechwords.com\/de\/wp-json\/wp\/v2\/types\/page"}],"author":[{"embeddable":true,"href":"https:\/\/itechwords.com\/de\/wp-json\/wp\/v2\/users\/1"}],"replies":[{"embeddable":true,"href":"https:\/\/itechwords.com\/de\/wp-json\/wp\/v2\/comments?post=1749"}],"version-history":[{"count":0,"href":"https:\/\/itechwords.com\/de\/wp-json\/wp\/v2\/pages\/1749\/revisions"}],"up":[{"embeddable":true,"href":"https:\/\/itechwords.com\/de\/wp-json\/wp\/v2\/pages\/1732"}],"wp:attachment":[{"href":"https:\/\/itechwords.com\/de\/wp-json\/wp\/v2\/media?parent=1749"}],"wp:term":[{"taxonomy":"post_tag","embeddable":true,"href":"https:\/\/itechwords.com\/de\/wp-json\/wp\/v2\/tags?post=1749"}],"curies":[{"name":"wp","href":"https:\/\/api.w.org\/{rel}","templated":true}]}}