{"id":1752,"date":"2020-09-23T23:27:38","date_gmt":"2020-09-23T23:27:38","guid":{"rendered":"https:\/\/itechwords.com\/?page_id=1752"},"modified":"2020-09-24T17:42:57","modified_gmt":"2020-09-24T17:42:57","slug":"ueber","status":"publish","type":"page","link":"https:\/\/itechwords.com\/de\/ueber\/","title":{"rendered":"\u00dcber"},"content":{"rendered":"<h2>Wir helfen Unternehmen die globalen Kommunikationsbarrieren zu \u00fcberwinden.<\/h2>\n<p><strong>itechwords<\/strong> bietet mehrsprachige Dienste der <a href=\"https:\/\/itechwords.com\/de\/sprachdienstleistungen\/uebersetzung\/\">technischen \u00dcbersetzung<\/a>, <a href=\"https:\/\/itechwords.com\/de\/sprachdienstleistungen\/lokalisierung\/\">Lokalisierung<\/a> von Webseiten, Software und Applikationen, <a href=\"https:\/\/itechwords.com\/de\/sprachdienstleistungen\/dolmetschen\/\">Dolmetscherdienste<\/a>, <a href=\"https:\/\/itechwords.com\/de\/sprachdienstleistungen\/transkription\/\">Transkription<\/a> und <a href=\"https:\/\/itechwords.com\/de\/sprachdienstleistungen\/formatierung\/\">Formatierung<\/a>, sowie <a href=\"https:\/\/itechwords.com\/de\/sprachdienstleistungen\/transkreation\/\">Transkreation<\/a> und Multimedial\u00f6sungen, wie <a href=\"https:\/\/itechwords.com\/de\/sprachdienstleistungen\/untertitelung\/\">Untertitelung<\/a> und <a href=\"https:\/\/itechwords.com\/de\/sprachdienstleistungen\/lokution-voiceover\/\">Lokution\/Voiceover<\/a>.<\/p>\n<hr \/>\n<h3>Innovation<\/h3>\n<p>Wir begeistern uns f\u00fcr elektronische Ger\u00e4te, <a href=\"https:\/\/itechwords.com\/de\/industriezweige\/technik\/\">Maschinen und Mechanismen<\/a>, wir vibrieren mit den L\u00f6sungen der <a href=\"https:\/\/itechwords.com\/de\/industriezweige\/automobilbranche\/\">Automobilindustrie<\/a> &#8211; ob bei Lastwagen, Autos oder Motorr\u00e4dern &#8211; wir stellen uns den Herausforderungen der <a href=\"https:\/\/itechwords.com\/de\/sprachdienstleistungen\/lokalisierung\/\">Lokalisierung eines Videospiels<\/a> mit der gleichen Begeisterung wie diejenigen, die ins n\u00e4chste Niveau kommen. Bei diesem Profil ist es unvermeidlich, dass unsere Spezialisierungen auf den verschiedensten Sektoren des technischen Bereichs basieren.<\/p>\n<hr \/>\n<h3>Spezialisierung<\/h3>\n<p>Im Laufe der Jahre haben wir die technologischen Entwicklungen im Alltag verfolgt, und verfolgen ihre Entwicklung weiterhin jeden Tag in enger Beziehung zu unseren <a href=\"https:\/\/itechwords.com\/de\/ueber\/kunden\/\">Kunden<\/a>, die Marktf\u00fchrer in Innovation sind.<br \/>\nUnser Team antwortet auf die uns gestellten Herausforderungen mit flexiblen L\u00f6sungen, die den Anforderungen jedes einzelnen Projekts angemessen sind.<\/p>\n<hr \/>\n<h3>Gewissenhaftigkeit<\/h3>\n<p>Wir arbeiten immer mit spezialisierten Muttersprachlern und k\u00f6nnen so eine nat\u00fcrliche mehrsprachige Kommunikation anbieten, die sich am besten f\u00fcr das Zielpublikum eignet.<br \/>\nDie rigorose Qualit\u00e4tskontrolle unserer \u00dcbersetzungen, Lokalisierungen, Dolmetscher- und Multimedia-Dienstleistungen stehen f\u00fcr das Vertrauen in unsere Leistungen vonseiten gro\u00dfer und mittelst\u00e4ndischer Technologieunternehmen.<\/p>\n<p>Wir stehen Ihnen beim Aufbau der Zukunft Ihres Unternehmens bei.<br \/>\n<strong>Bei itechwords \u00fcbersetzen wir Ihre Zukunft.<\/strong><\/p>\n","protected":false},"excerpt":{"rendered":"<p>Wir helfen Unternehmen die globalen Kommunikationsbarrieren zu \u00fcberwinden. itechwords bietet mehrsprachige Dienste der technischen \u00dcbersetzung, Lokalisierung von Webseiten, Software und Applikationen, Dolmetscherdienste, Transkription und Formatierung, sowie Transkreation und Multimedial\u00f6sungen, wie Untertitelung und Lokution\/Voiceover. Innovation Wir begeistern uns f\u00fcr elektronische Ger\u00e4te, Maschinen und Mechanismen, wir vibrieren mit den L\u00f6sungen der Automobilindustrie &#8211; ob bei Lastwagen, Autos [&hellip;]<\/p>\n","protected":false},"author":1,"featured_media":0,"parent":0,"menu_order":3,"comment_status":"closed","ping_status":"closed","template":"","meta":[],"tags":[],"_links":{"self":[{"href":"https:\/\/itechwords.com\/de\/wp-json\/wp\/v2\/pages\/1752"}],"collection":[{"href":"https:\/\/itechwords.com\/de\/wp-json\/wp\/v2\/pages"}],"about":[{"href":"https:\/\/itechwords.com\/de\/wp-json\/wp\/v2\/types\/page"}],"author":[{"embeddable":true,"href":"https:\/\/itechwords.com\/de\/wp-json\/wp\/v2\/users\/1"}],"replies":[{"embeddable":true,"href":"https:\/\/itechwords.com\/de\/wp-json\/wp\/v2\/comments?post=1752"}],"version-history":[{"count":0,"href":"https:\/\/itechwords.com\/de\/wp-json\/wp\/v2\/pages\/1752\/revisions"}],"wp:attachment":[{"href":"https:\/\/itechwords.com\/de\/wp-json\/wp\/v2\/media?parent=1752"}],"wp:term":[{"taxonomy":"post_tag","embeddable":true,"href":"https:\/\/itechwords.com\/de\/wp-json\/wp\/v2\/tags?post=1752"}],"curies":[{"name":"wp","href":"https:\/\/api.w.org\/{rel}","templated":true}]}}