{"id":1755,"date":"2020-09-23T23:28:06","date_gmt":"2020-09-23T23:28:06","guid":{"rendered":"https:\/\/itechwords.com\/?page_id=1755"},"modified":"2020-09-24T17:49:20","modified_gmt":"2020-09-24T17:49:20","slug":"biographie","status":"publish","type":"page","link":"https:\/\/itechwords.com\/de\/ueber\/biographie\/","title":{"rendered":"Biographie"},"content":{"rendered":"<blockquote><p>Als Kind war ich immer sehr neugierig darauf zu verstehen, was Anderssprachige in ihrer f\u00fcr mich damals seltsamen Sprache sagen.<br \/>\nIch wollte auch immer Ingenieur werden und Motoren bauen, aber schlie\u00dflich haben die Sprachen gewonnen.<\/p><\/blockquote>\n<p><strong>Paulo Concei\u00e7\u00e3o<\/strong><br \/>\nGr\u00fcnder und CEO<\/p>\n<hr \/>\n<p>Mit einem Studienabschluss in <a href=\"https:\/\/itechwords.com\/de\/sprachdienstleistungen\/uebersetzung\/\">\u00dcbersetzung<\/a> und Spezialisierung im Bereich Technik hat er in diesem Bereich \u00fcber die mehr als 20 Jahre Berufserfahrung verschiedenste Positionen bekleidet. Er ist ein gro\u00dfer Fan von Mechanik und Technologie und er liebt es sich von den konstanten Innovationen herausfordern zu lassen.<\/p>\n","protected":false},"excerpt":{"rendered":"<p>Als Kind war ich immer sehr neugierig darauf zu verstehen, was Anderssprachige in ihrer f\u00fcr mich damals seltsamen Sprache sagen. Ich wollte auch immer Ingenieur werden und Motoren bauen, aber schlie\u00dflich haben die Sprachen gewonnen. Paulo Concei\u00e7\u00e3o Gr\u00fcnder und CEO Mit einem Studienabschluss in \u00dcbersetzung und Spezialisierung im Bereich Technik hat er in diesem Bereich [&hellip;]<\/p>\n","protected":false},"author":1,"featured_media":322,"parent":1752,"menu_order":0,"comment_status":"closed","ping_status":"closed","template":"","meta":[],"tags":[],"_links":{"self":[{"href":"https:\/\/itechwords.com\/de\/wp-json\/wp\/v2\/pages\/1755"}],"collection":[{"href":"https:\/\/itechwords.com\/de\/wp-json\/wp\/v2\/pages"}],"about":[{"href":"https:\/\/itechwords.com\/de\/wp-json\/wp\/v2\/types\/page"}],"author":[{"embeddable":true,"href":"https:\/\/itechwords.com\/de\/wp-json\/wp\/v2\/users\/1"}],"replies":[{"embeddable":true,"href":"https:\/\/itechwords.com\/de\/wp-json\/wp\/v2\/comments?post=1755"}],"version-history":[{"count":0,"href":"https:\/\/itechwords.com\/de\/wp-json\/wp\/v2\/pages\/1755\/revisions"}],"up":[{"embeddable":true,"href":"https:\/\/itechwords.com\/de\/wp-json\/wp\/v2\/pages\/1752"}],"wp:featuredmedia":[{"embeddable":true,"href":"https:\/\/itechwords.com\/de\/wp-json\/wp\/v2\/media\/322"}],"wp:attachment":[{"href":"https:\/\/itechwords.com\/de\/wp-json\/wp\/v2\/media?parent=1755"}],"wp:term":[{"taxonomy":"post_tag","embeddable":true,"href":"https:\/\/itechwords.com\/de\/wp-json\/wp\/v2\/tags?post=1755"}],"curies":[{"name":"wp","href":"https:\/\/api.w.org\/{rel}","templated":true}]}}