{"id":1758,"date":"2020-09-23T23:28:43","date_gmt":"2020-09-23T23:28:43","guid":{"rendered":"https:\/\/itechwords.com\/?page_id=1758"},"modified":"2020-09-24T17:50:26","modified_gmt":"2020-09-24T17:50:26","slug":"kunden","status":"publish","type":"page","link":"https:\/\/itechwords.com\/de\/ueber\/kunden\/","title":{"rendered":"Kunden"},"content":{"rendered":"<h2>Ausgew\u00e4hlte Arbeiten<\/h2>\n<p>Die Marken- und Produkt-Verantwortlichen, die uns zum Partner w\u00e4hlen, k\u00f6nnen unsere Arbeit am besten beurteilen.<br \/>\nWir laden Sie ein, hier einige Beispiele f\u00fcr erfolgreiche Partnerschaften mit <strong>itechwords<\/strong> zu entdecken.<\/p>\n","protected":false},"excerpt":{"rendered":"<p>Ausgew\u00e4hlte Arbeiten Die Marken- und Produkt-Verantwortlichen, die uns zum Partner w\u00e4hlen, k\u00f6nnen unsere Arbeit am besten beurteilen. Wir laden Sie ein, hier einige Beispiele f\u00fcr erfolgreiche Partnerschaften mit itechwords zu entdecken.<\/p>\n","protected":false},"author":1,"featured_media":0,"parent":1752,"menu_order":1,"comment_status":"closed","ping_status":"closed","template":"page-templates\/boxesimages.php","meta":[],"tags":[],"_links":{"self":[{"href":"https:\/\/itechwords.com\/de\/wp-json\/wp\/v2\/pages\/1758"}],"collection":[{"href":"https:\/\/itechwords.com\/de\/wp-json\/wp\/v2\/pages"}],"about":[{"href":"https:\/\/itechwords.com\/de\/wp-json\/wp\/v2\/types\/page"}],"author":[{"embeddable":true,"href":"https:\/\/itechwords.com\/de\/wp-json\/wp\/v2\/users\/1"}],"replies":[{"embeddable":true,"href":"https:\/\/itechwords.com\/de\/wp-json\/wp\/v2\/comments?post=1758"}],"version-history":[{"count":0,"href":"https:\/\/itechwords.com\/de\/wp-json\/wp\/v2\/pages\/1758\/revisions"}],"up":[{"embeddable":true,"href":"https:\/\/itechwords.com\/de\/wp-json\/wp\/v2\/pages\/1752"}],"wp:attachment":[{"href":"https:\/\/itechwords.com\/de\/wp-json\/wp\/v2\/media?parent=1758"}],"wp:term":[{"taxonomy":"post_tag","embeddable":true,"href":"https:\/\/itechwords.com\/de\/wp-json\/wp\/v2\/tags?post=1758"}],"curies":[{"name":"wp","href":"https:\/\/api.w.org\/{rel}","templated":true}]}}