{"id":1764,"date":"2020-09-23T23:30:16","date_gmt":"2020-09-23T23:30:16","guid":{"rendered":"https:\/\/itechwords.com\/?page_id=1764"},"modified":"2021-03-24T12:26:56","modified_gmt":"2021-03-24T12:26:56","slug":"bmw-motorrad-portugal","status":"publish","type":"page","link":"https:\/\/itechwords.com\/de\/ueber\/kunden\/bmw-motorrad-portugal\/","title":{"rendered":"BMW Motorrad Portugal"},"content":{"rendered":"<p>Eingebunden in die BMW Group ist <strong>BMW Motorrad Portugal in unserem Land die verantwortliche Stelle f\u00fcr Motorr\u00e4der der deutschen Marke.<br \/>\n<\/strong>Diese Abteilung umfasst auch Zubeh\u00f6r, Ausr\u00fcstung f\u00fcr Motorradfahrer, technische Unterst\u00fctzung und Wartung, Veranstaltungen und Reisen und pr\u00e4sentiert eine breite Palette von Inhalten.<\/p>\n<p>BMW ist einer der gr\u00f6\u00dften Automobilhersteller in Europa, unterst\u00fctzt von 30 Produktionsst\u00e4tten in 14 L\u00e4ndern und einem globalen Vertriebsnetz. Es handelt sich um den gr\u00f6\u00dften Hersteller von Autos und Motorr\u00e4dern im Premium-Segment, der in seiner 100-j\u00e4hrigen Geschichte stets h\u00f6chste Qualit\u00e4t mit technologischer Innovation verbindet.<\/p>\n<p>Seit 2005 ist BMW Motorrad offiziell in Portugal vertreten und fordert regelm\u00e4\u00dfig verschiedene mehrsprachige Dienste f\u00fcr die interne und externe Kommunikation an. W\u00e4hrend die interne Kommunikation einen eher technischen und spezialisierten Charakter annimmt, erfordert die externe, meist kundenorientierte Kommunikation eine gr\u00f6\u00dfere Vielseitigkeit bei der Anpassung der Marketinginhalte an den nationalen Markt. So sind die \u00dcbersetzung von technischer Dokumentation, Schulungshandb\u00fcchern, Online-Inhalten, Modellbrosch\u00fcren, Zubeh\u00f6r- und Ger\u00e4tekatalogen, Benutzerhandb\u00fcchern, Formatierung und grafische Aufbereitung, Untertitelung und Voiceover von Videos und sogar die Verdolmetschung aus dem Deutschen, Englischen und Spanischen ins Portugiesische wiederkehrende Projekte.<\/p>\n<hr \/>\n<h2>Herausforderung<\/h2>\n<p>Die offizielle Vertretung von BMW Motorrad in Portugal erforderte die Einf\u00fchrung einer einheitlichen Kommunikation mit den anderen M\u00e4rkten, auf denen der Hersteller bereits pr\u00e4sent war.<\/p>\n<p>Beim offiziellen Start der Marke in Portugal haben wir enger mit der Abteilung BMW Motorrad zusammengearbeitet, die sich ausschlie\u00dflich mit Motorr\u00e4dern befasst, da die <a href=\"https:\/\/itechwords.com\/de\/sprachdienstleistungen\/uebersetzung\/\">\u00dcbersetzung<\/a> verschiedener Inhalte, die haupts\u00e4chlich in Deutsch und Englisch verf\u00fcgbar waren, notwendig war.<\/p>\n<p>Die gr\u00f6\u00dfte Herausforderung bestand in der F\u00e4higkeit, eine dem Motorradsegment angemessene Terminologie zu implementieren, da viele der im Deutschen und Englischen verwendeten Begriffe sowohl bei Autos als auch bei Motorr\u00e4dern unterschiedslos verwendet werden; im Portugiesischen ist dies jedoch nicht der Fall. Es war daher klar, dass das f\u00fcr die \u00dcbersetzung und <a href=\"https:\/\/itechwords.com\/de\/sprachdienstleistungen\/revision\/\">Revision<\/a> dieser Inhalte verantwortliche Team eine solide Kenntnis dieser sprachlichen Feinheiten aufweisen musste, um eine angemessene Kommunikation mit den zu bearbeitenden Inhalten unter Wahrung der sprachlichen Konsistenz und unter Beachtung der spezifischen Kommunikationsregeln der Marke BMW Motorrad zu gew\u00e4hrleisten.<\/p>\n<hr \/>\n<h2>L\u00f6sung<\/h2>\n<p>Es wurde ein Team aus mehreren <a href=\"https:\/\/itechwords.com\/de\/sprachdienstleistungen\/uebersetzung\/\">muttersprachlichen Fach\u00fcbersetzern<\/a> sowie einem <a href=\"https:\/\/itechwords.com\/de\/sprachdienstleistungen\/revision\/\">muttersprachlichen Korrekturleser<\/a> gebildet, die f\u00fcr die terminologische Vereinheitlichung der verschiedenen Texte verantwortlich waren.<br \/>\nEs wurden auch Translation-Memory-<a href=\"https:\/\/itechwords.com\/de\/ueber\/tools\/\">Tools<\/a> eingesetzt, die bei dieser Art von Projekten unverzichtbar sind, da sie die Wiederverwendung \u00e4hnlicher Inhalte, die Wahrung der Satz- und Terminologiekonsistenz zwischen verschiedenen Texten und die Erh\u00f6hung der Produktionsgeschwindigkeit erm\u00f6glichen und somit eine angemessene Antwort auf die Bed\u00fcrfnisse und Fristen des Kunden geben.<\/p>\n<hr \/>\n<h2>Resultat<\/h2>\n<p>Diese Kombination aus menschlicher Komponente und \u00dcbersetzungstools gew\u00e4hrleistete ein H\u00f6chstma\u00df an Qualit\u00e4t und Konsistenz der verschiedenen Inhalte, die Umsetzung einer dem Motorradsegment angemessenen Terminologie und die Einhaltung des Styleguides der Marke BMW Motorrad bei der Kommunikation mit dem Zielkunden.<br \/>\nDie fortschrittlichen L\u00f6sungen zur Qualit\u00e4tskontrolle, die die Translation-Memory-Tools bieten, und der Einsatz eines exklusiven Korrekturlesers haben es erm\u00f6glicht, den gesamten Inhalt zu standardisieren und so eine professionelle und sorgf\u00e4ltige \u00dcbersetzung zu gew\u00e4hrleisten, die der Qualit\u00e4t und Positionierung der Marke BMW Motorrad auf dem portugiesischen Markt entspricht.<\/p>\n<hr \/>\n<h2>Kundenkommentar<\/h2>\n<p>Die vorgestellte L\u00f6sung und die erzielten Ergebnisse haben uns die Anerkennung und das Vertrauen gegeben, die eine starke, von den Verantwortlichen der Marke anerkannte Partnerschaft entstehen lassen haben, wie das folgende Zeugnis zeigt:<\/p>\n<blockquote><p><em>&#8222;Mit <\/em><strong><em>itechwords<\/em><\/strong><em> fanden wir ein Team von engagierten, hochkompetenten und flexiblen Fachleuten, die es uns erm\u00f6glichten, eine starke und dauerhafte Partnerschaft aufzubauen. Das bei jedem Projekt gezeigte Engagement und die Hingabe, sowie die perfekte Anpassung an unser Produkt und seine Pr\u00e4sentation auf dem Markt machen uns zu einem der bevorzugten Partner von BMW Motorrad in Portugal.\u201c<\/em><\/p><\/blockquote>\n<p><strong>Carlos M.,<\/strong><br \/>\nBMW Motorrad Portugal<\/p>\n","protected":false},"excerpt":{"rendered":"<p>Eingebunden in die BMW Group ist BMW Motorrad Portugal in unserem Land die verantwortliche Stelle f\u00fcr Motorr\u00e4der der deutschen Marke. Diese Abteilung umfasst auch Zubeh\u00f6r, Ausr\u00fcstung f\u00fcr Motorradfahrer, technische Unterst\u00fctzung und Wartung, Veranstaltungen und Reisen und pr\u00e4sentiert eine breite Palette von Inhalten. BMW ist einer der gr\u00f6\u00dften Automobilhersteller in Europa, unterst\u00fctzt von 30 Produktionsst\u00e4tten in [&hellip;]<\/p>\n","protected":false},"author":1,"featured_media":549,"parent":1758,"menu_order":1,"comment_status":"closed","ping_status":"closed","template":"","meta":[],"tags":[97,104,102,107,108,109,110,101,114,115,113,105],"_links":{"self":[{"href":"https:\/\/itechwords.com\/de\/wp-json\/wp\/v2\/pages\/1764"}],"collection":[{"href":"https:\/\/itechwords.com\/de\/wp-json\/wp\/v2\/pages"}],"about":[{"href":"https:\/\/itechwords.com\/de\/wp-json\/wp\/v2\/types\/page"}],"author":[{"embeddable":true,"href":"https:\/\/itechwords.com\/de\/wp-json\/wp\/v2\/users\/1"}],"replies":[{"embeddable":true,"href":"https:\/\/itechwords.com\/de\/wp-json\/wp\/v2\/comments?post=1764"}],"version-history":[{"count":1,"href":"https:\/\/itechwords.com\/de\/wp-json\/wp\/v2\/pages\/1764\/revisions"}],"predecessor-version":[{"id":2275,"href":"https:\/\/itechwords.com\/de\/wp-json\/wp\/v2\/pages\/1764\/revisions\/2275"}],"up":[{"embeddable":true,"href":"https:\/\/itechwords.com\/de\/wp-json\/wp\/v2\/pages\/1758"}],"wp:featuredmedia":[{"embeddable":true,"href":"https:\/\/itechwords.com\/de\/wp-json\/wp\/v2\/media\/549"}],"wp:attachment":[{"href":"https:\/\/itechwords.com\/de\/wp-json\/wp\/v2\/media?parent=1764"}],"wp:term":[{"taxonomy":"post_tag","embeddable":true,"href":"https:\/\/itechwords.com\/de\/wp-json\/wp\/v2\/tags?post=1764"}],"curies":[{"name":"wp","href":"https:\/\/api.w.org\/{rel}","templated":true}]}}