{"id":1767,"date":"2020-09-23T23:30:33","date_gmt":"2020-09-23T23:30:33","guid":{"rendered":"https:\/\/itechwords.com\/?page_id=1767"},"modified":"2020-09-24T17:53:03","modified_gmt":"2020-09-24T17:53:03","slug":"citro-boxer-garage","status":"publish","type":"page","link":"https:\/\/itechwords.com\/de\/ueber\/kunden\/citro-boxer-garage\/","title":{"rendered":"Citro Boxer Garage"},"content":{"rendered":"<blockquote><p><strong>itechwords<\/strong>, ist von Anfang an ein Partner unserer T\u00e4tigkeit. Immer verf\u00fcgbar f\u00fcr die unterschiedlichsten Anfragen, von der Verwaltung sozialer Netzwerke bis zur \u00dcbersetzung interner und internationaler Kommunikation. Und das Beste von allem: technische \u00dcbersetzungen auf h\u00f6chstem Niveau und in einer Qualit\u00e4t, die nicht leicht zu finden ist. Geistig jung, schnell, wenn n\u00f6tig, und mit einer sehr engen Beziehung.<\/p><\/blockquote>\n<p><strong>Vitor P.<br \/>\n<\/strong>Citro Boxer Garage<strong><br \/>\n<\/strong><\/p>\n","protected":false},"excerpt":{"rendered":"<p>itechwords, ist von Anfang an ein Partner unserer T\u00e4tigkeit. Immer verf\u00fcgbar f\u00fcr die unterschiedlichsten Anfragen, von der Verwaltung sozialer Netzwerke bis zur \u00dcbersetzung interner und internationaler Kommunikation. Und das Beste von allem: technische \u00dcbersetzungen auf h\u00f6chstem Niveau und in einer Qualit\u00e4t, die nicht leicht zu finden ist. Geistig jung, schnell, wenn n\u00f6tig, und mit einer [&hellip;]<\/p>\n","protected":false},"author":1,"featured_media":560,"parent":1758,"menu_order":2,"comment_status":"closed","ping_status":"closed","template":"","meta":[],"tags":[97,109,103,101,113],"_links":{"self":[{"href":"https:\/\/itechwords.com\/de\/wp-json\/wp\/v2\/pages\/1767"}],"collection":[{"href":"https:\/\/itechwords.com\/de\/wp-json\/wp\/v2\/pages"}],"about":[{"href":"https:\/\/itechwords.com\/de\/wp-json\/wp\/v2\/types\/page"}],"author":[{"embeddable":true,"href":"https:\/\/itechwords.com\/de\/wp-json\/wp\/v2\/users\/1"}],"replies":[{"embeddable":true,"href":"https:\/\/itechwords.com\/de\/wp-json\/wp\/v2\/comments?post=1767"}],"version-history":[{"count":0,"href":"https:\/\/itechwords.com\/de\/wp-json\/wp\/v2\/pages\/1767\/revisions"}],"up":[{"embeddable":true,"href":"https:\/\/itechwords.com\/de\/wp-json\/wp\/v2\/pages\/1758"}],"wp:featuredmedia":[{"embeddable":true,"href":"https:\/\/itechwords.com\/de\/wp-json\/wp\/v2\/media\/560"}],"wp:attachment":[{"href":"https:\/\/itechwords.com\/de\/wp-json\/wp\/v2\/media?parent=1767"}],"wp:term":[{"taxonomy":"post_tag","embeddable":true,"href":"https:\/\/itechwords.com\/de\/wp-json\/wp\/v2\/tags?post=1767"}],"curies":[{"name":"wp","href":"https:\/\/api.w.org\/{rel}","templated":true}]}}