{"id":1773,"date":"2020-09-23T23:31:18","date_gmt":"2020-09-23T23:31:18","guid":{"rendered":"https:\/\/itechwords.com\/?page_id=1773"},"modified":"2020-09-24T17:55:25","modified_gmt":"2020-09-24T17:55:25","slug":"influenza-r","status":"publish","type":"page","link":"https:\/\/itechwords.com\/de\/ueber\/kunden\/influenza-r\/","title":{"rendered":"Influenza r"},"content":{"rendered":"<blockquote><p>\u201eInfluenza r\u201e vertraut alle \u00dcbersetzungen und Untertitelungen <strong>itechwords<\/strong> an. Wir haben volles Vertrauen in die Agilit\u00e4t und Professionalit\u00e4t von itechwords. Wir sind seit etwa 2 Jahren Partner und werden es noch f\u00fcr viele weitere Jahre sein.<\/p><\/blockquote>\n<p><strong>Jorge R.<\/strong><br \/>\nInfluenza r<\/p>\n","protected":false},"excerpt":{"rendered":"<p>\u201eInfluenza r\u201e vertraut alle \u00dcbersetzungen und Untertitelungen itechwords an. Wir haben volles Vertrauen in die Agilit\u00e4t und Professionalit\u00e4t von itechwords. Wir sind seit etwa 2 Jahren Partner und werden es noch f\u00fcr viele weitere Jahre sein. Jorge R. Influenza r<\/p>\n","protected":false},"author":1,"featured_media":570,"parent":1758,"menu_order":5,"comment_status":"closed","ping_status":"closed","template":"","meta":[],"tags":[109,113,105],"_links":{"self":[{"href":"https:\/\/itechwords.com\/de\/wp-json\/wp\/v2\/pages\/1773"}],"collection":[{"href":"https:\/\/itechwords.com\/de\/wp-json\/wp\/v2\/pages"}],"about":[{"href":"https:\/\/itechwords.com\/de\/wp-json\/wp\/v2\/types\/page"}],"author":[{"embeddable":true,"href":"https:\/\/itechwords.com\/de\/wp-json\/wp\/v2\/users\/1"}],"replies":[{"embeddable":true,"href":"https:\/\/itechwords.com\/de\/wp-json\/wp\/v2\/comments?post=1773"}],"version-history":[{"count":0,"href":"https:\/\/itechwords.com\/de\/wp-json\/wp\/v2\/pages\/1773\/revisions"}],"up":[{"embeddable":true,"href":"https:\/\/itechwords.com\/de\/wp-json\/wp\/v2\/pages\/1758"}],"wp:featuredmedia":[{"embeddable":true,"href":"https:\/\/itechwords.com\/de\/wp-json\/wp\/v2\/media\/570"}],"wp:attachment":[{"href":"https:\/\/itechwords.com\/de\/wp-json\/wp\/v2\/media?parent=1773"}],"wp:term":[{"taxonomy":"post_tag","embeddable":true,"href":"https:\/\/itechwords.com\/de\/wp-json\/wp\/v2\/tags?post=1773"}],"curies":[{"name":"wp","href":"https:\/\/api.w.org\/{rel}","templated":true}]}}