{"id":1779,"date":"2020-09-23T23:32:03","date_gmt":"2020-09-23T23:32:03","guid":{"rendered":"https:\/\/itechwords.com\/?page_id=1779"},"modified":"2020-09-24T18:25:47","modified_gmt":"2020-09-24T18:25:47","slug":"lisbon-motorcycle-film-fest","status":"publish","type":"page","link":"https:\/\/itechwords.com\/de\/ueber\/kunden\/lisbon-motorcycle-film-fest\/","title":{"rendered":"Lisbon Motorcycle Film Fest"},"content":{"rendered":"<p>Das Lissabon Motorcycle Film Fest ist eine <strong>kulturelle Veranstaltung mit internationaler Dimension, die sich an Liebhaber von Zweir\u00e4dern und Kino richtet<\/strong>.<\/p>\n<p>Inspiriert durch das Motorradfilmfestival in New York beschloss eine Gruppe von Freunden, die mit Kunst und Motorr\u00e4dern zu tun haben, eine \u00e4hnliche Idee in Portugal umzusetzen. Das Projekt wurde 2015 ins Leben gerufen und nahm 2016 Gestalt an, und das LxMFF wurde zum ersten Festival dieser Art in Europa.<\/p>\n<p>Dieses Filmfestival soll all jene zusammenbringen, die sich inspirieren lassen, Filme produzieren, realisieren, Filme voranbringen und sehen, deren Thema das Motorraduniversum ist. Drei Tage, die ganz der gro\u00dfen Vielfalt dieser Welt gewidmet sind, mit Dutzenden von Filmen aus den verschiedensten L\u00e4ndern, darunter Dokumentar-, Spiel- und Kurzfilme, die sowohl die Hintergr\u00fcnde des Motorsports offenbaren als auch uns durch das Abenteuer der Weltreise f\u00fchren.<\/p>\n<hr \/>\n<h2>Herausforderung<\/h2>\n<p>Wir standen vor mehreren Herausforderungen, als wir zustimmten, an diesem Festival teilzunehmen.<br \/>\nVon der kurzen Zeit f\u00fcr die <a href=\"https:\/\/itechwords.com\/de\/sprachdienstleistungen\/uebersetzung\/\">\u00dcbersetzung<\/a> und <a href=\"https:\/\/itechwords.com\/de\/sprachdienstleistungen\/untertitelung\/\">Untertitelung<\/a> der etwa 20 Filme, die gezeigt werden sollten, bis zu den L\u00e4ndern der Filmproduktion, Deutschland, Italien, Japan, S\u00fcdamerika und sogar Australien.<\/p>\n<p>Jedes davon mit ihren eigenen spezifischen Ans\u00e4tzen f\u00fcr das Motorraduniversum in entsprechendem Land. Folglich war die verwendete Terminologie sehr spezifisch, mit st\u00e4ndigen Verweisen auf technische Inhalte, sowohl in Bezug auf mechanische Komponenten als auch auf Zubeh\u00f6r, Materialien und Verfahren. Dar\u00fcber hinaus gibt es einen spezifischen Jargon, der in dem r\u00e4umlich und zeitlich begrenzten Format, das f\u00fcr die Untertitelung charakteristisch ist, angemessen \u00fcbertragen werden musste.<\/p>\n<p>Und nicht zuletzt die Tatsache, dass wir als <strong>erstes Unternehmen die Verantwortung f\u00fcr die \u00dcbersetzung und Untertitelung aller Filme dieses Festivals<\/strong> \u00fcbernommen haben, um eine gr\u00f6\u00dfere Anzahl von Zuschauern anzuziehen.<\/p>\n<hr \/>\n<h2>L\u00f6sung<\/h2>\n<p>Es wurde ein auf die <a href=\"https:\/\/itechwords.com\/de\/sprachdienstleistungen\/untertitelung\/\">Untertitelung<\/a> spezialisiertes Team von <a href=\"https:\/\/itechwords.com\/de\/sprachdienstleistungen\/uebersetzung\/\">muttersprachlichen \u00dcbersetzern<\/a> mit fundierten Kenntnissen in diesem Bereich eingerichtet, die meisten von ihnen Motorradfahrer, zus\u00e4tzlich zu einem <a href=\"https:\/\/itechwords.com\/de\/sprachdienstleistungen\/revision\/\">muttersprachlichen Korrekturleser<\/a>, der f\u00fcr die inhaltliche Validierung und Qualit\u00e4tskontrolle der Untertitelung in ihren eher technischen Aspekten verantwortlich ist.<\/p>\n<p>Da das Festival in einem Veranstaltungsraum gezeigt wurde, war es notwendig, die Untertitel in die Filme zu integrieren. Deshalb haben wir eine <strong>spezielle Software verwendet, die in der Lage ist, synchronisierte Untertitel zu erstellen<\/strong>, die dann im Studio <strong>f\u00fcr die Vorf\u00fchrung der Filme integriert<\/strong> wurden.<\/p>\n<hr \/>\n<h2>Resultat<\/h2>\n<p>Die sorgf\u00e4ltige Auswahl von Linguisten, die mit diesem sehr spezifischen Universum vertraut sind, in Verbindung mit der technischen und spezifischen Komponente der Untertitelung erm\u00f6glichte die \u00dcbersetzung und Untertitelung aller Filme innerhalb der geforderten Fristen.<\/p>\n<p>Die Verpflichtung, die wir bei dieser Dienstleistung eingegangen sind, hat es der Organisation erm\u00f6glicht, die <strong>Untertitelung als wichtige Wertsteigerung w\u00e4hrend der Bekannntmachung des Festivals<\/strong> zu bewerben.<\/p>\n<p>Der Andrang der Zuschauer bei der zweiten Ausgabe des Festivals, die sich im Vergleich zur vorherigen Ausgabe fast verdoppelt hat, und die vielen positiven Bewertungen, die wir w\u00e4hrend der drei Tage des Festivals erhalten haben, best\u00e4tigen die Bedeutung und den erfolgreichen Abschluss unserer Teilnahme am Lisbon Motorcycle Film Fest.<\/p>\n<hr \/>\n<h2>Kundenkommentar<\/h2>\n<p>Wir trugen mit einer 78%-igen Steigerung der Kartenverkaufszahlen zum Wachstum der Zuschauerzahlen des Festivals bei, wodurch mehr Menschen die verschiedenen an den drei Tagen gezeigten Filme sehen und verfolgen konnten.<br \/>\nDies unterstreicht die Bedeutung unserer Arbeit innerhalb des Festivals, die von den Organisatoren der Veranstaltung durch das folgende Zeugnis anerkannt wird:<\/p>\n<blockquote><p><em>\u201cDie Zusammenarbeit von <strong>itechwords<\/strong> mit dem Lissabon Motorcycle Film Fest war zweifellos fruchtbar. Wenn wir in der ersten Ausgabe des LxMFF nicht alle Filme \u00fcbersetzt und mit Untertiteln versehen pr\u00e4sentieren konnten, wurde diese L\u00fccke in der zweiten Ausgabe geschlossen, was unserer Veranstaltung gro\u00dfe Wertsteigerung und hohe Qualit\u00e4t verleiht. Es sei angemerkt, dass die mehr als 20 von <strong>itechwords<\/strong> untertitelten Filme urspr\u00fcnglich eine sehr technische Sprache hatten, und dass die Welt der Motorr\u00e4der eine eigene Lexik besitzt, die <strong>itechwords<\/strong> perfekt beherrscht. Diese Synergie mit <strong>itechwords<\/strong> ist zweifellos eine Wertsteigerung, von der wir hoffen, dass sie f\u00fcr die n\u00e4chsten Jahre des Lissabon Motorcycle Film Fests andauert.\u201d<\/em><\/p><\/blockquote>\n<p><strong>Organisation des Lisbon Motorcycle Film Fest<\/strong><\/p>\n","protected":false},"excerpt":{"rendered":"<p>Das Lissabon Motorcycle Film Fest ist eine kulturelle Veranstaltung mit internationaler Dimension, die sich an Liebhaber von Zweir\u00e4dern und Kino richtet. Inspiriert durch das Motorradfilmfestival in New York beschloss eine Gruppe von Freunden, die mit Kunst und Motorr\u00e4dern zu tun haben, eine \u00e4hnliche Idee in Portugal umzusetzen. Das Projekt wurde 2015 ins Leben gerufen und [&hellip;]<\/p>\n","protected":false},"author":1,"featured_media":552,"parent":1758,"menu_order":7,"comment_status":"closed","ping_status":"closed","template":"","meta":[],"tags":[97,113,105],"_links":{"self":[{"href":"https:\/\/itechwords.com\/de\/wp-json\/wp\/v2\/pages\/1779"}],"collection":[{"href":"https:\/\/itechwords.com\/de\/wp-json\/wp\/v2\/pages"}],"about":[{"href":"https:\/\/itechwords.com\/de\/wp-json\/wp\/v2\/types\/page"}],"author":[{"embeddable":true,"href":"https:\/\/itechwords.com\/de\/wp-json\/wp\/v2\/users\/1"}],"replies":[{"embeddable":true,"href":"https:\/\/itechwords.com\/de\/wp-json\/wp\/v2\/comments?post=1779"}],"version-history":[{"count":0,"href":"https:\/\/itechwords.com\/de\/wp-json\/wp\/v2\/pages\/1779\/revisions"}],"up":[{"embeddable":true,"href":"https:\/\/itechwords.com\/de\/wp-json\/wp\/v2\/pages\/1758"}],"wp:featuredmedia":[{"embeddable":true,"href":"https:\/\/itechwords.com\/de\/wp-json\/wp\/v2\/media\/552"}],"wp:attachment":[{"href":"https:\/\/itechwords.com\/de\/wp-json\/wp\/v2\/media?parent=1779"}],"wp:term":[{"taxonomy":"post_tag","embeddable":true,"href":"https:\/\/itechwords.com\/de\/wp-json\/wp\/v2\/tags?post=1779"}],"curies":[{"name":"wp","href":"https:\/\/api.w.org\/{rel}","templated":true}]}}