{"id":1785,"date":"2020-09-23T23:33:08","date_gmt":"2020-09-23T23:33:08","guid":{"rendered":"https:\/\/itechwords.com\/?page_id=1785"},"modified":"2020-09-24T18:26:53","modified_gmt":"2020-09-24T18:26:53","slug":"tools","status":"publish","type":"page","link":"https:\/\/itechwords.com\/de\/ueber\/tools\/","title":{"rendered":"Tools"},"content":{"rendered":"<p><img loading=\"lazy\" class=\"alignright wp-image-657\" src=\"https:\/\/itechwords.com\/wp-content\/uploads\/logo_sdl_trados.jpg\" alt=\"\" width=\"200\" height=\"143\" \/><\/p>\n<h2>SDL Studio<\/h2>\n<p>SDL Trados Studio, das CAT-Tool (Computer Assisted Translation), das von \u00fcber 250.000 \u00dcbersetzungsexperten verwendet wird, bietet eine Reihe ausgefeilter Funktionen, mit denen Sie Projekte schneller und einfacher abschlie\u00dfen k\u00f6nnen.<br \/>\n<br style=\"clear:both;\"><\/p>\n<hr \/>\n<p><img loading=\"lazy\" class=\"alignright wp-image-658\" src=\"https:\/\/itechwords.com\/wp-content\/uploads\/logo_memoq.png\" alt=\"\" width=\"251\" height=\"112\" \/><\/p>\n<h2>memoQ<\/h2>\n<p>memoQ ist eine stabile Technologie, die eine kollaborative \u00dcbersetzungsumgebung bietet, die \u00dcbersetzungsprozesse mit fortschrittlichen Funktionen erleichtert und beschleunigt.<\/p>\n<p><br style=\"clear:both;\"><\/p>\n<hr \/>\n<p><img loading=\"lazy\" class=\"alignright wp-image-625\" src=\"https:\/\/itechwords.com\/wp-content\/uploads\/logo_smartcat.jpg\" alt=\"Logo Smarcat\" width=\"120\" height=\"120\" \/><\/p>\n<h2>Smarcat<\/h2>\n<p>All-in-one-Plattform, die Unternehmen und \u00dcbersetzer in einem optimierten Kreislauf der Inhaltsbereitstellung verbindet.<\/p>\n<p><br style=\"clear:both;\"><\/p>\n","protected":false},"excerpt":{"rendered":"<p>SDL Studio SDL Trados Studio, das CAT-Tool (Computer Assisted Translation), das von \u00fcber 250.000 \u00dcbersetzungsexperten verwendet wird, bietet eine Reihe ausgefeilter Funktionen, mit denen Sie Projekte schneller und einfacher abschlie\u00dfen k\u00f6nnen. memoQ memoQ ist eine stabile Technologie, die eine kollaborative \u00dcbersetzungsumgebung bietet, die \u00dcbersetzungsprozesse mit fortschrittlichen Funktionen erleichtert und beschleunigt. Smarcat All-in-one-Plattform, die Unternehmen und [&hellip;]<\/p>\n","protected":false},"author":1,"featured_media":0,"parent":1752,"menu_order":2,"comment_status":"closed","ping_status":"closed","template":"","meta":[],"tags":[],"_links":{"self":[{"href":"https:\/\/itechwords.com\/de\/wp-json\/wp\/v2\/pages\/1785"}],"collection":[{"href":"https:\/\/itechwords.com\/de\/wp-json\/wp\/v2\/pages"}],"about":[{"href":"https:\/\/itechwords.com\/de\/wp-json\/wp\/v2\/types\/page"}],"author":[{"embeddable":true,"href":"https:\/\/itechwords.com\/de\/wp-json\/wp\/v2\/users\/1"}],"replies":[{"embeddable":true,"href":"https:\/\/itechwords.com\/de\/wp-json\/wp\/v2\/comments?post=1785"}],"version-history":[{"count":0,"href":"https:\/\/itechwords.com\/de\/wp-json\/wp\/v2\/pages\/1785\/revisions"}],"up":[{"embeddable":true,"href":"https:\/\/itechwords.com\/de\/wp-json\/wp\/v2\/pages\/1752"}],"wp:attachment":[{"href":"https:\/\/itechwords.com\/de\/wp-json\/wp\/v2\/media?parent=1785"}],"wp:term":[{"taxonomy":"post_tag","embeddable":true,"href":"https:\/\/itechwords.com\/de\/wp-json\/wp\/v2\/tags?post=1785"}],"curies":[{"name":"wp","href":"https:\/\/api.w.org\/{rel}","templated":true}]}}