{"id":1791,"date":"2020-09-23T23:35:08","date_gmt":"2020-09-23T23:35:08","guid":{"rendered":"https:\/\/itechwords.com\/?page_id=1791"},"modified":"2020-09-24T18:34:12","modified_gmt":"2020-09-24T18:34:12","slug":"blog-itechwords","status":"publish","type":"page","link":"https:\/\/itechwords.com\/de\/blog-itechwords\/","title":{"rendered":"Blog itechwords"},"content":{"rendered":"<p>Willkommen beim Blog von <em><strong>itechwords<\/strong><\/em>, auf dem wir regelm\u00e4\u00dfig Artikel im Zusammenhang mit unserer T\u00e4tigkeit, unseren Kunden, unseren Interessen und, im Allgemeinen, im Bereich <a href=\"https:\/\/itechwords.com\/de\/sprachdienstleistungen\/uebersetzung\/\">\u00dcbersetzung<\/a>, <a href=\"https:\/\/itechwords.com\/de\/sprachdienstleistungen\/dolmetschen\/\">Dolmetschen<\/a>, <a href=\"https:\/\/itechwords.com\/de\/sprachdienstleistungen\/revision\/\">Revision<\/a>, <a href=\"https:\/\/itechwords.com\/de\/sprachdienstleistungen\/untertitelung\/\">Untertitelung<\/a>, <a href=\"https:\/\/itechwords.com\/de\/sprachdienstleistungen\/lokalisierung\/\">Lokalisierung<\/a> und anderen Dienstleistungen publizieren.<\/p>\n","protected":false},"excerpt":{"rendered":"<p>Willkommen beim Blog von itechwords, auf dem wir regelm\u00e4\u00dfig Artikel im Zusammenhang mit unserer T\u00e4tigkeit, unseren Kunden, unseren Interessen und, im Allgemeinen, im Bereich \u00dcbersetzung, Dolmetschen, Revision, Untertitelung, Lokalisierung und anderen Dienstleistungen publizieren.<\/p>\n","protected":false},"author":1,"featured_media":0,"parent":0,"menu_order":4,"comment_status":"closed","ping_status":"open","template":"page-templates\/blog.php","meta":[],"tags":[],"_links":{"self":[{"href":"https:\/\/itechwords.com\/de\/wp-json\/wp\/v2\/pages\/1791"}],"collection":[{"href":"https:\/\/itechwords.com\/de\/wp-json\/wp\/v2\/pages"}],"about":[{"href":"https:\/\/itechwords.com\/de\/wp-json\/wp\/v2\/types\/page"}],"author":[{"embeddable":true,"href":"https:\/\/itechwords.com\/de\/wp-json\/wp\/v2\/users\/1"}],"replies":[{"embeddable":true,"href":"https:\/\/itechwords.com\/de\/wp-json\/wp\/v2\/comments?post=1791"}],"version-history":[{"count":0,"href":"https:\/\/itechwords.com\/de\/wp-json\/wp\/v2\/pages\/1791\/revisions"}],"wp:attachment":[{"href":"https:\/\/itechwords.com\/de\/wp-json\/wp\/v2\/media?parent=1791"}],"wp:term":[{"taxonomy":"post_tag","embeddable":true,"href":"https:\/\/itechwords.com\/de\/wp-json\/wp\/v2\/tags?post=1791"}],"curies":[{"name":"wp","href":"https:\/\/api.w.org\/{rel}","templated":true}]}}