{"id":1798,"date":"2020-09-23T23:36:11","date_gmt":"2020-09-23T23:36:11","guid":{"rendered":"https:\/\/itechwords.com\/?page_id=1798"},"modified":"2020-09-24T18:49:28","modified_gmt":"2020-09-24T18:49:28","slug":"angebot-anfordern","status":"publish","type":"page","link":"https:\/\/itechwords.com\/de\/kontakt\/angebot-anfordern\/","title":{"rendered":"Angebot anfordern"},"content":{"rendered":"<p>F\u00fcllen Sie unser Angebotsformular aus, und wir werden Ihnen den besten Preis und die beste Frist f\u00fcr die von Ihnen gew\u00fcnschte Dienstleistung erstellen.<\/p>\n<p>Erhalten Sie innerhalb von 60 Minuten keine Antwort, setzen Sie sich bitte telefonisch mit uns in Verbindung.<\/p>\n<h4><em>Hilfe:<\/em><\/h4>\n<ul>\n<li>Um in den Feldern &#8222;Dienste&#8220;, &#8222;Sprachen&#8220; und &#8222;Formate&#8220; mehr als 1 Option auszuw\u00e4hlen, verwenden Sie die Tasten Strg+Klick (Windows) bzw. Cmd+Klick (MacOS).<\/li>\n<li>Wenn Sie uns Dateien senden m\u00f6chten, die 5 MB \u00fcberschreiten, benutzen Sie bitte unsere Seite \u201c<a href=\"https:\/\/itechwords.com\/de\/kontakt\/datei-senden\/\">Datei senden<\/a>\u201d.<\/li>\n<li>*- Pflichtfeld.<\/li>\n<\/ul>\n<hr \/>\n<blockquote><p>Mit <strong>itechwords<\/strong> fanden wir ein Team von engagierten, hochkompetenten und flexiblen Fachleuten, die es uns erm\u00f6glichten, eine starke und dauerhafte Partnerschaft aufzubauen. Das bei jedem Projekt gezeigte Engagement und die Hingabe, sowie die perfekte Anpassung an unser Produkt und seine Pr\u00e4sentation auf dem Markt machen uns zu einem der bevorzugten Partner von BMW Motorrad in Portugal.<\/p><\/blockquote>\n<p><strong>Carlos M.<\/strong><br \/>\nBMW Motorrad Portugal<\/p>\n<blockquote><p><strong>itechwords<\/strong>, ist von Anfang an ein Partner unserer T\u00e4tigkeit. Immer verf\u00fcgbar f\u00fcr die unterschiedlichsten Anfragen, von der Verwaltung sozialer Netzwerke bis zur \u00dcbersetzung interner und internationaler Kommunikation. Und das Beste von allem: technische \u00dcbersetzungen auf h\u00f6chstem Niveau und in einer Qualit\u00e4t, die nicht leicht zu finden ist. Geistig jung, schnell, wenn n\u00f6tig, und mit einer sehr engen Beziehung.<\/p><\/blockquote>\n<p><strong>Vitor P.<br \/>\n<\/strong>Citro Boxer Garage<\/p>\n<blockquote><p>\u201eInfluenza r\u201e vertraut alle \u00dcbersetzungen und Untertitelungen <strong>itechwords<\/strong> an. Wir haben volles Vertrauen in die Agilit\u00e4t und Professionalit\u00e4t von itechwords. Wir sind seit etwa 2 Jahren Partner und werden es noch f\u00fcr viele weitere Jahre sein.<\/p><\/blockquote>\n<p><strong>Jorge R.<\/strong><br \/>\nInfluenza r<\/p>\n<blockquote><p>Die Arbeit mit <strong>itechwords<\/strong> ist gro\u00dfartig, sie sind schnell, pr\u00e4zise und einfach zu kontaktieren. Einen besseren Lokalisierungspartner kann ich mir nicht vorstellen.<\/p><\/blockquote>\n<p><strong>Thomas H.<br \/>\n<\/strong>Island Nation<strong><br \/>\n<\/strong><\/p>\n<blockquote><p>Die Zusammenarbeit von <strong>itechwords<\/strong> mit dem Lissabon Motorcycle Film Fest war zweifellos fruchtbar. Wenn wir in der ersten Ausgabe des LxMFF nicht alle Filme \u00fcbersetzt und mit Untertiteln versehen pr\u00e4sentieren konnten, wurde diese L\u00fccke in der zweiten Ausgabe geschlossen, was unserer Veranstaltung gro\u00dfe Wertsteigerung und hohe Qualit\u00e4t verleiht. Es sei angemerkt, dass die mehr als 20 von <strong>itechwords<\/strong> untertitelten Filme urspr\u00fcnglich eine sehr technische Sprache hatten, und dass die Welt der Motorr\u00e4der eine eigene Lexik besitzt, die <strong>itechwords<\/strong> perfekt beherrscht. Diese Synergie mit <strong>itechwords<\/strong> ist zweifellos eine Wertsteigerung, von der wir hoffen, dass sie f\u00fcr die n\u00e4chsten Jahre des Lissabon Motorcycle Film Fests andauert.<\/p><\/blockquote>\n<p><strong>Organisation des Lisbon Motorcycle Film Fest<\/strong><\/p>\n","protected":false},"excerpt":{"rendered":"<p>F\u00fcllen Sie unser Angebotsformular aus, und wir werden Ihnen den besten Preis und die beste Frist f\u00fcr die von Ihnen gew\u00fcnschte Dienstleistung erstellen. Erhalten Sie innerhalb von 60 Minuten keine Antwort, setzen Sie sich bitte telefonisch mit uns in Verbindung. Hilfe: Um in den Feldern &#8222;Dienste&#8220;, &#8222;Sprachen&#8220; und &#8222;Formate&#8220; mehr als 1 Option auszuw\u00e4hlen, verwenden [&hellip;]<\/p>\n","protected":false},"author":1,"featured_media":0,"parent":1794,"menu_order":0,"comment_status":"closed","ping_status":"closed","template":"","meta":[],"tags":[],"_links":{"self":[{"href":"https:\/\/itechwords.com\/de\/wp-json\/wp\/v2\/pages\/1798"}],"collection":[{"href":"https:\/\/itechwords.com\/de\/wp-json\/wp\/v2\/pages"}],"about":[{"href":"https:\/\/itechwords.com\/de\/wp-json\/wp\/v2\/types\/page"}],"author":[{"embeddable":true,"href":"https:\/\/itechwords.com\/de\/wp-json\/wp\/v2\/users\/1"}],"replies":[{"embeddable":true,"href":"https:\/\/itechwords.com\/de\/wp-json\/wp\/v2\/comments?post=1798"}],"version-history":[{"count":0,"href":"https:\/\/itechwords.com\/de\/wp-json\/wp\/v2\/pages\/1798\/revisions"}],"up":[{"embeddable":true,"href":"https:\/\/itechwords.com\/de\/wp-json\/wp\/v2\/pages\/1794"}],"wp:attachment":[{"href":"https:\/\/itechwords.com\/de\/wp-json\/wp\/v2\/media?parent=1798"}],"wp:term":[{"taxonomy":"post_tag","embeddable":true,"href":"https:\/\/itechwords.com\/de\/wp-json\/wp\/v2\/tags?post=1798"}],"curies":[{"name":"wp","href":"https:\/\/api.w.org\/{rel}","templated":true}]}}