{"id":1804,"date":"2020-09-23T23:37:50","date_gmt":"2020-09-23T23:37:50","guid":{"rendered":"https:\/\/itechwords.com\/?page_id=1804"},"modified":"2020-09-30T02:44:10","modified_gmt":"2020-09-30T02:44:10","slug":"datei-senden","status":"publish","type":"page","link":"https:\/\/itechwords.com\/de\/kontakt\/datei-senden\/","title":{"rendered":"Datei Senden"},"content":{"rendered":"<p style=\"text-align: center;\">Wir benutzen den <a href=\"https:\/\/www.filemail.com\/\" target=\"_blank\" rel=\"noopener noreferrer\">Filemail<\/a>-Service, eine L\u00f6sung, die es Ihnen erm\u00f6glicht, Ihre Dateien mit voller Sicherheit und Privatsph\u00e4re direkt an unsere Mailbox zu senden. Diese L\u00f6sung verzichtet auf jegliche Registrierung und hat keine Einschr\u00e4nkungen hinsichtlich der Dateierweiterung oder -gr\u00f6\u00dfe.<\/p>\n<p><iframe id=\"FilemailUploadWrap\" src=\"https:\/\/www.filemail.com\/incoming\/5635644371?integrated&amp;parent=https%3A%2F%2Fitechwords.com%2Fde%2Fkontakt%2Fdatei-senden%2F&amp;host=www.filemail.com&amp;wrapid=FilemailUploadWrap&amp;companyid=5635644371&amp;mode=Upload&amp;lang=de\"><\/iframe><\/p>\n","protected":false},"excerpt":{"rendered":"<p>Wir benutzen den Filemail-Service, eine L\u00f6sung, die es Ihnen erm\u00f6glicht, Ihre Dateien mit voller Sicherheit und Privatsph\u00e4re direkt an unsere Mailbox zu senden. Diese L\u00f6sung verzichtet auf jegliche Registrierung und hat keine Einschr\u00e4nkungen hinsichtlich der Dateierweiterung oder -gr\u00f6\u00dfe.<\/p>\n","protected":false},"author":1,"featured_media":0,"parent":1794,"menu_order":2,"comment_status":"closed","ping_status":"closed","template":"","meta":[],"tags":[],"_links":{"self":[{"href":"https:\/\/itechwords.com\/de\/wp-json\/wp\/v2\/pages\/1804"}],"collection":[{"href":"https:\/\/itechwords.com\/de\/wp-json\/wp\/v2\/pages"}],"about":[{"href":"https:\/\/itechwords.com\/de\/wp-json\/wp\/v2\/types\/page"}],"author":[{"embeddable":true,"href":"https:\/\/itechwords.com\/de\/wp-json\/wp\/v2\/users\/1"}],"replies":[{"embeddable":true,"href":"https:\/\/itechwords.com\/de\/wp-json\/wp\/v2\/comments?post=1804"}],"version-history":[{"count":1,"href":"https:\/\/itechwords.com\/de\/wp-json\/wp\/v2\/pages\/1804\/revisions"}],"predecessor-version":[{"id":2033,"href":"https:\/\/itechwords.com\/de\/wp-json\/wp\/v2\/pages\/1804\/revisions\/2033"}],"up":[{"embeddable":true,"href":"https:\/\/itechwords.com\/de\/wp-json\/wp\/v2\/pages\/1794"}],"wp:attachment":[{"href":"https:\/\/itechwords.com\/de\/wp-json\/wp\/v2\/media?parent=1804"}],"wp:term":[{"taxonomy":"post_tag","embeddable":true,"href":"https:\/\/itechwords.com\/de\/wp-json\/wp\/v2\/tags?post=1804"}],"curies":[{"name":"wp","href":"https:\/\/api.w.org\/{rel}","templated":true}]}}