{"id":802,"date":"2020-09-01T13:10:54","date_gmt":"2020-09-01T13:10:54","guid":{"rendered":"https:\/\/itechwords.com\/?page_id=802"},"modified":"2020-10-05T15:20:43","modified_gmt":"2020-10-05T15:20:43","slug":"itechwords-empresa-de-traducao","status":"publish","type":"page","link":"https:\/\/itechwords.com\/de\/","title":{"rendered":"iTechWords &#8211; \u00dcbersetzungsb\u00fcro"},"content":{"rendered":"<p>B\u00fcro f\u00fcr \u00dcbersetzungen, Revisionen, Untertitel, Lokution, Lokalisierung und Dolmetscherdienste mit \u00dcbersetzern in Lissabon, Portugal. Mehr als 20 Jahre Erfahrung in <a href=\"https:\/\/itechwords.com\/de\/sprachdienstleistungen\/\">Sprachdienstleistungen<\/a> f\u00fcr die wichtigsten Unternehmen der <a href=\"https:\/\/itechwords.com\/de\/industriezweige\/\">Wirtschaftszweige<\/a> weltweit.<\/p>\n","protected":false},"excerpt":{"rendered":"<p>B\u00fcro f\u00fcr \u00dcbersetzungen, Revisionen, Untertitel, Lokution, Lokalisierung und Dolmetscherdienste mit \u00dcbersetzern in Lissabon, Portugal. Mehr als 20 Jahre Erfahrung in Sprachdienstleistungen f\u00fcr die wichtigsten Unternehmen der Wirtschaftszweige weltweit.<\/p>\n","protected":false},"author":1,"featured_media":0,"parent":0,"menu_order":0,"comment_status":"closed","ping_status":"closed","template":"page-templates\/homepage.php","meta":[],"tags":[],"_links":{"self":[{"href":"https:\/\/itechwords.com\/de\/wp-json\/wp\/v2\/pages\/802"}],"collection":[{"href":"https:\/\/itechwords.com\/de\/wp-json\/wp\/v2\/pages"}],"about":[{"href":"https:\/\/itechwords.com\/de\/wp-json\/wp\/v2\/types\/page"}],"author":[{"embeddable":true,"href":"https:\/\/itechwords.com\/de\/wp-json\/wp\/v2\/users\/1"}],"replies":[{"embeddable":true,"href":"https:\/\/itechwords.com\/de\/wp-json\/wp\/v2\/comments?post=802"}],"version-history":[{"count":1,"href":"https:\/\/itechwords.com\/de\/wp-json\/wp\/v2\/pages\/802\/revisions"}],"predecessor-version":[{"id":2063,"href":"https:\/\/itechwords.com\/de\/wp-json\/wp\/v2\/pages\/802\/revisions\/2063"}],"wp:attachment":[{"href":"https:\/\/itechwords.com\/de\/wp-json\/wp\/v2\/media?parent=802"}],"wp:term":[{"taxonomy":"post_tag","embeddable":true,"href":"https:\/\/itechwords.com\/de\/wp-json\/wp\/v2\/tags?post=802"}],"curies":[{"name":"wp","href":"https:\/\/api.w.org\/{rel}","templated":true}]}}