{"id":1101,"date":"2020-09-03T01:06:29","date_gmt":"2020-09-03T01:06:29","guid":{"rendered":"https:\/\/itechwords.com\/?page_id=1101"},"modified":"2020-09-03T01:42:40","modified_gmt":"2020-09-03T01:42:40","slug":"servicios","status":"publish","type":"page","link":"https:\/\/itechwords.com\/es\/servicios\/","title":{"rendered":"Servicios ling\u00fc\u00edsticos"},"content":{"rendered":"<p style=\"text-align: center;\">M\u00e1s de 20 a\u00f1os de experiencia prestando servicios ling\u00fc\u00edsticos a empresas de las industrias m\u00e1s importantes de la econom\u00eda mundial.<\/p>\n","protected":false},"excerpt":{"rendered":"<p>M\u00e1s de 20 a\u00f1os de experiencia prestando servicios ling\u00fc\u00edsticos a empresas de las industrias m\u00e1s importantes de la econom\u00eda mundial.<\/p>\n","protected":false},"author":1,"featured_media":0,"parent":0,"menu_order":1,"comment_status":"closed","ping_status":"closed","template":"page-templates\/boxes.php","meta":[],"tags":[],"_links":{"self":[{"href":"https:\/\/itechwords.com\/es\/wp-json\/wp\/v2\/pages\/1101"}],"collection":[{"href":"https:\/\/itechwords.com\/es\/wp-json\/wp\/v2\/pages"}],"about":[{"href":"https:\/\/itechwords.com\/es\/wp-json\/wp\/v2\/types\/page"}],"author":[{"embeddable":true,"href":"https:\/\/itechwords.com\/es\/wp-json\/wp\/v2\/users\/1"}],"replies":[{"embeddable":true,"href":"https:\/\/itechwords.com\/es\/wp-json\/wp\/v2\/comments?post=1101"}],"version-history":[{"count":0,"href":"https:\/\/itechwords.com\/es\/wp-json\/wp\/v2\/pages\/1101\/revisions"}],"wp:attachment":[{"href":"https:\/\/itechwords.com\/es\/wp-json\/wp\/v2\/media?parent=1101"}],"wp:term":[{"taxonomy":"post_tag","embeddable":true,"href":"https:\/\/itechwords.com\/es\/wp-json\/wp\/v2\/tags?post=1101"}],"curies":[{"name":"wp","href":"https:\/\/api.w.org\/{rel}","templated":true}]}}