{"id":1114,"date":"2020-09-03T01:18:47","date_gmt":"2020-09-03T01:18:47","guid":{"rendered":"https:\/\/itechwords.com\/?page_id=1114"},"modified":"2020-09-03T01:18:47","modified_gmt":"2020-09-03T01:18:47","slug":"traduccion","status":"publish","type":"page","link":"https:\/\/itechwords.com\/es\/servicios\/traduccion\/","title":{"rendered":"Traducci\u00f3n"},"content":{"rendered":"<p>Traducimos documentos a decenas de idiomas, recurriendo a traductores nativos profesionales especializados.<\/p>\n<p><!--more--><\/p>\n<p>Para garantizar que consigue los objetivos que desea es imprescindible comunicarse en el idioma de su p\u00fablico objetivo, con naturalidad y fluidez.<br \/>\nPara todos nuestros proyectos usamos siempre equipos de traductores nativos especializados en la creaci\u00f3n de textos naturales y encuadrados en la \u00e1rea y objetivos deseados.<\/p>\n<hr \/>\n<h2>Servicios de traducci\u00f3n destacados<\/h2>\n<ul>\n<li>Traducci\u00f3n de manuales de instrucciones, comunicados de prensa, cat\u00e1logos de productos, hojas de caracter\u00edsticas, entre otros materiales de comunicaci\u00f3n;<\/li>\n<li>Traductores nativos especializados;<\/li>\n<li>Conocimiento profundo de las diferentes industrias;<\/li>\n<li>Herramientas de traducci\u00f3n avanzadas;<\/li>\n<li>M\u00e1xima coherencia y rentabilidad en cada proyecto;<\/li>\n<li>Respetamos las normas de redacci\u00f3n t\u00e9cnica espec\u00edficas de cada industria;<\/li>\n<li>Adopci\u00f3n de los procedimientos de la norma ISO 17100;<\/li>\n<li>Respeto de los plazos de entrega de los proyectos;<\/li>\n<li>Respeto del presupuesto aprobado.<\/li>\n<\/ul>\n","protected":false},"excerpt":{"rendered":"<p>Traducimos documentos a decenas de idiomas, recurriendo a traductores nativos profesionales especializados.<\/p>\n","protected":false},"author":1,"featured_media":0,"parent":1101,"menu_order":0,"comment_status":"closed","ping_status":"closed","template":"","meta":[],"tags":[74],"_links":{"self":[{"href":"https:\/\/itechwords.com\/es\/wp-json\/wp\/v2\/pages\/1114"}],"collection":[{"href":"https:\/\/itechwords.com\/es\/wp-json\/wp\/v2\/pages"}],"about":[{"href":"https:\/\/itechwords.com\/es\/wp-json\/wp\/v2\/types\/page"}],"author":[{"embeddable":true,"href":"https:\/\/itechwords.com\/es\/wp-json\/wp\/v2\/users\/1"}],"replies":[{"embeddable":true,"href":"https:\/\/itechwords.com\/es\/wp-json\/wp\/v2\/comments?post=1114"}],"version-history":[{"count":0,"href":"https:\/\/itechwords.com\/es\/wp-json\/wp\/v2\/pages\/1114\/revisions"}],"up":[{"embeddable":true,"href":"https:\/\/itechwords.com\/es\/wp-json\/wp\/v2\/pages\/1101"}],"wp:attachment":[{"href":"https:\/\/itechwords.com\/es\/wp-json\/wp\/v2\/media?parent=1114"}],"wp:term":[{"taxonomy":"post_tag","embeddable":true,"href":"https:\/\/itechwords.com\/es\/wp-json\/wp\/v2\/tags?post=1114"}],"curies":[{"name":"wp","href":"https:\/\/api.w.org\/{rel}","templated":true}]}}