{"id":1135,"date":"2020-09-03T01:57:36","date_gmt":"2020-09-03T01:57:36","guid":{"rendered":"https:\/\/itechwords.com\/?page_id=1135"},"modified":"2020-09-03T01:57:36","modified_gmt":"2020-09-03T01:57:36","slug":"interpretacion","status":"publish","type":"page","link":"https:\/\/itechwords.com\/es\/servicios\/interpretacion\/","title":{"rendered":"Interpretaci\u00f3n"},"content":{"rendered":"<p>Profesionales experimentados para conferencias, reuniones o llamadas telef\u00f3nicas de negocios.<\/p>\n<p><!--more--><\/p>\n<p>Ya sea para una <strong>conferencia<\/strong>, una <strong>reuni\u00f3n en la empresa<\/strong> o una <strong>llamada telef\u00f3nica de negocios<\/strong>, ponemos a su disposici\u00f3n profesionales con experiencia, habilitados para permitir la comunicaci\u00f3n entre las partes. Tambi\u00e9n podemos poner a su disposici\u00f3n todo el equipo t\u00e9cnico necesario para cualquier interpretaci\u00f3n en eventos o conferencias.<\/p>\n<hr \/>\n<h2>Servicios de interpretaci\u00f3n destacados<\/h2>\n<ul>\n<li>Tenemos experiencia en conferencias, seminarios, eventos empresariales, reuniones de trabajo y visitas a empresas, entre otros eventos;<\/li>\n<li>Cartera de int\u00e9rpretes experimentados en varios idiomas;<\/li>\n<li>Int\u00e9rpretes procedentes de organizaciones internacionales como la UE, la ONU, la OTAN&#8230;;<\/li>\n<li>Posibilidad de equipo t\u00e9cnico.<\/li>\n<\/ul>\n","protected":false},"excerpt":{"rendered":"<p>Profesionales experimentados para conferencias, reuniones o llamadas telef\u00f3nicas de negocios.<\/p>\n","protected":false},"author":1,"featured_media":0,"parent":1101,"menu_order":2,"comment_status":"closed","ping_status":"closed","template":"","meta":[],"tags":[64],"_links":{"self":[{"href":"https:\/\/itechwords.com\/es\/wp-json\/wp\/v2\/pages\/1135"}],"collection":[{"href":"https:\/\/itechwords.com\/es\/wp-json\/wp\/v2\/pages"}],"about":[{"href":"https:\/\/itechwords.com\/es\/wp-json\/wp\/v2\/types\/page"}],"author":[{"embeddable":true,"href":"https:\/\/itechwords.com\/es\/wp-json\/wp\/v2\/users\/1"}],"replies":[{"embeddable":true,"href":"https:\/\/itechwords.com\/es\/wp-json\/wp\/v2\/comments?post=1135"}],"version-history":[{"count":0,"href":"https:\/\/itechwords.com\/es\/wp-json\/wp\/v2\/pages\/1135\/revisions"}],"up":[{"embeddable":true,"href":"https:\/\/itechwords.com\/es\/wp-json\/wp\/v2\/pages\/1101"}],"wp:attachment":[{"href":"https:\/\/itechwords.com\/es\/wp-json\/wp\/v2\/media?parent=1135"}],"wp:term":[{"taxonomy":"post_tag","embeddable":true,"href":"https:\/\/itechwords.com\/es\/wp-json\/wp\/v2\/tags?post=1135"}],"curies":[{"name":"wp","href":"https:\/\/api.w.org\/{rel}","templated":true}]}}