{"id":1145,"date":"2020-09-03T21:57:15","date_gmt":"2020-09-03T21:57:15","guid":{"rendered":"https:\/\/itechwords.com\/?page_id=1145"},"modified":"2020-09-03T21:58:56","modified_gmt":"2020-09-03T21:58:56","slug":"localizacion","status":"publish","type":"page","link":"https:\/\/itechwords.com\/es\/servicios\/localizacion\/","title":{"rendered":"Localizaci\u00f3n"},"content":{"rendered":"<p>Localizaci\u00f3n de p\u00e1ginas web, aplicaciones m\u00f3viles, videojuegos, software y redes sociales.<\/p>\n<p><!--more--><\/p>\n<p>Si quiere <strong>traducir los contenidos de su p\u00e1gina web<\/strong> o <strong>ampliar la variedad de idiomas de su aplicaci\u00f3n o videojuego<\/strong>, con un lenguaje adaptado a la plataforma y al producto, esta es la soluci\u00f3n m\u00e1s adecuada.<\/p>\n<hr \/>\n<h2>El servicio de localizaci\u00f3n incluye:<\/h2>\n<ul>\n<li>Localizaci\u00f3n de p\u00e1ginas web, aplicaciones m\u00f3viles, videojuegos, software y redes sociales;<\/li>\n<li>Dominio de las diferentes redes sociales y plataformas de blog;<\/li>\n<li>Adaptaci\u00f3n de contenidos a las diferentes plataformas;<\/li>\n<li>Profesionales con experiencia en la industria del videojuego.<\/li>\n<\/ul>\n","protected":false},"excerpt":{"rendered":"<p>Localizaci\u00f3n de p\u00e1ginas web, aplicaciones m\u00f3viles, videojuegos, software y redes sociales.<\/p>\n","protected":false},"author":1,"featured_media":0,"parent":1101,"menu_order":3,"comment_status":"closed","ping_status":"closed","template":"","meta":[],"tags":[67],"_links":{"self":[{"href":"https:\/\/itechwords.com\/es\/wp-json\/wp\/v2\/pages\/1145"}],"collection":[{"href":"https:\/\/itechwords.com\/es\/wp-json\/wp\/v2\/pages"}],"about":[{"href":"https:\/\/itechwords.com\/es\/wp-json\/wp\/v2\/types\/page"}],"author":[{"embeddable":true,"href":"https:\/\/itechwords.com\/es\/wp-json\/wp\/v2\/users\/1"}],"replies":[{"embeddable":true,"href":"https:\/\/itechwords.com\/es\/wp-json\/wp\/v2\/comments?post=1145"}],"version-history":[{"count":0,"href":"https:\/\/itechwords.com\/es\/wp-json\/wp\/v2\/pages\/1145\/revisions"}],"up":[{"embeddable":true,"href":"https:\/\/itechwords.com\/es\/wp-json\/wp\/v2\/pages\/1101"}],"wp:attachment":[{"href":"https:\/\/itechwords.com\/es\/wp-json\/wp\/v2\/media?parent=1145"}],"wp:term":[{"taxonomy":"post_tag","embeddable":true,"href":"https:\/\/itechwords.com\/es\/wp-json\/wp\/v2\/tags?post=1145"}],"curies":[{"name":"wp","href":"https:\/\/api.w.org\/{rel}","templated":true}]}}