{"id":1152,"date":"2020-09-03T22:02:20","date_gmt":"2020-09-03T22:02:20","guid":{"rendered":"https:\/\/itechwords.com\/?page_id=1152"},"modified":"2020-09-03T22:02:20","modified_gmt":"2020-09-03T22:02:20","slug":"transcreacion","status":"publish","type":"page","link":"https:\/\/itechwords.com\/es\/servicios\/transcreacion\/","title":{"rendered":"Transcreaci\u00f3n"},"content":{"rendered":"<p>Adaptaci\u00f3n de contenidos de marketing y publicidad para otros mercados e idiomas.<\/p>\n<p><!--more--><\/p>\n<p>Si quiere <strong>adaptar una campa\u00f1a publicitaria<\/strong> o <strong>implementar un concepto en un mercado nuevo<\/strong>, adoptamos un concepto espec\u00edfico en un idioma y lo recreamos de nuevo, en otro idioma.<br \/>\nEn este proceso respetamos la identidad cultural del mercado donde ser\u00e1 implementado, as\u00ed como al p\u00fablico objetivo al que est\u00e1 destinado.<\/p>\n<hr \/>\n<h2>Servicios de transcreaci\u00f3n destacados<\/h2>\n<ul>\n<li>Transcreaci\u00f3n de campa\u00f1as de marketing, anuncios y contenidos publicitarios, cat\u00e1logos de productos y p\u00e1ginas web;<\/li>\n<li>Sinergia entre traductores y copywriters;<\/li>\n<li>Convertimos textos en ventas.<\/li>\n<\/ul>\n","protected":false},"excerpt":{"rendered":"<p>Adaptaci\u00f3n de contenidos de marketing y publicidad para otros mercados e idiomas.<\/p>\n","protected":false},"author":1,"featured_media":0,"parent":1101,"menu_order":4,"comment_status":"closed","ping_status":"closed","template":"","meta":[],"tags":[75],"_links":{"self":[{"href":"https:\/\/itechwords.com\/es\/wp-json\/wp\/v2\/pages\/1152"}],"collection":[{"href":"https:\/\/itechwords.com\/es\/wp-json\/wp\/v2\/pages"}],"about":[{"href":"https:\/\/itechwords.com\/es\/wp-json\/wp\/v2\/types\/page"}],"author":[{"embeddable":true,"href":"https:\/\/itechwords.com\/es\/wp-json\/wp\/v2\/users\/1"}],"replies":[{"embeddable":true,"href":"https:\/\/itechwords.com\/es\/wp-json\/wp\/v2\/comments?post=1152"}],"version-history":[{"count":0,"href":"https:\/\/itechwords.com\/es\/wp-json\/wp\/v2\/pages\/1152\/revisions"}],"up":[{"embeddable":true,"href":"https:\/\/itechwords.com\/es\/wp-json\/wp\/v2\/pages\/1101"}],"wp:attachment":[{"href":"https:\/\/itechwords.com\/es\/wp-json\/wp\/v2\/media?parent=1152"}],"wp:term":[{"taxonomy":"post_tag","embeddable":true,"href":"https:\/\/itechwords.com\/es\/wp-json\/wp\/v2\/tags?post=1152"}],"curies":[{"name":"wp","href":"https:\/\/api.w.org\/{rel}","templated":true}]}}