{"id":1160,"date":"2020-09-03T22:08:09","date_gmt":"2020-09-03T22:08:09","guid":{"rendered":"https:\/\/itechwords.com\/?page_id=1160"},"modified":"2020-09-03T22:08:21","modified_gmt":"2020-09-03T22:08:21","slug":"subtitulado","status":"publish","type":"page","link":"https:\/\/itechwords.com\/es\/servicios\/subtitulado\/","title":{"rendered":"Subtitulado"},"content":{"rendered":"<p>Subtitulado de pel\u00edculas y documentales, v\u00eddeos institucionales, seminarios web, blogs y tutoriales.<\/p>\n<p><!--more--><\/p>\n<p><strong>El v\u00eddeo est\u00e1 cada vez m\u00e1s presente en nuestro d\u00eda a d\u00eda, ya sea en las redes sociales o en la plataforma YouTube.<br \/>\n<\/strong>El subtitulado permite comunicar contenidos audiovisuales en cualquier situaci\u00f3n, garantizando la transmisi\u00f3n de su mensaje.<\/p>\n<hr \/>\n<h2>Nuestro servicio de subtitulado<\/h2>\n<ul>\n<li>Subtitulado de pel\u00edculas y documentales, v\u00eddeos institucionales, seminarios web, blogs y tutoriales entre otros<\/li>\n<li>Diferentes formatos de subtitulado;<\/li>\n<li>Diferentes tipos de archivos de subt\u00edtulos;<\/li>\n<li>Integraci\u00f3n de subt\u00edtulos en estudio profesional;<\/li>\n<li>Herramientas de \u00faltima generaci\u00f3n.<\/li>\n<\/ul>\n<p>Desde el 2017, nos encargamos del subtitulado del <strong>festival LxMFF &#8211; Lisbon Motorcycle Film Fest<\/strong>.<br \/>\nEstamos familiarizados con todas las soluciones de subtitulado, como puede comprobar a trav\u00e9s de nuestro estudio de caso que le invitamos a consultar <a href=\"https:\/\/itechwords.com\/es\/acerca\/clientes\/lisbon-motorcycle-film-fest\/\">aqu\u00ed<\/a>.<\/p>\n","protected":false},"excerpt":{"rendered":"<p>Subtitulado de pel\u00edculas y documentales, v\u00eddeos institucionales, seminarios web, blogs y tutoriales.<\/p>\n","protected":false},"author":1,"featured_media":0,"parent":1101,"menu_order":5,"comment_status":"closed","ping_status":"closed","template":"","meta":[],"tags":[65],"_links":{"self":[{"href":"https:\/\/itechwords.com\/es\/wp-json\/wp\/v2\/pages\/1160"}],"collection":[{"href":"https:\/\/itechwords.com\/es\/wp-json\/wp\/v2\/pages"}],"about":[{"href":"https:\/\/itechwords.com\/es\/wp-json\/wp\/v2\/types\/page"}],"author":[{"embeddable":true,"href":"https:\/\/itechwords.com\/es\/wp-json\/wp\/v2\/users\/1"}],"replies":[{"embeddable":true,"href":"https:\/\/itechwords.com\/es\/wp-json\/wp\/v2\/comments?post=1160"}],"version-history":[{"count":0,"href":"https:\/\/itechwords.com\/es\/wp-json\/wp\/v2\/pages\/1160\/revisions"}],"up":[{"embeddable":true,"href":"https:\/\/itechwords.com\/es\/wp-json\/wp\/v2\/pages\/1101"}],"wp:attachment":[{"href":"https:\/\/itechwords.com\/es\/wp-json\/wp\/v2\/media?parent=1160"}],"wp:term":[{"taxonomy":"post_tag","embeddable":true,"href":"https:\/\/itechwords.com\/es\/wp-json\/wp\/v2\/tags?post=1160"}],"curies":[{"name":"wp","href":"https:\/\/api.w.org\/{rel}","templated":true}]}}