{"id":1164,"date":"2020-09-03T22:12:09","date_gmt":"2020-09-03T22:12:09","guid":{"rendered":"https:\/\/itechwords.com\/?page_id=1164"},"modified":"2020-09-03T22:17:52","modified_gmt":"2020-09-03T22:17:52","slug":"dudas-frecuentes-sobre-subtitulado","status":"publish","type":"page","link":"https:\/\/itechwords.com\/es\/servicios\/subtitulado\/dudas-frecuentes-sobre-subtitulado\/","title":{"rendered":"Dudas frecuentes sobre subtitulado"},"content":{"rendered":"<h2>\u00bfPor qu\u00e9 me conviene subtitular un v\u00eddeo?<\/h2>\n<p>El soporte audiovisual est\u00e1 cada vez m\u00e1s presente en las redes sociales, adem\u00e1s de ser un formato ampliamente utilizado con fines de marketing y promoci\u00f3n de empresas o productos. Si considera que <strong>en la plataforma Facebook, el 85 % de los v\u00eddeos se visualizan en silencio<\/strong>, solo a trav\u00e9s del <a href=\"https:\/\/itechwords.com\/es\/servicios\/subtitulado\/\">subtitulado<\/a> podr\u00e1 captar la atenci\u00f3n deseada.<\/p>\n<h2>\u00bfC\u00f3mo se entregan las pel\u00edculas subtituladas?<\/h2>\n<p>Por norma general, podemos entregar las pel\u00edculas <strong>con los subt\u00edtulos integrados<\/strong> de forma permanente en el v\u00eddeo, tal como sucede en el cine, <strong>o en un archivo separado<\/strong> debidamente sincronizado con el v\u00eddeo.<\/p>\n<h2>\u00bfPor qu\u00e9 motivo el texto de los subt\u00edtulos parece estar siempre incompleto?<\/h2>\n<p>Debido a su formato limitado en relaci\u00f3n con el tiempo presentado y en n\u00famero de caracteres, <strong>el <\/strong><strong><a href=\"https:\/\/itechwords.com\/es\/servicios\/subtitulado\/\">subtitulado<\/a><\/strong><strong> adopta un lenguaje m\u00e1s sucinto y objetivo<\/strong>, presentando las ideas m\u00e1s importantes en vez de transcribir literalmente todo lo que se dice o describe en la pel\u00edcula.<\/p>\n<h2>\u00bfExisten varios formatos de subtitulado?<\/h2>\n<p>Como el <a href=\"https:\/\/itechwords.com\/es\/servicios\/subtitulado\/\">subtitulado<\/a> tiene reglas y procedimientos espec\u00edficos, pueden aplicarse formatos de subtitulado diferentes de acuerdo con la finalidad deseada, <strong>desde el subtitulado convencional al subtitulado cerrado<\/strong> para personas con deficiencia auditiva.<\/p>\n<h2>\u00bfUna pel\u00edcula subtitulada se aplica a todas las plataformas?<\/h2>\n<p>Es importante saber <strong>d\u00f3nde se va a divulgar el v\u00eddeo<\/strong>, porque las reglas aplicadas en el <a href=\"https:\/\/itechwords.com\/es\/servicios\/subtitulado\/\">subtitulado<\/a> de una pel\u00edcula no son las mismas de una plataforma online, como YouTube o Vimeo, que recurre a sistemas de subtitulado propios y con reglas espec\u00edficas.<\/p>\n<h2>\u00bfSe necesita el guion para subtitular?<\/h2>\n<p>Aunque no es indispensable, <strong>permite reducir de forma considerable el tiempo necesario para el <\/strong><strong><a href=\"https:\/\/itechwords.com\/es\/servicios\/subtitulado\/\">subtitulado<\/a><\/strong> y proporciona una serie de informaci\u00f3n que va a contribuir a una mayor rapidez y calidad final de todo el proceso.<\/p>\n","protected":false},"excerpt":{"rendered":"<p>\u00bfPor qu\u00e9 me conviene subtitular un v\u00eddeo? El soporte audiovisual est\u00e1 cada vez m\u00e1s presente en las redes sociales, adem\u00e1s de ser un formato ampliamente utilizado con fines de marketing y promoci\u00f3n de empresas o productos. Si considera que en la plataforma Facebook, el 85 % de los v\u00eddeos se visualizan en silencio, solo a [&hellip;]<\/p>\n","protected":false},"author":1,"featured_media":0,"parent":1160,"menu_order":0,"comment_status":"closed","ping_status":"closed","template":"page-templates\/accordion.php","meta":[],"tags":[65],"_links":{"self":[{"href":"https:\/\/itechwords.com\/es\/wp-json\/wp\/v2\/pages\/1164"}],"collection":[{"href":"https:\/\/itechwords.com\/es\/wp-json\/wp\/v2\/pages"}],"about":[{"href":"https:\/\/itechwords.com\/es\/wp-json\/wp\/v2\/types\/page"}],"author":[{"embeddable":true,"href":"https:\/\/itechwords.com\/es\/wp-json\/wp\/v2\/users\/1"}],"replies":[{"embeddable":true,"href":"https:\/\/itechwords.com\/es\/wp-json\/wp\/v2\/comments?post=1164"}],"version-history":[{"count":0,"href":"https:\/\/itechwords.com\/es\/wp-json\/wp\/v2\/pages\/1164\/revisions"}],"up":[{"embeddable":true,"href":"https:\/\/itechwords.com\/es\/wp-json\/wp\/v2\/pages\/1160"}],"wp:attachment":[{"href":"https:\/\/itechwords.com\/es\/wp-json\/wp\/v2\/media?parent=1164"}],"wp:term":[{"taxonomy":"post_tag","embeddable":true,"href":"https:\/\/itechwords.com\/es\/wp-json\/wp\/v2\/tags?post=1164"}],"curies":[{"name":"wp","href":"https:\/\/api.w.org\/{rel}","templated":true}]}}