{"id":1167,"date":"2020-09-03T22:13:45","date_gmt":"2020-09-03T22:13:45","guid":{"rendered":"https:\/\/itechwords.com\/?page_id=1167"},"modified":"2020-09-03T22:13:55","modified_gmt":"2020-09-03T22:13:55","slug":"locucion","status":"publish","type":"page","link":"https:\/\/itechwords.com\/es\/servicios\/locucion\/","title":{"rendered":"Locuci\u00f3n"},"content":{"rendered":"<p>Voces profesionales para trabajos de publicidad, doblaje, audiogu\u00edas, videojuegos y e-learning.<\/p>\n<p><!--more--><\/p>\n<p><strong>\u00bfVa a hacer un v\u00eddeo institucional o impartir una formaci\u00f3n y quiere incluir una narraci\u00f3n<\/strong> hecha por un profesional, o incluso con la inconfundible voz de aquel actor o actriz?<br \/>\nNuestro banco de voces ofrece las m\u00e1s diversas soluciones.<\/p>\n<hr \/>\n<h2>Servicios de locuci\u00f3n destacados:<\/h2>\n<ul>\n<li>Para trabajos de publicidad, doblaje, audiogu\u00edas, videojuegos y e-learning;<\/li>\n<li>Locutores de renombre;<\/li>\n<li>Voces masculinas y femeninas en varios idiomas;<\/li>\n<li>Estudio profesional<\/li>\n<\/ul>\n","protected":false},"excerpt":{"rendered":"<p>Voces profesionales para trabajos de publicidad, doblaje, audiogu\u00edas, videojuegos y e-learning.<\/p>\n","protected":false},"author":1,"featured_media":0,"parent":1101,"menu_order":6,"comment_status":"closed","ping_status":"closed","template":"","meta":[],"tags":[68],"_links":{"self":[{"href":"https:\/\/itechwords.com\/es\/wp-json\/wp\/v2\/pages\/1167"}],"collection":[{"href":"https:\/\/itechwords.com\/es\/wp-json\/wp\/v2\/pages"}],"about":[{"href":"https:\/\/itechwords.com\/es\/wp-json\/wp\/v2\/types\/page"}],"author":[{"embeddable":true,"href":"https:\/\/itechwords.com\/es\/wp-json\/wp\/v2\/users\/1"}],"replies":[{"embeddable":true,"href":"https:\/\/itechwords.com\/es\/wp-json\/wp\/v2\/comments?post=1167"}],"version-history":[{"count":0,"href":"https:\/\/itechwords.com\/es\/wp-json\/wp\/v2\/pages\/1167\/revisions"}],"up":[{"embeddable":true,"href":"https:\/\/itechwords.com\/es\/wp-json\/wp\/v2\/pages\/1101"}],"wp:attachment":[{"href":"https:\/\/itechwords.com\/es\/wp-json\/wp\/v2\/media?parent=1167"}],"wp:term":[{"taxonomy":"post_tag","embeddable":true,"href":"https:\/\/itechwords.com\/es\/wp-json\/wp\/v2\/tags?post=1167"}],"curies":[{"name":"wp","href":"https:\/\/api.w.org\/{rel}","templated":true}]}}