{"id":1174,"date":"2020-09-03T22:20:07","date_gmt":"2020-09-03T22:20:07","guid":{"rendered":"https:\/\/itechwords.com\/?page_id=1174"},"modified":"2020-09-03T22:20:20","modified_gmt":"2020-09-03T22:20:20","slug":"transcripcion","status":"publish","type":"page","link":"https:\/\/itechwords.com\/es\/servicios\/transcripcion\/","title":{"rendered":"Transcripci\u00f3n"},"content":{"rendered":"<p>Registro escrito del audio de vistas del tribunal, reuniones, entrevistas, informes y acciones de formaci\u00f3n.<\/p>\n<p><!--more--><\/p>\n<p>Es la soluci\u00f3n m\u00e1s adecuada cuando dispone del <strong>registro de audio de una reuni\u00f3n<\/strong>, <strong>de una conferencia<\/strong> o <strong>de una vista en un tribunal<\/strong> y necesita un registro escrito de esos contenidos, para facilitar la consulta o registrar en acta.<\/p>\n<hr \/>\n<h2>Sobre el servicio de transcripci\u00f3n:<\/h2>\n<ul>\n<li>Tenemos experiencia en vistas de tribunal, reuniones profesionales, entrevistas, informes m\u00e9dicos y acciones de formaci\u00f3n;<\/li>\n<li>Diferentes soportes multimedia;<\/li>\n<li>M\u00e1xima confidencialidad.<\/li>\n<\/ul>\n","protected":false},"excerpt":{"rendered":"<p>Registro escrito del audio de vistas del tribunal, reuniones, entrevistas, informes y acciones de formaci\u00f3n.<\/p>\n","protected":false},"author":1,"featured_media":0,"parent":1101,"menu_order":7,"comment_status":"closed","ping_status":"closed","template":"","meta":[],"tags":[70],"_links":{"self":[{"href":"https:\/\/itechwords.com\/es\/wp-json\/wp\/v2\/pages\/1174"}],"collection":[{"href":"https:\/\/itechwords.com\/es\/wp-json\/wp\/v2\/pages"}],"about":[{"href":"https:\/\/itechwords.com\/es\/wp-json\/wp\/v2\/types\/page"}],"author":[{"embeddable":true,"href":"https:\/\/itechwords.com\/es\/wp-json\/wp\/v2\/users\/1"}],"replies":[{"embeddable":true,"href":"https:\/\/itechwords.com\/es\/wp-json\/wp\/v2\/comments?post=1174"}],"version-history":[{"count":0,"href":"https:\/\/itechwords.com\/es\/wp-json\/wp\/v2\/pages\/1174\/revisions"}],"up":[{"embeddable":true,"href":"https:\/\/itechwords.com\/es\/wp-json\/wp\/v2\/pages\/1101"}],"wp:attachment":[{"href":"https:\/\/itechwords.com\/es\/wp-json\/wp\/v2\/media?parent=1174"}],"wp:term":[{"taxonomy":"post_tag","embeddable":true,"href":"https:\/\/itechwords.com\/es\/wp-json\/wp\/v2\/tags?post=1174"}],"curies":[{"name":"wp","href":"https:\/\/api.w.org\/{rel}","templated":true}]}}