{"id":1177,"date":"2020-09-03T22:20:40","date_gmt":"2020-09-03T22:20:40","guid":{"rendered":"https:\/\/itechwords.com\/?page_id=1177"},"modified":"2020-09-03T22:22:23","modified_gmt":"2020-09-03T22:22:23","slug":"dudas-frecuentes-sobre-transcripcion","status":"publish","type":"page","link":"https:\/\/itechwords.com\/es\/servicios\/transcripcion\/dudas-frecuentes-sobre-transcripcion\/","title":{"rendered":"Dudas frecuentes sobre transcripci\u00f3n"},"content":{"rendered":"<h2>\u00bfEn qu\u00e9 consiste el servicio de transcripci\u00f3n?<\/h2>\n<p>El servicio de <a href=\"https:\/\/itechwords.com\/es\/servicios\/transcripcion\/\">transcripci\u00f3n<\/a> implica <strong>la transformaci\u00f3n de un registro de audio o audiovisual en un registro escrito<\/strong>.<\/p>\n<h2>\u00bfQu\u00e9 situaciones pueden necesitar una transcripci\u00f3n?<\/h2>\n<p>Las peticiones de <a href=\"https:\/\/itechwords.com\/es\/servicios\/transcripcion\/\">transcripci\u00f3n<\/a> m\u00e1s frecuentes est\u00e1n relacionadas con <strong>vistas del tribunal, reuniones profesionales o de la comunidad de propietarios, entrevistas e informes m\u00e9dicos<\/strong>.<\/p>\n<h2>\u00bfC\u00f3mo se realiza la transcripci\u00f3n?<\/h2>\n<p>Dependiendo del idioma y del tipo de contenido de la transcripci\u00f3n, se seleccionar\u00e1n <strong>ling\u00fcistas que conozcan el tema tratado<\/strong> para garantizar una <a href=\"https:\/\/itechwords.com\/es\/servicios\/transcripcion\/\">transcripci\u00f3n<\/a> fiel a los contenidos de cada grabaci\u00f3n.<\/p>\n<h2>\u00bfC\u00f3mo se presenta la transcripci\u00f3n?<\/h2>\n<p>Depende de la necesidad o uso previsto para facilitar su posterior consulta. Se podr\u00e1 <strong>identificar a las personas involucradas en la grabaci\u00f3n<\/strong> a trav\u00e9s de la indicaci\u00f3n de su nombre, cargo o funci\u00f3n, incluyendo tambi\u00e9n la <strong>presentaci\u00f3n del tiempo transcurrido<\/strong> en cada inicio de p\u00e1gina para facilitar la localizaci\u00f3n de los contenidos de audio.<\/p>\n<h2>\u00bfC\u00f3mo se realiza la transcripci\u00f3n de contenidos confidenciales?<\/h2>\n<p>Tal y como sucede con todos los proyectos que hacemos, <strong>garantizamos la confidencialidad de los contenidos<\/strong> utilizados para la <a href=\"https:\/\/itechwords.com\/es\/servicios\/transcripcion\/\">transcripci\u00f3n<\/a>, pudiendo solicitar un acuerdo de confidencialidad espec\u00edfico para este servicio.<\/p>\n","protected":false},"excerpt":{"rendered":"<p>\u00bfEn qu\u00e9 consiste el servicio de transcripci\u00f3n? El servicio de transcripci\u00f3n implica la transformaci\u00f3n de un registro de audio o audiovisual en un registro escrito. \u00bfQu\u00e9 situaciones pueden necesitar una transcripci\u00f3n? Las peticiones de transcripci\u00f3n m\u00e1s frecuentes est\u00e1n relacionadas con vistas del tribunal, reuniones profesionales o de la comunidad de propietarios, entrevistas e informes m\u00e9dicos. [&hellip;]<\/p>\n","protected":false},"author":1,"featured_media":0,"parent":1174,"menu_order":0,"comment_status":"closed","ping_status":"closed","template":"page-templates\/accordion.php","meta":[],"tags":[70],"_links":{"self":[{"href":"https:\/\/itechwords.com\/es\/wp-json\/wp\/v2\/pages\/1177"}],"collection":[{"href":"https:\/\/itechwords.com\/es\/wp-json\/wp\/v2\/pages"}],"about":[{"href":"https:\/\/itechwords.com\/es\/wp-json\/wp\/v2\/types\/page"}],"author":[{"embeddable":true,"href":"https:\/\/itechwords.com\/es\/wp-json\/wp\/v2\/users\/1"}],"replies":[{"embeddable":true,"href":"https:\/\/itechwords.com\/es\/wp-json\/wp\/v2\/comments?post=1177"}],"version-history":[{"count":0,"href":"https:\/\/itechwords.com\/es\/wp-json\/wp\/v2\/pages\/1177\/revisions"}],"up":[{"embeddable":true,"href":"https:\/\/itechwords.com\/es\/wp-json\/wp\/v2\/pages\/1174"}],"wp:attachment":[{"href":"https:\/\/itechwords.com\/es\/wp-json\/wp\/v2\/media?parent=1177"}],"wp:term":[{"taxonomy":"post_tag","embeddable":true,"href":"https:\/\/itechwords.com\/es\/wp-json\/wp\/v2\/tags?post=1177"}],"curies":[{"name":"wp","href":"https:\/\/api.w.org\/{rel}","templated":true}]}}