{"id":1183,"date":"2020-09-03T22:24:25","date_gmt":"2020-09-03T22:24:25","guid":{"rendered":"https:\/\/itechwords.com\/?page_id=1183"},"modified":"2020-09-03T22:24:25","modified_gmt":"2020-09-03T22:24:25","slug":"maquetacion","status":"publish","type":"page","link":"https:\/\/itechwords.com\/es\/servicios\/maquetacion\/","title":{"rendered":"Maquetaci\u00f3n"},"content":{"rendered":"<p>Elaboraci\u00f3n de folletos, presentaciones y gr\u00e1ficos, con preparaci\u00f3n de artes finales y servicio de impresi\u00f3n.<\/p>\n<p><!--more--><\/p>\n<p>Si quiere realizar el <strong>dise\u00f1o gr\u00e1fico de un documento<\/strong> o <strong>preparar una presentaci\u00f3n<\/strong>, disponemos de las herramientas necesarias para llevar a cabo la composici\u00f3n de los documentos o para hacer la impresi\u00f3n en una imprenta.<\/p>\n<hr \/>\n<h2>Aplicaciones del servicio de maquetaci\u00f3n<\/h2>\n<ul>\n<li>Creaci\u00f3n de folletos, presentaciones y gr\u00e1ficos;<\/li>\n<li>Preparaci\u00f3n para impresi\u00f3n;<\/li>\n<li>Remate de documentos;<\/li>\n<li>Experiencia en software Acrobat, InDesign, Photoshop, Illustrator, Dreamweaver y Microsoft Office Suite, entre otros.<\/li>\n<\/ul>\n","protected":false},"excerpt":{"rendered":"<p>Elaboraci\u00f3n de folletos, presentaciones y gr\u00e1ficos, con preparaci\u00f3n de artes finales y servicio de impresi\u00f3n.<\/p>\n","protected":false},"author":1,"featured_media":0,"parent":1101,"menu_order":8,"comment_status":"closed","ping_status":"closed","template":"","meta":[],"tags":[62],"_links":{"self":[{"href":"https:\/\/itechwords.com\/es\/wp-json\/wp\/v2\/pages\/1183"}],"collection":[{"href":"https:\/\/itechwords.com\/es\/wp-json\/wp\/v2\/pages"}],"about":[{"href":"https:\/\/itechwords.com\/es\/wp-json\/wp\/v2\/types\/page"}],"author":[{"embeddable":true,"href":"https:\/\/itechwords.com\/es\/wp-json\/wp\/v2\/users\/1"}],"replies":[{"embeddable":true,"href":"https:\/\/itechwords.com\/es\/wp-json\/wp\/v2\/comments?post=1183"}],"version-history":[{"count":0,"href":"https:\/\/itechwords.com\/es\/wp-json\/wp\/v2\/pages\/1183\/revisions"}],"up":[{"embeddable":true,"href":"https:\/\/itechwords.com\/es\/wp-json\/wp\/v2\/pages\/1101"}],"wp:attachment":[{"href":"https:\/\/itechwords.com\/es\/wp-json\/wp\/v2\/media?parent=1183"}],"wp:term":[{"taxonomy":"post_tag","embeddable":true,"href":"https:\/\/itechwords.com\/es\/wp-json\/wp\/v2\/tags?post=1183"}],"curies":[{"name":"wp","href":"https:\/\/api.w.org\/{rel}","templated":true}]}}