{"id":1187,"date":"2020-09-03T22:26:27","date_gmt":"2020-09-03T22:26:27","guid":{"rendered":"https:\/\/itechwords.com\/?page_id=1187"},"modified":"2020-09-03T22:26:49","modified_gmt":"2020-09-03T22:26:49","slug":"dudas-frecuentes-sobre-maquetacion","status":"publish","type":"page","link":"https:\/\/itechwords.com\/es\/servicios\/maquetacion\/dudas-frecuentes-sobre-maquetacion\/","title":{"rendered":"Dudas frecuentes sobre maquetaci\u00f3n"},"content":{"rendered":"<h2>\u00bfQu\u00e9 cubre el servicio de maquetaci\u00f3n?<\/h2>\n<p>Desde la simple <strong><a href=\"https:\/\/itechwords.com\/es\/servicios\/maquetacion\/\">maquetaci\u00f3n<\/a><\/strong><strong> de una presentaci\u00f3n para una reuni\u00f3n de empresa<\/strong>, pasando por una <strong>composici\u00f3n gr\u00e1fica<\/strong> que refleje con exactitud la estructura del documento original, as\u00ed como la <strong>preparaci\u00f3n de un folleto o cat\u00e1logo para impresi\u00f3n<\/strong> en formato digital u offset.<\/p>\n<h2>\u00bfCon qu\u00e9 extensiones de archivos gr\u00e1ficos trabajan?<\/h2>\n<p>Solo tiene que indicar qu\u00e9 formato de la extensi\u00f3n de archivo desea. Trabajamos con <strong>los formatos gr\u00e1ficos m\u00e1s comunes<\/strong>.<\/p>\n<h2>\u00bfSe encargan de preparar la maquetaci\u00f3n para imprenta?<\/h2>\n<p>S\u00ed, solo tiene que indicar <strong>cu\u00e1l es el tipo de impresi\u00f3n y la extensi\u00f3n del archivo<\/strong> que desea entregar a la imprenta.<\/p>\n<h2>\u00bfPrestan el servicio de maquetaci\u00f3n e impresi\u00f3n?<\/h2>\n<p>Cuando opta por la soluci\u00f3n completa, en la que entregamos el producto final con la impresi\u00f3n gr\u00e1fica incluida, deber\u00e1 indicarnos <strong>las dimensiones, el tipo de papel, el acabamiento que quiere, as\u00ed como el n\u00famero de ejemplares necesarios<\/strong>.<\/p>\n<h2>\u00bfCu\u00e1l es el mejor formato para el material gr\u00e1fico?<\/h2>\n<p>Si no sabe cu\u00e1l es la mejor soluci\u00f3n para aplicar en su proyecto, nuestro equipo tiene <strong>experiencia y los conocimientos necesarios<\/strong> para aconsejar la soluci\u00f3n que mejor corresponde a los resultados que usted desea.<\/p>\n<h2>\u00bfConsiguen ofrecer un proyecto llave en mano?<\/h2>\n<p>Adem\u00e1s del servicio de <a href=\"https:\/\/itechwords.com\/es\/servicios\/traduccion\/\">traducci\u00f3n<\/a>, contamos con equipo adecuado para trabajar <strong>los archivos gr\u00e1ficos m\u00e1s comunes y colaboraciones con empresas de dise\u00f1o gr\u00e1fico<\/strong> que nos permiten ofrecer la mejor calidad de impresi\u00f3n en diferentes formatos.<\/p>\n","protected":false},"excerpt":{"rendered":"<p>\u00bfQu\u00e9 cubre el servicio de maquetaci\u00f3n? Desde la simple maquetaci\u00f3n de una presentaci\u00f3n para una reuni\u00f3n de empresa, pasando por una composici\u00f3n gr\u00e1fica que refleje con exactitud la estructura del documento original, as\u00ed como la preparaci\u00f3n de un folleto o cat\u00e1logo para impresi\u00f3n en formato digital u offset. \u00bfCon qu\u00e9 extensiones de archivos gr\u00e1ficos trabajan? [&hellip;]<\/p>\n","protected":false},"author":1,"featured_media":0,"parent":1183,"menu_order":0,"comment_status":"closed","ping_status":"closed","template":"page-templates\/accordion.php","meta":[],"tags":[62],"_links":{"self":[{"href":"https:\/\/itechwords.com\/es\/wp-json\/wp\/v2\/pages\/1187"}],"collection":[{"href":"https:\/\/itechwords.com\/es\/wp-json\/wp\/v2\/pages"}],"about":[{"href":"https:\/\/itechwords.com\/es\/wp-json\/wp\/v2\/types\/page"}],"author":[{"embeddable":true,"href":"https:\/\/itechwords.com\/es\/wp-json\/wp\/v2\/users\/1"}],"replies":[{"embeddable":true,"href":"https:\/\/itechwords.com\/es\/wp-json\/wp\/v2\/comments?post=1187"}],"version-history":[{"count":0,"href":"https:\/\/itechwords.com\/es\/wp-json\/wp\/v2\/pages\/1187\/revisions"}],"up":[{"embeddable":true,"href":"https:\/\/itechwords.com\/es\/wp-json\/wp\/v2\/pages\/1183"}],"wp:attachment":[{"href":"https:\/\/itechwords.com\/es\/wp-json\/wp\/v2\/media?parent=1187"}],"wp:term":[{"taxonomy":"post_tag","embeddable":true,"href":"https:\/\/itechwords.com\/es\/wp-json\/wp\/v2\/tags?post=1187"}],"curies":[{"name":"wp","href":"https:\/\/api.w.org\/{rel}","templated":true}]}}