{"id":1190,"date":"2020-09-03T22:28:58","date_gmt":"2020-09-03T22:28:58","guid":{"rendered":"https:\/\/itechwords.com\/?page_id=1190"},"modified":"2020-09-03T22:29:12","modified_gmt":"2020-09-03T22:29:12","slug":"industrias","status":"publish","type":"page","link":"https:\/\/itechwords.com\/es\/industrias\/","title":{"rendered":"Industrias"},"content":{"rendered":"<h2>A la medida de su negocio<\/h2>\n<p>Sabemos que un texto t\u00e9cnico puede incluir tambi\u00e9n un componente jur\u00eddico y que, a veces, incluso en un texto generalista encontramos contenidos m\u00e1s especializados.<\/p>\n<p>El lenguaje no est\u00e1 compartimentado y\u00a0<strong>itechwords<\/strong>\u00a0puede ayudarle a llegar m\u00e1s lejos, sea cual sea el \u00e1rea de negocio o la industria en la que opera.<\/p>\n<p>Queremos conocer sus objetivos para poder presentar la f\u00f3rmula m\u00e1s adecuada que permita alcanzar sus metas.<\/p>\n","protected":false},"excerpt":{"rendered":"<p>A la medida de su negocio Sabemos que un texto t\u00e9cnico puede incluir tambi\u00e9n un componente jur\u00eddico y que, a veces, incluso en un texto generalista encontramos contenidos m\u00e1s especializados. El lenguaje no est\u00e1 compartimentado y\u00a0itechwords\u00a0puede ayudarle a llegar m\u00e1s lejos, sea cual sea el \u00e1rea de negocio o la industria en la que opera. [&hellip;]<\/p>\n","protected":false},"author":1,"featured_media":0,"parent":0,"menu_order":2,"comment_status":"closed","ping_status":"closed","template":"page-templates\/boxes.php","meta":[],"tags":[],"_links":{"self":[{"href":"https:\/\/itechwords.com\/es\/wp-json\/wp\/v2\/pages\/1190"}],"collection":[{"href":"https:\/\/itechwords.com\/es\/wp-json\/wp\/v2\/pages"}],"about":[{"href":"https:\/\/itechwords.com\/es\/wp-json\/wp\/v2\/types\/page"}],"author":[{"embeddable":true,"href":"https:\/\/itechwords.com\/es\/wp-json\/wp\/v2\/users\/1"}],"replies":[{"embeddable":true,"href":"https:\/\/itechwords.com\/es\/wp-json\/wp\/v2\/comments?post=1190"}],"version-history":[{"count":0,"href":"https:\/\/itechwords.com\/es\/wp-json\/wp\/v2\/pages\/1190\/revisions"}],"wp:attachment":[{"href":"https:\/\/itechwords.com\/es\/wp-json\/wp\/v2\/media?parent=1190"}],"wp:term":[{"taxonomy":"post_tag","embeddable":true,"href":"https:\/\/itechwords.com\/es\/wp-json\/wp\/v2\/tags?post=1190"}],"curies":[{"name":"wp","href":"https:\/\/api.w.org\/{rel}","templated":true}]}}