{"id":1194,"date":"2020-09-03T22:33:09","date_gmt":"2020-09-03T22:33:09","guid":{"rendered":"https:\/\/itechwords.com\/?page_id=1194"},"modified":"2020-09-07T15:57:23","modified_gmt":"2020-09-07T15:57:23","slug":"automovil","status":"publish","type":"page","link":"https:\/\/itechwords.com\/es\/industrias\/automovil\/","title":{"rendered":"Autom\u00f3vil"},"content":{"rendered":"<p>Damos respuesta inmediata a las exigentes prestaciones de la industria del autom\u00f3vil.<\/p>\n<p><!--more--><\/p>\n<h2>Damos respuesta inmediata a las exigentes prestaciones de la industria del autom\u00f3vil<\/h2>\n<p>Siempre que o\u00edmos el rugido de un motor instalado en un veh\u00edculo de dos, cuatro o m\u00e1s ruedas, nos emocionamos. No podemos contener nuestras sonrisas cuando sentimos la aceleraci\u00f3n instant\u00e1nea de un veh\u00edculo el\u00e9ctrico. Compartimos la misma pasi\u00f3n.<\/p>\n<hr \/>\n<h2>Trabajamos con marcas:<\/h2>\n<p style=\"text-align: right;\"><a href=\"https:\/\/itechwords.com\/wp-content\/uploads\/itechwords_auto_EN.pdf\" target=\"_blank\" rel=\"noopener noreferrer\">Folleto Autom\u00f3vil (en ingl\u00e9s)<\/a> <a href=\"https:\/\/itechwords.com\/wp-content\/uploads\/itechwords_moto_ES.pdf\" target=\"_blank\" rel=\"noopener noreferrer\">Folleto Motociclismo<\/a><\/p>\n<ul>\n<li>Autom\u00f3viles<\/li>\n<li>Motos<\/li>\n<li>Camiones<\/li>\n<li>Veh\u00edculos industriales<\/li>\n<\/ul>\n<p>&nbsp;<\/p>\n<hr \/>\n<p>Nuestros servicios nos permiten acompa\u00f1ar a nuestros clientes de la industria del autom\u00f3vil en todas las fases del proyecto, proporcionando contenidos ling\u00fc\u00edsticos en diversos idiomas y la creaci\u00f3n de materiales en formato electr\u00f3nico o impreso.<\/p>\n<h2>Nuestro servicio:<\/h2>\n<ul>\n<li>Traductores nativos &#8211; Contamos \u00fanicamente con <a href=\"https:\/\/itechwords.com\/es\/servicios\/traduccion\/\">traductores<\/a> nativos especializados.<\/li>\n<li>Experiencia &#8211;\u00a0S\u00f3lido conocimiento de los diferentes materiales de la industria.<\/li>\n<li>Conformidad &#8211;\u00a0Aplicaci\u00f3n rigurosa de las normas y de los requisitos espec\u00edficos de la industria del autom\u00f3vil.<\/li>\n<li>Rentabilidad &#8211; M\u00e1xima coherencia y rentabilidad en cada proyecto.<\/li>\n<\/ul>\n","protected":false},"excerpt":{"rendered":"<p>Damos respuesta inmediata a las exigentes prestaciones de la industria del autom\u00f3vil.<\/p>\n","protected":false},"author":1,"featured_media":0,"parent":1190,"menu_order":0,"comment_status":"closed","ping_status":"closed","template":"","meta":[],"tags":[57],"_links":{"self":[{"href":"https:\/\/itechwords.com\/es\/wp-json\/wp\/v2\/pages\/1194"}],"collection":[{"href":"https:\/\/itechwords.com\/es\/wp-json\/wp\/v2\/pages"}],"about":[{"href":"https:\/\/itechwords.com\/es\/wp-json\/wp\/v2\/types\/page"}],"author":[{"embeddable":true,"href":"https:\/\/itechwords.com\/es\/wp-json\/wp\/v2\/users\/1"}],"replies":[{"embeddable":true,"href":"https:\/\/itechwords.com\/es\/wp-json\/wp\/v2\/comments?post=1194"}],"version-history":[{"count":0,"href":"https:\/\/itechwords.com\/es\/wp-json\/wp\/v2\/pages\/1194\/revisions"}],"up":[{"embeddable":true,"href":"https:\/\/itechwords.com\/es\/wp-json\/wp\/v2\/pages\/1190"}],"wp:attachment":[{"href":"https:\/\/itechwords.com\/es\/wp-json\/wp\/v2\/media?parent=1194"}],"wp:term":[{"taxonomy":"post_tag","embeddable":true,"href":"https:\/\/itechwords.com\/es\/wp-json\/wp\/v2\/tags?post=1194"}],"curies":[{"name":"wp","href":"https:\/\/api.w.org\/{rel}","templated":true}]}}