{"id":1200,"date":"2020-09-03T22:53:41","date_gmt":"2020-09-03T22:53:41","guid":{"rendered":"https:\/\/itechwords.com\/?page_id=1200"},"modified":"2020-09-03T23:00:18","modified_gmt":"2020-09-03T23:00:18","slug":"tecnologica","status":"publish","type":"page","link":"https:\/\/itechwords.com\/es\/industrias\/tecnologica\/","title":{"rendered":"Tecnol\u00f3gica"},"content":{"rendered":"<p>Soluciones ling\u00fc\u00edsticas de \u00faltima generaci\u00f3n para las m\u00e1s diversas \u00e1reas tecnol\u00f3gicas<!--more--><\/p>\n<h2>Soluciones ling\u00fc\u00edsticas de \u00faltima generaci\u00f3n para las m\u00e1s diversas \u00e1reas tecnol\u00f3gicas<\/h2>\n<p>Es imposible ignorar el componente tecnol\u00f3gico que nos acompa\u00f1a diariamente.<br \/>\nEl smartphone se ha transformado en un compa\u00f1ero inseparable que nos permite comunicar, trabajar, relajarnos e incluso controlar algunos equipamientos a trav\u00e9s de internet de las cosas.<br \/>\nEsta facilidad tecnol\u00f3gica nos permite llegar a todas partes con rapidez. Quien no deje una marca positiva en el mercado quedar\u00e1 relegado en un segundo plano.<\/p>\n<hr \/>\n<h2>Tenemos experiencia en:<\/h2>\n<p style=\"text-align: right;\"><a href=\"https:\/\/itechwords.com\/wp-content\/uploads\/itechwords_tech_EN.pdf\" target=\"_blank\" rel=\"noopener noreferrer\">Folleto<\/a><\/p>\n<ul>\n<li>Comercio electr\u00f3nico;<\/li>\n<li>Ordenadores, hardware y software;<\/li>\n<li>Automoci\u00f3n y rob\u00f3tica;<\/li>\n<li>TI &#8211; Tecnolog\u00edas de la informaci\u00f3n;<\/li>\n<li>Videojuegos y aplicaciones;<\/li>\n<li>Manufactura y producci\u00f3n;<\/li>\n<li>Telecomunicaciones, redes y sistemas;<\/li>\n<li>Electrodom\u00e9sticos;<\/li>\n<li>Dispositivos m\u00e9dicos;<\/li>\n<li>Patentes.<\/li>\n<\/ul>\n<hr \/>\n<h2>Apuesta por el sector tecnol\u00f3gico:<\/h2>\n<ul>\n<li>Internacionalizaci\u00f3n &#8211; Capacidad para ayudar en la internacionalizaci\u00f3n de su negocio.<\/li>\n<li>Dedicaci\u00f3n &#8211;\u00a0Gestores de proyecto dedicados al desarrollo de proyectos llave en mano.<\/li>\n<li>Adaptaci\u00f3n &#8211;\u00a0Enfoque adecuado a la cultura de cada mercado y p\u00fablico objetivo.<\/li>\n<li>Soluciones &#8211;\u00a0Soluciones multimedia complementarias.<\/li>\n<\/ul>\n","protected":false},"excerpt":{"rendered":"<p>Soluciones ling\u00fc\u00edsticas de \u00faltima generaci\u00f3n para las m\u00e1s diversas \u00e1reas tecnol\u00f3gicas<\/p>\n","protected":false},"author":1,"featured_media":0,"parent":1190,"menu_order":1,"comment_status":"closed","ping_status":"closed","template":"","meta":[],"tags":[73],"_links":{"self":[{"href":"https:\/\/itechwords.com\/es\/wp-json\/wp\/v2\/pages\/1200"}],"collection":[{"href":"https:\/\/itechwords.com\/es\/wp-json\/wp\/v2\/pages"}],"about":[{"href":"https:\/\/itechwords.com\/es\/wp-json\/wp\/v2\/types\/page"}],"author":[{"embeddable":true,"href":"https:\/\/itechwords.com\/es\/wp-json\/wp\/v2\/users\/1"}],"replies":[{"embeddable":true,"href":"https:\/\/itechwords.com\/es\/wp-json\/wp\/v2\/comments?post=1200"}],"version-history":[{"count":0,"href":"https:\/\/itechwords.com\/es\/wp-json\/wp\/v2\/pages\/1200\/revisions"}],"up":[{"embeddable":true,"href":"https:\/\/itechwords.com\/es\/wp-json\/wp\/v2\/pages\/1190"}],"wp:attachment":[{"href":"https:\/\/itechwords.com\/es\/wp-json\/wp\/v2\/media?parent=1200"}],"wp:term":[{"taxonomy":"post_tag","embeddable":true,"href":"https:\/\/itechwords.com\/es\/wp-json\/wp\/v2\/tags?post=1200"}],"curies":[{"name":"wp","href":"https:\/\/api.w.org\/{rel}","templated":true}]}}