{"id":1205,"date":"2020-09-03T23:02:33","date_gmt":"2020-09-03T23:02:33","guid":{"rendered":"https:\/\/itechwords.com\/?page_id=1205"},"modified":"2020-09-03T23:02:33","modified_gmt":"2020-09-03T23:02:33","slug":"ingenieria","status":"publish","type":"page","link":"https:\/\/itechwords.com\/es\/industrias\/ingenieria\/","title":{"rendered":"Ingenier\u00eda"},"content":{"rendered":"<p>Rigurosos m\u00e9todos de transformaci\u00f3n de contenidos a diferentes idiomas<br \/>\n<!--more--><\/p>\n<h2>Rigurosos m\u00e9todos de transformaci\u00f3n de contenidos a diferentes idiomas<\/h2>\n<p>Las ingenier\u00edas ocupan gran parte de los sectores de actividad m\u00e1s importantes en todo el mundo.<br \/>\nEn todas ellas, el rigor y la precisi\u00f3n son requisitos indispensables para concretizar cada proyecto.<\/p>\n<hr \/>\n<h2>Prestamos <a href=\"https:\/\/itechwords.com\/es\/servicios\/\">servicios ling\u00fc\u00edsticos<\/a> para clientes de las siguientes ingenier\u00edas:<\/h2>\n<ul>\n<li>Electr\u00f3nica y rob\u00f3tica;<\/li>\n<li>Energ\u00e9tica y el\u00e9ctrica;<\/li>\n<li>Civil y estructuras;<\/li>\n<li>Mec\u00e1nica,\u00a0metal\u00fargica e industrial;<\/li>\n<li>Aeron\u00e1utica y aeroespacial;<\/li>\n<li>Minas y piedras preciosas;<\/li>\n<li>Energ\u00edas renovables.<\/li>\n<\/ul>\n<hr \/>\n<h2>Nuestro servicio:<\/h2>\n<ul>\n<li>Software avanzado &#8211;\u00a0Recurso a software avanzado para garantizar la m\u00e1xima coherencia y el m\u00e1ximo rigor.<\/li>\n<li>Flexibilidad &#8211;\u00a0Flexibilidad de respuesta a las exigencias de cada proyecto.<\/li>\n<li>Profesionalidad &#8211; Respetamos las normas de redacci\u00f3n t\u00e9cnica espec\u00edficas de cada industria.<\/li>\n<li>Confidencialidad &#8211;\u00a0M\u00e1xima confidencialidad en todo el proceso.<\/li>\n<\/ul>\n","protected":false},"excerpt":{"rendered":"<p>Rigurosos m\u00e9todos de transformaci\u00f3n de contenidos a diferentes idiomas<\/p>\n","protected":false},"author":1,"featured_media":0,"parent":1190,"menu_order":2,"comment_status":"closed","ping_status":"closed","template":"","meta":[],"tags":[61],"_links":{"self":[{"href":"https:\/\/itechwords.com\/es\/wp-json\/wp\/v2\/pages\/1205"}],"collection":[{"href":"https:\/\/itechwords.com\/es\/wp-json\/wp\/v2\/pages"}],"about":[{"href":"https:\/\/itechwords.com\/es\/wp-json\/wp\/v2\/types\/page"}],"author":[{"embeddable":true,"href":"https:\/\/itechwords.com\/es\/wp-json\/wp\/v2\/users\/1"}],"replies":[{"embeddable":true,"href":"https:\/\/itechwords.com\/es\/wp-json\/wp\/v2\/comments?post=1205"}],"version-history":[{"count":0,"href":"https:\/\/itechwords.com\/es\/wp-json\/wp\/v2\/pages\/1205\/revisions"}],"up":[{"embeddable":true,"href":"https:\/\/itechwords.com\/es\/wp-json\/wp\/v2\/pages\/1190"}],"wp:attachment":[{"href":"https:\/\/itechwords.com\/es\/wp-json\/wp\/v2\/media?parent=1205"}],"wp:term":[{"taxonomy":"post_tag","embeddable":true,"href":"https:\/\/itechwords.com\/es\/wp-json\/wp\/v2\/tags?post=1205"}],"curies":[{"name":"wp","href":"https:\/\/api.w.org\/{rel}","templated":true}]}}