{"id":1210,"date":"2020-09-03T23:26:59","date_gmt":"2020-09-03T23:26:59","guid":{"rendered":"https:\/\/itechwords.com\/?page_id=1210"},"modified":"2020-09-03T23:27:15","modified_gmt":"2020-09-03T23:27:15","slug":"marketing","status":"publish","type":"page","link":"https:\/\/itechwords.com\/es\/industrias\/marketing\/","title":{"rendered":"Marketing"},"content":{"rendered":"<p>Comunicaci\u00f3n adecuada para la globalizaci\u00f3n de marcas y servicios<br \/>\n<!--more--><\/p>\n<h2>Comunicaci\u00f3n adecuada para la globalizaci\u00f3n de marcas y servicios<\/h2>\n<p>Todas las marcas tienen que comunicar sus productos y servicios, ya sea para mantener una posici\u00f3n en el mercado o para captar nuevos consumidores. Adem\u00e1s, cada mercado tiene una identidad propia, formada por la cultura de cada pa\u00eds o regi\u00f3n.<br \/>\nLos contenidos de marketing no se pueden usar globalmente sin una adaptaci\u00f3n local.<\/p>\n<hr \/>\n<h2>Trabajamos con clientes en los sectores de:<\/h2>\n<ul>\n<li>Publicidad<\/li>\n<li>Medios de comunicaci\u00f3n<\/li>\n<li>Multimedia<\/li>\n<\/ul>\n<hr \/>\n<h2>Nuestro servicio:<\/h2>\n<ul>\n<li>Sinergia &#8211;\u00a0Sinergia entre <a href=\"https:\/\/itechwords.com\/es\/servicios\/traduccion\/\">traductores<\/a> y copywriters.<\/li>\n<li>Redes sociales &#8211; Dominio de las diferentes redes sociales y plataformas de blog.<\/li>\n<li>Diversidad &#8211;\u00a0Servicios diversificados adaptados a las diferentes estrategias.<\/li>\n<li>Soluciones &#8211;\u00a0Soluciones de <a href=\"https:\/\/itechwords.com\/es\/servicios\/locucion\/\">locuci\u00f3n<\/a> con locutores de renombre.<\/li>\n<\/ul>\n","protected":false},"excerpt":{"rendered":"<p>Comunicaci\u00f3n adecuada para la globalizaci\u00f3n de marcas y servicios<\/p>\n","protected":false},"author":1,"featured_media":0,"parent":1190,"menu_order":3,"comment_status":"closed","ping_status":"closed","template":"","meta":[],"tags":[69],"_links":{"self":[{"href":"https:\/\/itechwords.com\/es\/wp-json\/wp\/v2\/pages\/1210"}],"collection":[{"href":"https:\/\/itechwords.com\/es\/wp-json\/wp\/v2\/pages"}],"about":[{"href":"https:\/\/itechwords.com\/es\/wp-json\/wp\/v2\/types\/page"}],"author":[{"embeddable":true,"href":"https:\/\/itechwords.com\/es\/wp-json\/wp\/v2\/users\/1"}],"replies":[{"embeddable":true,"href":"https:\/\/itechwords.com\/es\/wp-json\/wp\/v2\/comments?post=1210"}],"version-history":[{"count":0,"href":"https:\/\/itechwords.com\/es\/wp-json\/wp\/v2\/pages\/1210\/revisions"}],"up":[{"embeddable":true,"href":"https:\/\/itechwords.com\/es\/wp-json\/wp\/v2\/pages\/1190"}],"wp:attachment":[{"href":"https:\/\/itechwords.com\/es\/wp-json\/wp\/v2\/media?parent=1210"}],"wp:term":[{"taxonomy":"post_tag","embeddable":true,"href":"https:\/\/itechwords.com\/es\/wp-json\/wp\/v2\/tags?post=1210"}],"curies":[{"name":"wp","href":"https:\/\/api.w.org\/{rel}","templated":true}]}}