{"id":1228,"date":"2020-09-03T23:38:55","date_gmt":"2020-09-03T23:38:55","guid":{"rendered":"https:\/\/itechwords.com\/?page_id=1228"},"modified":"2020-09-03T23:39:29","modified_gmt":"2020-09-03T23:39:29","slug":"biografia","status":"publish","type":"page","link":"https:\/\/itechwords.com\/es\/acerca\/biografia\/","title":{"rendered":"Biograf\u00eda"},"content":{"rendered":"<blockquote><p>Cuando era ni\u00f1o sent\u00eda mucha curiosidad y hac\u00eda todo lo posible para entender lo que dec\u00edan los extranjeros, con aquella forma tan peculiar de hablar.<br \/>\nTambi\u00e9n so\u00f1aba con ser ingeniero y construir motores, pero al final fueron los idiomas quienes ganaron el desaf\u00edo.<\/p><\/blockquote>\n<p><strong>Paulo Concei\u00e7\u00e3o<\/strong><br \/>\nFundador y CEO<\/p>\n<hr \/>\n<p>Con una licenciatura en <a href=\"https:\/\/itechwords.com\/es\/servicios\/traduccion\/\">Traducci\u00f3n<\/a> y una especializaci\u00f3n en el \u00e1rea t\u00e9cnica, ha ocupado diversos cargos a lo largo de sus m\u00e1s de 20 a\u00f1os de carrera en este sector. Enamorado de la mec\u00e1nica y la tecnolog\u00eda, adora los desaf\u00edos que presentan las constantes innovaciones.<\/p>\n","protected":false},"excerpt":{"rendered":"<p>Cuando era ni\u00f1o sent\u00eda mucha curiosidad y hac\u00eda todo lo posible para entender lo que dec\u00edan los extranjeros, con aquella forma tan peculiar de hablar. Tambi\u00e9n so\u00f1aba con ser ingeniero y construir motores, pero al final fueron los idiomas quienes ganaron el desaf\u00edo. Paulo Concei\u00e7\u00e3o Fundador y CEO Con una licenciatura en Traducci\u00f3n y una [&hellip;]<\/p>\n","protected":false},"author":1,"featured_media":322,"parent":1218,"menu_order":0,"comment_status":"closed","ping_status":"closed","template":"","meta":[],"tags":[],"_links":{"self":[{"href":"https:\/\/itechwords.com\/es\/wp-json\/wp\/v2\/pages\/1228"}],"collection":[{"href":"https:\/\/itechwords.com\/es\/wp-json\/wp\/v2\/pages"}],"about":[{"href":"https:\/\/itechwords.com\/es\/wp-json\/wp\/v2\/types\/page"}],"author":[{"embeddable":true,"href":"https:\/\/itechwords.com\/es\/wp-json\/wp\/v2\/users\/1"}],"replies":[{"embeddable":true,"href":"https:\/\/itechwords.com\/es\/wp-json\/wp\/v2\/comments?post=1228"}],"version-history":[{"count":0,"href":"https:\/\/itechwords.com\/es\/wp-json\/wp\/v2\/pages\/1228\/revisions"}],"up":[{"embeddable":true,"href":"https:\/\/itechwords.com\/es\/wp-json\/wp\/v2\/pages\/1218"}],"wp:featuredmedia":[{"embeddable":true,"href":"https:\/\/itechwords.com\/es\/wp-json\/wp\/v2\/media\/322"}],"wp:attachment":[{"href":"https:\/\/itechwords.com\/es\/wp-json\/wp\/v2\/media?parent=1228"}],"wp:term":[{"taxonomy":"post_tag","embeddable":true,"href":"https:\/\/itechwords.com\/es\/wp-json\/wp\/v2\/tags?post=1228"}],"curies":[{"name":"wp","href":"https:\/\/api.w.org\/{rel}","templated":true}]}}