{"id":1239,"date":"2020-09-04T00:54:58","date_gmt":"2020-09-04T00:54:58","guid":{"rendered":"https:\/\/itechwords.com\/?page_id=1239"},"modified":"2020-09-04T00:54:58","modified_gmt":"2020-09-04T00:54:58","slug":"citro-boxer-garage","status":"publish","type":"page","link":"https:\/\/itechwords.com\/es\/acerca\/clientes\/citro-boxer-garage\/","title":{"rendered":"Citro Boxer Garage"},"content":{"rendered":"<blockquote><p><strong>Itechwords<\/strong> ha sido un aliado desde el inicio de nuestra actividad. Siempre est\u00e1n disponibles para responder a cualquier petici\u00f3n, desde la gesti\u00f3n de las redes sociales a la traducci\u00f3n de comunicaciones internas e internacionales. Y lo mejor de todo, traducciones t\u00e9cnicas al mejor nivel y con una calidad que no se encuentra f\u00e1cilmente. Esp\u00edritu joven, r\u00e1pidos acorde a las necesidades y con un trato muy cercano.<\/p><\/blockquote>\n<p><strong>Vitor P.<br \/>\n<\/strong>Citro Boxer Garage<strong><br \/>\n<\/strong><\/p>\n","protected":false},"excerpt":{"rendered":"<p>Itechwords ha sido un aliado desde el inicio de nuestra actividad. Siempre est\u00e1n disponibles para responder a cualquier petici\u00f3n, desde la gesti\u00f3n de las redes sociales a la traducci\u00f3n de comunicaciones internas e internacionales. Y lo mejor de todo, traducciones t\u00e9cnicas al mejor nivel y con una calidad que no se encuentra f\u00e1cilmente. Esp\u00edritu joven, [&hellip;]<\/p>\n","protected":false},"author":1,"featured_media":560,"parent":1231,"menu_order":2,"comment_status":"closed","ping_status":"closed","template":"","meta":[],"tags":[57,61,69,63,74],"_links":{"self":[{"href":"https:\/\/itechwords.com\/es\/wp-json\/wp\/v2\/pages\/1239"}],"collection":[{"href":"https:\/\/itechwords.com\/es\/wp-json\/wp\/v2\/pages"}],"about":[{"href":"https:\/\/itechwords.com\/es\/wp-json\/wp\/v2\/types\/page"}],"author":[{"embeddable":true,"href":"https:\/\/itechwords.com\/es\/wp-json\/wp\/v2\/users\/1"}],"replies":[{"embeddable":true,"href":"https:\/\/itechwords.com\/es\/wp-json\/wp\/v2\/comments?post=1239"}],"version-history":[{"count":0,"href":"https:\/\/itechwords.com\/es\/wp-json\/wp\/v2\/pages\/1239\/revisions"}],"up":[{"embeddable":true,"href":"https:\/\/itechwords.com\/es\/wp-json\/wp\/v2\/pages\/1231"}],"wp:featuredmedia":[{"embeddable":true,"href":"https:\/\/itechwords.com\/es\/wp-json\/wp\/v2\/media\/560"}],"wp:attachment":[{"href":"https:\/\/itechwords.com\/es\/wp-json\/wp\/v2\/media?parent=1239"}],"wp:term":[{"taxonomy":"post_tag","embeddable":true,"href":"https:\/\/itechwords.com\/es\/wp-json\/wp\/v2\/tags?post=1239"}],"curies":[{"name":"wp","href":"https:\/\/api.w.org\/{rel}","templated":true}]}}