{"id":1245,"date":"2020-09-04T00:56:54","date_gmt":"2020-09-04T00:56:54","guid":{"rendered":"https:\/\/itechwords.com\/?page_id=1245"},"modified":"2020-09-04T00:56:54","modified_gmt":"2020-09-04T00:56:54","slug":"influenza-r","status":"publish","type":"page","link":"https:\/\/itechwords.com\/es\/acerca\/clientes\/influenza-r\/","title":{"rendered":"Influenza r"},"content":{"rendered":"<blockquote><p>Influenza r conf\u00eda todas las necesidades de traducci\u00f3n y subtitulado a <strong>itechwords<\/strong>. Tenemos absoluta seguridad en su agilidad y profesionalidad. Son nuestros aliados desde hace 2 a\u00f1os y lo ser\u00e1n durante muchos m\u00e1s.<\/p><\/blockquote>\n<p><strong>Jorge R.<\/strong><br \/>\nInfluenza r<\/p>\n","protected":false},"excerpt":{"rendered":"<p>Influenza r conf\u00eda todas las necesidades de traducci\u00f3n y subtitulado a itechwords. Tenemos absoluta seguridad en su agilidad y profesionalidad. Son nuestros aliados desde hace 2 a\u00f1os y lo ser\u00e1n durante muchos m\u00e1s. Jorge R. Influenza r<\/p>\n","protected":false},"author":1,"featured_media":570,"parent":1231,"menu_order":5,"comment_status":"closed","ping_status":"closed","template":"","meta":[],"tags":[69,65,74],"_links":{"self":[{"href":"https:\/\/itechwords.com\/es\/wp-json\/wp\/v2\/pages\/1245"}],"collection":[{"href":"https:\/\/itechwords.com\/es\/wp-json\/wp\/v2\/pages"}],"about":[{"href":"https:\/\/itechwords.com\/es\/wp-json\/wp\/v2\/types\/page"}],"author":[{"embeddable":true,"href":"https:\/\/itechwords.com\/es\/wp-json\/wp\/v2\/users\/1"}],"replies":[{"embeddable":true,"href":"https:\/\/itechwords.com\/es\/wp-json\/wp\/v2\/comments?post=1245"}],"version-history":[{"count":0,"href":"https:\/\/itechwords.com\/es\/wp-json\/wp\/v2\/pages\/1245\/revisions"}],"up":[{"embeddable":true,"href":"https:\/\/itechwords.com\/es\/wp-json\/wp\/v2\/pages\/1231"}],"wp:featuredmedia":[{"embeddable":true,"href":"https:\/\/itechwords.com\/es\/wp-json\/wp\/v2\/media\/570"}],"wp:attachment":[{"href":"https:\/\/itechwords.com\/es\/wp-json\/wp\/v2\/media?parent=1245"}],"wp:term":[{"taxonomy":"post_tag","embeddable":true,"href":"https:\/\/itechwords.com\/es\/wp-json\/wp\/v2\/tags?post=1245"}],"curies":[{"name":"wp","href":"https:\/\/api.w.org\/{rel}","templated":true}]}}