{"id":1248,"date":"2020-09-04T00:57:33","date_gmt":"2020-09-04T00:57:33","guid":{"rendered":"https:\/\/itechwords.com\/?page_id=1248"},"modified":"2020-09-23T00:08:40","modified_gmt":"2020-09-23T00:08:40","slug":"island-nation","status":"publish","type":"page","link":"https:\/\/itechwords.com\/es\/acerca\/clientes\/island-nation\/","title":{"rendered":"Island Nation"},"content":{"rendered":"<blockquote><p>Es un placer trabajar con <strong>itechwords<\/strong>, son r\u00e1pidos, precisos y es f\u00e1cil comunicarse con ellos. No podr\u00eda tener un proveedor de localizaci\u00f3n mejor.<\/p><\/blockquote>\n<p><strong>Thomas H.<br \/>\n<\/strong>Island Nation<strong><br \/>\n<\/strong><\/p>\n","protected":false},"excerpt":{"rendered":"<p>Es un placer trabajar con itechwords, son r\u00e1pidos, precisos y es f\u00e1cil comunicarse con ellos. No podr\u00eda tener un proveedor de localizaci\u00f3n mejor. Thomas H. Island Nation<\/p>\n","protected":false},"author":1,"featured_media":564,"parent":1231,"menu_order":6,"comment_status":"closed","ping_status":"closed","template":"","meta":[],"tags":[67,73],"_links":{"self":[{"href":"https:\/\/itechwords.com\/es\/wp-json\/wp\/v2\/pages\/1248"}],"collection":[{"href":"https:\/\/itechwords.com\/es\/wp-json\/wp\/v2\/pages"}],"about":[{"href":"https:\/\/itechwords.com\/es\/wp-json\/wp\/v2\/types\/page"}],"author":[{"embeddable":true,"href":"https:\/\/itechwords.com\/es\/wp-json\/wp\/v2\/users\/1"}],"replies":[{"embeddable":true,"href":"https:\/\/itechwords.com\/es\/wp-json\/wp\/v2\/comments?post=1248"}],"version-history":[{"count":0,"href":"https:\/\/itechwords.com\/es\/wp-json\/wp\/v2\/pages\/1248\/revisions"}],"up":[{"embeddable":true,"href":"https:\/\/itechwords.com\/es\/wp-json\/wp\/v2\/pages\/1231"}],"wp:featuredmedia":[{"embeddable":true,"href":"https:\/\/itechwords.com\/es\/wp-json\/wp\/v2\/media\/564"}],"wp:attachment":[{"href":"https:\/\/itechwords.com\/es\/wp-json\/wp\/v2\/media?parent=1248"}],"wp:term":[{"taxonomy":"post_tag","embeddable":true,"href":"https:\/\/itechwords.com\/es\/wp-json\/wp\/v2\/tags?post=1248"}],"curies":[{"name":"wp","href":"https:\/\/api.w.org\/{rel}","templated":true}]}}