{"id":1272,"date":"2020-09-04T03:32:21","date_gmt":"2020-09-04T03:32:21","guid":{"rendered":"https:\/\/itechwords.com\/?page_id=1272"},"modified":"2020-09-04T03:44:37","modified_gmt":"2020-09-04T03:44:37","slug":"blog","status":"publish","type":"page","link":"https:\/\/itechwords.com\/es\/blog\/","title":{"rendered":"Blog itechwords"},"content":{"rendered":"<p>Bienvenidos al blog de <em><strong>itechwords<\/strong><\/em>, donde publicamos peri\u00f3dicamente art\u00edculos relacionados con nuestra actividad, nuestros clientes, nuestros intereses y, en general, el \u00e1mbito de la <a href=\"https:\/\/itechwords.com\/es\/servicios\/traduccion\/\">traducci\u00f3n<\/a>, <a href=\"https:\/\/itechwords.com\/es\/servicios\/interpretacion\/\">interpretaci\u00f3n<\/a>, <a href=\"https:\/\/itechwords.com\/es\/servicios\/revision\/\">revisi\u00f3n<\/a>, <a href=\"https:\/\/itechwords.com\/es\/servicios\/subtitulado\/\">subtitulado<\/a>, <a href=\"https:\/\/itechwords.com\/es\/servicios\/localizacion\/\">localizaci\u00f3n<\/a> y restantes servicios prestados.<\/p>\n","protected":false},"excerpt":{"rendered":"<p>Bienvenidos al blog de itechwords, donde publicamos peri\u00f3dicamente art\u00edculos relacionados con nuestra actividad, nuestros clientes, nuestros intereses y, en general, el \u00e1mbito de la traducci\u00f3n, interpretaci\u00f3n, revisi\u00f3n, subtitulado, localizaci\u00f3n y restantes servicios prestados.<\/p>\n","protected":false},"author":1,"featured_media":0,"parent":0,"menu_order":4,"comment_status":"closed","ping_status":"open","template":"page-templates\/blog.php","meta":[],"tags":[],"_links":{"self":[{"href":"https:\/\/itechwords.com\/es\/wp-json\/wp\/v2\/pages\/1272"}],"collection":[{"href":"https:\/\/itechwords.com\/es\/wp-json\/wp\/v2\/pages"}],"about":[{"href":"https:\/\/itechwords.com\/es\/wp-json\/wp\/v2\/types\/page"}],"author":[{"embeddable":true,"href":"https:\/\/itechwords.com\/es\/wp-json\/wp\/v2\/users\/1"}],"replies":[{"embeddable":true,"href":"https:\/\/itechwords.com\/es\/wp-json\/wp\/v2\/comments?post=1272"}],"version-history":[{"count":0,"href":"https:\/\/itechwords.com\/es\/wp-json\/wp\/v2\/pages\/1272\/revisions"}],"wp:attachment":[{"href":"https:\/\/itechwords.com\/es\/wp-json\/wp\/v2\/media?parent=1272"}],"wp:term":[{"taxonomy":"post_tag","embeddable":true,"href":"https:\/\/itechwords.com\/es\/wp-json\/wp\/v2\/tags?post=1272"}],"curies":[{"name":"wp","href":"https:\/\/api.w.org\/{rel}","templated":true}]}}