{"id":1285,"date":"2020-09-04T05:08:54","date_gmt":"2020-09-04T05:08:54","guid":{"rendered":"https:\/\/itechwords.com\/?page_id=1285"},"modified":"2020-09-04T05:20:11","modified_gmt":"2020-09-04T05:20:11","slug":"solicitar-presupuesto","status":"publish","type":"page","link":"https:\/\/itechwords.com\/es\/contacto\/solicitar-presupuesto\/","title":{"rendered":"Solicitar presupuesto"},"content":{"rendered":"<p>Rellene nuestro formulario de presupuestos y le indicaremos el mejor precio y plazo de realizaci\u00f3n para el servicio que nos solicita.<\/p>\n<p>Si no recibe una respuesta dentro de 60 minutos, agradecemos que se ponga en contacto con nosotros por tel\u00e9fono.<\/p>\n<h4><em>Ayuda:<\/em><\/h4>\n<ul>\n<li>Para elegir m\u00e1s de 1 opci\u00f3n en los campos \u00abServicios\u00bb, \u00abIdiomas\u00bb y \u00abFormatos\u00bb, utilice las teclas Ctrl+clic (Windows) o teclas Cmd+clic (MacOS).<\/li>\n<li>Si quiere enviarnos archivos que superan los 5 MB, le rogamos que utilice nuestra p\u00e1gina \u00ab<a href=\"https:\/\/itechwords.com\/es\/contacto\/enviar-archivo\/\">Enviar Archivo<\/a>\u00bb.<\/li>\n<li>* &#8211; Campos obligatorios.<\/li>\n<\/ul>\n<hr \/>\n<blockquote><p>En <strong>itechwords<\/strong> encontramos un equipo de profesionales dedicados, muy competentes y flexibles, lo que nos ha permitido establecer una relaci\u00f3n de colaboraci\u00f3n s\u00f3lida y duradera. El empe\u00f1o y la dedicaci\u00f3n demostrados en cada proyecto, as\u00ed como la perfecta adaptaci\u00f3n a nuestro producto y la forma de presentarlo en el mercado, nos convierten en uno de los socios preferenciales de BMW Motorrad Portugal.<\/p><\/blockquote>\n<p><strong>Carlos M.<\/strong><br \/>\nBMW Motorrad Portugal<\/p>\n<blockquote><p><strong>Itechwords<\/strong>\u00a0ha sido un aliado desde el inicio de nuestra actividad. Siempre est\u00e1n disponibles para responder a cualquier petici\u00f3n, desde la gesti\u00f3n de las redes sociales a la traducci\u00f3n de comunicaciones internas e internacionales. Y lo mejor de todo, traducciones t\u00e9cnicas al mejor nivel y con una calidad que no se encuentra f\u00e1cilmente. Esp\u00edritu joven, r\u00e1pidos acorde a las necesidades y con un trato muy cercano.<\/p><\/blockquote>\n<p><strong>Vitor P.<br \/>\n<\/strong>Citro Boxer Garage<\/p>\n<blockquote><p>Influenza r conf\u00eda todas las necesidades de traducci\u00f3n y subtitulado a\u00a0<strong>itechwords<\/strong>. Tenemos absoluta seguridad en su agilidad y profesionalidad. Son nuestros aliados desde hace 2 a\u00f1os y lo ser\u00e1n durante muchos m\u00e1s.<\/p><\/blockquote>\n<p><strong>Jorge R.<\/strong><br \/>\nInfluenza r<\/p>\n<blockquote><p>Es un placer trabajar con\u00a0<strong>iTechWords<\/strong>, son r\u00e1pidos, precisos y es f\u00e1cil comunicarse con ellos. No podr\u00eda tener un proveedor de localizaci\u00f3n mejor.<\/p><\/blockquote>\n<p><strong>Thomas H.<br \/>\n<\/strong>Island Nation<strong><br \/>\n<\/strong><\/p>\n<blockquote><p>La colaboraci\u00f3n de\u00a0<strong>itechwords<\/strong>\u00a0con el Lisbon Motorcycle Film Fest fue sin lugar a dudas muy beneficiosa. Si en la primera edici\u00f3n de LxMFF no conseguimos presentar todas las pel\u00edculas traducidas y subtituladas, este error fue subsanado en la segunda edici\u00f3n, a\u00f1adiendo valor y calidad a nuestro evento. Hay que destacar que el lenguaje original de las m\u00e1s de 20 pel\u00edculas subtituladas por\u00a0<strong>itechwords<\/strong>\u00a0era bastante t\u00e9cnico y que el mundo de las motos tiene un l\u00e9xico propio que\u00a0<strong>itechwords<\/strong>\u00a0domin\u00f3 a la perfecci\u00f3n. Esta sinergia con\u00a0<strong>itechwords<\/strong>\u00a0es sin duda alguna un valor a\u00f1adido que esperamos contin\u00fae durante los pr\u00f3ximos a\u00f1os del Lisbon Motorcycle Film Fest.<\/p><\/blockquote>\n<p><strong>Organiza\u00e7\u00e3o do Lisbon Motorcycle Film Fest<\/strong><\/p>\n","protected":false},"excerpt":{"rendered":"<p>Rellene nuestro formulario de presupuestos y le indicaremos el mejor precio y plazo de realizaci\u00f3n para el servicio que nos solicita. Si no recibe una respuesta dentro de 60 minutos, agradecemos que se ponga en contacto con nosotros por tel\u00e9fono. Ayuda: Para elegir m\u00e1s de 1 opci\u00f3n en los campos \u00abServicios\u00bb, \u00abIdiomas\u00bb y \u00abFormatos\u00bb, utilice [&hellip;]<\/p>\n","protected":false},"author":1,"featured_media":0,"parent":1276,"menu_order":0,"comment_status":"closed","ping_status":"closed","template":"","meta":[],"tags":[],"_links":{"self":[{"href":"https:\/\/itechwords.com\/es\/wp-json\/wp\/v2\/pages\/1285"}],"collection":[{"href":"https:\/\/itechwords.com\/es\/wp-json\/wp\/v2\/pages"}],"about":[{"href":"https:\/\/itechwords.com\/es\/wp-json\/wp\/v2\/types\/page"}],"author":[{"embeddable":true,"href":"https:\/\/itechwords.com\/es\/wp-json\/wp\/v2\/users\/1"}],"replies":[{"embeddable":true,"href":"https:\/\/itechwords.com\/es\/wp-json\/wp\/v2\/comments?post=1285"}],"version-history":[{"count":0,"href":"https:\/\/itechwords.com\/es\/wp-json\/wp\/v2\/pages\/1285\/revisions"}],"up":[{"embeddable":true,"href":"https:\/\/itechwords.com\/es\/wp-json\/wp\/v2\/pages\/1276"}],"wp:attachment":[{"href":"https:\/\/itechwords.com\/es\/wp-json\/wp\/v2\/media?parent=1285"}],"wp:term":[{"taxonomy":"post_tag","embeddable":true,"href":"https:\/\/itechwords.com\/es\/wp-json\/wp\/v2\/tags?post=1285"}],"curies":[{"name":"wp","href":"https:\/\/api.w.org\/{rel}","templated":true}]}}