{"id":1300,"date":"2020-09-04T06:23:46","date_gmt":"2020-09-04T06:23:46","guid":{"rendered":"https:\/\/itechwords.com\/?page_id=1300"},"modified":"2020-09-22T13:35:45","modified_gmt":"2020-09-22T13:35:45","slug":"politica-de-privacidad","status":"publish","type":"page","link":"https:\/\/itechwords.com\/es\/politica-de-privacidad\/","title":{"rendered":"Pol\u00edtica de Privacidad"},"content":{"rendered":"<p>La protecci\u00f3n de datos es una prioridad m\u00e1xima para iTechWords &#8211; Unipessoal, Lda., en lo sucesivo \u00ab<em><strong>itechwords<\/strong><\/em>\u00bb. El uso de las p\u00e1ginas web de <em><strong>itechwords<\/strong><\/em> no requiere transmisi\u00f3n alguna de datos personales. Sin embargo, cuando un titular de datos pretende utilizar servicios especiales prestados por la empresa a trav\u00e9s de nuestro sitio, podr\u00eda ser necesario proceder al tratamiento de los datos personales. En general, si fuese necesario proceder al tratamiento de datos personales sin fundamento legal alguno, solicitamos el consentimiento del titular de los datos.<\/p>\n<p>El tratamiento de datos personales, como nombre, direcci\u00f3n, direcci\u00f3n de correo electr\u00f3nico o n\u00famero de tel\u00e9fono de un titular de datos, siempre se realizar\u00e1 de acuerdo con lo dispuesto en el Reglamento General de Protecci\u00f3n de Datos (RGPD) y de conformidad con la reglamentaci\u00f3n nacional en materia de protecci\u00f3n de datos aplicable a <em><strong>itechwords.<\/strong><\/em> A trav\u00e9s de la presente declaraci\u00f3n de protecci\u00f3n de datos, nuestra empresa informa al p\u00fablico en general de la naturaleza, del \u00e1mbito y de la finalidad de los datos personales que recogemos, utilizamos y tratamos. Adem\u00e1s, se informa a los titulares de los datos, a trav\u00e9s de la presente declaraci\u00f3n de protecci\u00f3n de datos, sobre los derechos que les asisten.<\/p>\n<p>En calidad de responsable del tratamiento, <strong>itechwords<\/strong> ha aplicado varias medidas t\u00e9cnicas y organizativas a fin de garantizar la protecci\u00f3n m\u00e1s completa de los datos personales tratados a trav\u00e9s de este sitio. No obstante, las transmisiones de datos basadas en Internet pueden, en principio, estar sujetas a fallos de seguridad, por lo que no podremos asegurar la protecci\u00f3n total. Por este motivo, el titular de los datos es libre de transmitirnos los datos personales a trav\u00e9s de otros medios como, por ejemplo, por tel\u00e9fono.<\/p>\n<h2>1. Definiciones<\/h2>\n<p>La declaraci\u00f3n de protecci\u00f3n de datos de <strong>itechwords<\/strong> se basa en los t\u00e9rminos utilizados por el legislador europeo para adoptar el Reglamento General de Protecci\u00f3n de Datos (RGPD).<\/p>\n<h2>2. Nombre y direcci\u00f3n del responsable del tratamiento<\/h2>\n<p>A efectos del RGPD, de otras leyes de protecci\u00f3n de datos en los Estados miembros de la Uni\u00f3n Europea y de otras disposiciones relativas a la protecci\u00f3n de datos, el responsable del tratamiento es <strong>itechwords<\/strong>, a la que podr\u00e1 contactar a trav\u00e9s del correo electr\u00f3nico <a href=\"mailto:privacy@itechwords.pt\">privacy@itechwords.pt<\/a> o en la direcci\u00f3n Rua Fernando Maur\u00edcio, 25, 8.\u00baB, 1950-447 Lisboa<\/p>\n<h2>3. Cookies<\/h2>\n<p>Las p\u00e1ginas web de <strong>itechwords<\/strong> utilizan cookies. Las cookies son archivos de texto que se guardan en su ordenador a trav\u00e9s de un navegador.<\/p>\n<p>El uso de cookies permite a <strong>itechwords<\/strong> ofrecer a los usuarios de este sitio servicios m\u00e1s intuitivos que no ser\u00edan posibles sin la configuraci\u00f3n de cookies.<\/p>\n<p>El titular de los datos puede, en cualquier momento, impedir que nuestro sitio utilice cookies desactivando la respectiva configuraci\u00f3n en su navegador y, de esa manera, oponerse de forma permanente a la configuraci\u00f3n de cookies. Las cookies ya creadas tambi\u00e9n pueden eliminarse en cualquier momento a trav\u00e9s del navegador o de otros programas de software. Si el titular de datos desactiva la configuraci\u00f3n de cookies en el navegador utilizado, es posible que algunas de las funciones de nuestro sitio no est\u00e9n totalmente disponibles.<\/p>\n<h2>4. Recogida de datos e informaci\u00f3n de car\u00e1cter general<\/h2>\n<p>Cuando un titular de datos o sistema automatizado navega por el sitio, el sitio de <strong>itechwords<\/strong> recoge una serie de datos e informaci\u00f3n de car\u00e1cter general como: los tipos de navegador y las versiones utilizadas; el sistema operativo utilizado por el sistema de acceso; el sitio a partir del cual un sistema de acceso llega a nuestro sitio (los llamadores referenciadores), los subsitios, la fecha y la hora de acceso al sitio web; una direcci\u00f3n de protocolo de Internet; el proveedor de acceso a Internet del sistema de acceso y cualquier otro dato e informaci\u00f3n que pueda utilizarse en caso de ataques a nuestros sistemas inform\u00e1ticos. Estos datos e informaci\u00f3n de car\u00e1cter general se guardan en los archivos de registro del servidor.<\/p>\n<p>Al utilizar estos datos e informaci\u00f3n general, <strong>itechwords<\/strong> no obtiene informaci\u00f3n concreta sobre el titular de los datos. Al contrario, esta informaci\u00f3n es necesaria para: presentar el contenido del sitio correctamente; optimizar el contenido del sitio, as\u00ed como la publicidad dirigida presentada; garantizar la viabilidad a largo plazo de nuestros sistemas inform\u00e1ticos y tecnol\u00f3gicos del sitio y ofrecer la informaci\u00f3n necesaria a las autoridades competentes en el marco de un procedimiento penal derivado de un ataque cibern\u00e9tico. Los datos an\u00f3nimos de los archivos de registro del servidor se guardan separados de todos los datos personales facilitados por el titular de los datos.<\/p>\n<h2>5. Registro en nuestro sitio<\/h2>\n<p>El titular de los datos tiene la posibilidad de registrarse en el sitio de <strong>itechwords<\/strong>, siempre que facilite sus datos personales. Los datos personales transmitidos a <strong>itechwords<\/strong> se indican en el formulario utilizado para el registro del titular de datos, los cuales se recogen y almacenan exclusivamente para uso interno por <strong>itechwords<\/strong> y para sus propios fines. <strong>Itechwords<\/strong> puede solicitar la transmisi\u00f3n a uno o m\u00e1s encargados (por ejemplo, un servicio de pedidos) que utilice tambi\u00e9n datos personales para fines internos que sean atribuibles a <strong>itechwords<\/strong>.<\/p>\n<p>Al registrarse en el sitio de <strong>itechwords<\/strong>, se guardar\u00e1n la direcci\u00f3n IP \u2013 atribuida por el proveedor de servicio de Internet (IPS) y utilizada por el titular de los datos \u2013 as\u00ed como la fecha y la hora de registro. La conservaci\u00f3n de los citados datos se realiza considerando que esta es la \u00fanica forma de evitar el uso indebido de nuestros servicios y, si es necesario, para posibilitar la investigaci\u00f3n de delitos cometidos. De esta manera, la conservaci\u00f3n de estos datos es necesaria para proteger a <strong>itechwords<\/strong>. Los datos no se transmiten a terceros, excepto cuando existe una obligaci\u00f3n legal que determine su transmisi\u00f3n, o cuando la transferencia se realiza en el marco de un proceso penal.<\/p>\n<p>El registro del titular de datos, con la indicaci\u00f3n voluntaria de datos personales, se destina a permitir a <strong>itechwords<\/strong> la oferta al titular de datos de contenidos o servicios que solo puedan ofrecerse a usuarios registrados debido a la naturaleza del asunto en cuesti\u00f3n. Las personas registradas tienen libertad para modificar, en cualquier momento, los datos personales transmitidos durante el registro o para solicitar que se borren totalmente de la base de datos de <strong>itechwords<\/strong>.<\/p>\n<p>A petici\u00f3n, <strong>itechwords<\/strong> deber\u00e1, en cualquier momento, facilitar informaci\u00f3n sobre los datos personales de los titulares de datos que se encuentran almacenados. Adem\u00e1s, <strong>itechwords<\/strong> proceder\u00e1 a la correcci\u00f3n o eliminaci\u00f3n de datos personales, a petici\u00f3n o por indicaci\u00f3n del titular de los datos, siempre que no existan obligaciones legales para la conservaci\u00f3n.<\/p>\n<h2>6. Posibilidad de contacto a trav\u00e9s del sitio<\/h2>\n<p>Si un titular de datos contacta a <strong>itechwords<\/strong> por correo electr\u00f3nico, servicio de chat o formulario de contacto, los datos personales transmitidos por el titular de datos se guardar\u00e1n autom\u00e1ticamente. Los mencionados datos personales transmitidos voluntariamente por un titular de datos a <strong>itechwords<\/strong> se guardar\u00e1n con vistas al tratamiento o al contacto del titular de los datos. Estos datos personales no ser\u00e1n transferidos a terceros.<\/p>\n<h2>7. Eliminaci\u00f3n y bloqueo rutinario de datos personales<\/h2>\n<p><strong>Itechwords<\/strong> procesar\u00e1 y tratar\u00e1 los datos personales del titular de datos solo durante el periodo necesario para conseguir el objetivo de conservaci\u00f3n o, en la medida en que se lo permita el legislador europeo u otros legisladores mediante leyes o reglamentos a los cuales <strong>itechwords<\/strong> est\u00e1 sujeta.<\/p>\n<p>Si el objetivo de conservaci\u00f3n no es aplicable, o si vence un plazo de conservaci\u00f3n establecido por el legislador europeo o por otro legislador competente, los datos ser\u00e1n bloqueados o eliminados sistem\u00e1ticamente de acuerdo con los requisitos legales.<\/p>\n<h2>8. Derechos del titular de los datos<\/h2>\n<p>Un titular de datos podr\u00e1 contactar, en cualquier momento, a <strong>itechwords<\/strong> tal como se describe en el punto 2, si desea ejercer los derechos descritos a continuaci\u00f3n: derecho de confirmaci\u00f3n; derecho de acceso; derecho de rectificaci\u00f3n; derecho a la eliminaci\u00f3n de los datos (derecho a ser olvidado); derecho a la limitaci\u00f3n del tratamiento; derecho a la portabilidad de los datos; derecho de oposici\u00f3n; derecho a retirar su consentimiento de protecci\u00f3n de datos.<\/p>\n<h2>9.\u00a0Protecci\u00f3n de datos para candidaturas y procesos de candidatura<\/h2>\n<p><strong>Itechwords<\/strong> proceder\u00e1 a la recogida y al tratamiento de los datos personales de los candidatos a efectos de tratamiento del proceso de candidatura. El tratamiento tambi\u00e9n podr\u00e1 realizarse por v\u00eda electr\u00f3nica. Esto sucede, principalmente, cuando un candidato env\u00eda la respectiva documentaci\u00f3n de candidatura por correo electr\u00f3nico o a trav\u00e9s de un formulario web en el sitio de <strong>itechwords<\/strong>. Si <strong>itechwords<\/strong> celebra un acuerdo de servicios con un candidato, los datos enviados se conservar\u00e1n a efectos de tratamiento del acuerdo de servicios de conformidad con los requisitos legales. Si <strong>itechwords<\/strong> no celebra ning\u00fan acuerdo de servicios con el candidato, los documentos enviados en el marco de la candidatura se eliminar\u00e1n autom\u00e1ticamente dos meses despu\u00e9s de la notificaci\u00f3n de la decisi\u00f3n de negativa, siempre que no existan intereses leg\u00edtimos de <strong>itechwords<\/strong> de datos que se opongan a la eliminaci\u00f3n. Podr\u00eda ser inter\u00e9s leg\u00edtimo en este caso, entre otros, una carga de la prueba en un procedimiento en virtud de la Ley General relativa a la Igualdad de Tratamiento (AGG).<\/p>\n<h2>10. Fundamento jur\u00eddico del tratamiento.<\/h2>\n<p>El art\u00edculo 6.1, apartado a) del RGPD sirve como base jur\u00eddica a nuestra empresa para los procesos de tratamiento en los cuales obtenemos un consentimiento para una finalidad de tratamiento espec\u00edfica. Si el tratamiento de datos personales es necesario para cumplir un contrato, cuya parte contratante es el titular de los datos, tal como es el caso, por ejemplo, en los procesos de tratamiento que son necesarios para una entrega de bienes o para la prestaci\u00f3n de otros servicios, el tratamiento se basa en el art\u00edculo 6.1, apartado b), del RGPD. Lo mismo se aplica a estos procesos de tratamiento que son necesarios para la realizaci\u00f3n de medidas precontractuales, por ejemplo, en los casos de consultas sobre nuestros productos o servicios. Si nuestra empresa est\u00e1 sujeta a una obligaci\u00f3n jur\u00eddica a trav\u00e9s de la cual es necesario un tratamiento de datos personales como, por ejemplo, para cumplir obligaciones fiscales, el tratamiento se basa en el art\u00edculo 6.1, apartado c), del RGPD. En casos poco habituales, el tratamiento de datos personales podr\u00e1 ser necesario para proteger intereses vitales del titular de datos o de otra persona f\u00edsica. Este ser\u00eda el caso por ejemplo, si un visitante sufriese da\u00f1os en nuestra empresa y tuvi\u00e9semos que transmitir su nombre, edad, sus datos de seguro de salud u otra informaci\u00f3n vital a un m\u00e9dico, hospital u otros terceros. El tratamiento se basar\u00eda entonces en el art\u00edculo 6.1, apartado d), del RGPD. Por \u00faltimo, los procesos de tratamiento podr\u00edan basarse en el art\u00edculo 6.1, apartado f), del RGPD. Los procesos de tratamiento, que no est\u00e1n cubiertos por cualquiera de los fundamentos jur\u00eddicos anteriormente mencionados, se basan en este fundamento jur\u00eddico si el tratamiento es necesario para proteger un inter\u00e9s leg\u00edtimo de nuestra empresa o de un tercero, siempre que los intereses, derechos fundamentales y libertades fundamentales del titular de los datos no se superpongan a estos. Estos procesos de tratamiento se permiten especialmente, puesto que han sido mencionados espec\u00edficamente por el legislador europeo. A este respecto, este ha considerado que podr\u00eda asumirse un inter\u00e9s leg\u00edtimo si el titular de datos fuese un cliente de <strong>itechwords<\/strong>.<\/p>\n<h2>11. Intereses leg\u00edtimos en el tratamiento perseguidos por el responsable o por un tercero<\/h2>\n<p>Si el tratamiento de datos personales se basa en el art\u00edculo 6.1, apartado f), del RGPD, nuestro inter\u00e9s leg\u00edtimo consiste en el desempe\u00f1o de nuestra actividad empresarial a favor del bienestar de todos nuestros colaboradores y del propietario de la empresa.<\/p>\n<h2>12. Periodo durante el cual se guardar\u00e1n los datos personales<\/h2>\n<p>El criterio para el periodo de conservaci\u00f3n de los datos personales corresponde al respectivo periodo de conservaci\u00f3n legal. Una vez vencido el periodo, los respectivos datos se eliminan de forma rutinaria, siempre que dejen de ser necesarios para cumplir el contrato o para iniciar un contrato.<\/p>\n<h2>13. Requisitos legales o contractuales para la comunicaci\u00f3n de datos personales; requisito para la celebraci\u00f3n de un contrato; obligaci\u00f3n del titular de datos de comunicar los datos personales; posibles consecuencias de la no comunicaci\u00f3n de los mencionados datos<\/h2>\n<p>Aclaramos que la comunicaci\u00f3n de datos personales est\u00e1, en parte, exigida por la ley (por ejemplo, debido a reglamentos fiscales) o tambi\u00e9n puede deberse a las disposiciones contractuales (por ejemplo, informaci\u00f3n sobre la parte contratante). A veces, para celebrar un contrato, podr\u00eda ser necesario que un titular de datos nos comunique datos personales que nosotros debemos tratar posteriormente. Por ejemplo, el titular de datos est\u00e1 obligado a comunicarnos datos personales cuando nuestra empresa celebra un contrato con dicho titular. El hecho de no comunicar los datos resultar\u00eda en una imposibilidad de celebrar el contrato con el titular de datos. Antes de una comunicaci\u00f3n de los datos personales por parte del titular de datos, el titular de datos deber\u00e1 ponerse en contacto con nuestro responsable de protecci\u00f3n de datos. Nuestro responsable de protecci\u00f3n de datos prestar\u00e1 aclaraciones al titular de datos, caso por caso, sobre si la comunicaci\u00f3n de los datos personales est\u00e1 exigida legal o contractualmente o si es necesaria para la celebraci\u00f3n del contrato, si existe una obligaci\u00f3n de comunicar los datos personales y qu\u00e9 consecuencias tendr\u00eda la no comunicaci\u00f3n de los datos personales.<\/p>\n<h2>14. Existencia de un proceso de decisi\u00f3n automatizado<\/h2>\n<p>Somos una empresa responsable, por lo que no utilizamos un proceso de decisi\u00f3n autom\u00e1tico ni una definici\u00f3n de perfiles.<\/p>\n","protected":false},"excerpt":{"rendered":"<p>La protecci\u00f3n de datos es una prioridad m\u00e1xima para iTechWords &#8211; Unipessoal, Lda., en lo sucesivo \u00abitechwords\u00bb. El uso de las p\u00e1ginas web de itechwords no requiere transmisi\u00f3n alguna de datos personales. Sin embargo, cuando un titular de datos pretende utilizar servicios especiales prestados por la empresa a trav\u00e9s de nuestro sitio, podr\u00eda ser necesario [&hellip;]<\/p>\n","protected":false},"author":1,"featured_media":0,"parent":0,"menu_order":6,"comment_status":"closed","ping_status":"open","template":"","meta":[],"tags":[],"_links":{"self":[{"href":"https:\/\/itechwords.com\/es\/wp-json\/wp\/v2\/pages\/1300"}],"collection":[{"href":"https:\/\/itechwords.com\/es\/wp-json\/wp\/v2\/pages"}],"about":[{"href":"https:\/\/itechwords.com\/es\/wp-json\/wp\/v2\/types\/page"}],"author":[{"embeddable":true,"href":"https:\/\/itechwords.com\/es\/wp-json\/wp\/v2\/users\/1"}],"replies":[{"embeddable":true,"href":"https:\/\/itechwords.com\/es\/wp-json\/wp\/v2\/comments?post=1300"}],"version-history":[{"count":0,"href":"https:\/\/itechwords.com\/es\/wp-json\/wp\/v2\/pages\/1300\/revisions"}],"wp:attachment":[{"href":"https:\/\/itechwords.com\/es\/wp-json\/wp\/v2\/media?parent=1300"}],"wp:term":[{"taxonomy":"post_tag","embeddable":true,"href":"https:\/\/itechwords.com\/es\/wp-json\/wp\/v2\/tags?post=1300"}],"curies":[{"name":"wp","href":"https:\/\/api.w.org\/{rel}","templated":true}]}}